{"id":2924,"date":"2025-04-17T02:55:33","date_gmt":"2025-04-17T02:55:33","guid":{"rendered":"https:\/\/newseditorial.es\/?page_id=2924"},"modified":"2025-04-17T07:32:49","modified_gmt":"2025-04-17T07:32:49","slug":"inicio","status":"publish","type":"page","link":"https:\/\/newseditorial.es\/es\/inicio\/","title":{"rendered":"Inicio"},"content":{"rendered":"<div class=\"wp-block-uagb-container uagb-block-fa303262 alignfull uagb-is-root-container\"><div class=\"uagb-container-inner-blocks-wrap\">\n<div class=\"wp-block-uagb-info-box uagb-block-0bca2e31 uagb-infobox__content-wrap  uagb-infobox-icon-above-title uagb-infobox-image-valign-top\"><div class=\"uagb-ifb-content\"><div class=\"uagb-ifb-title-wrap\"><h1 class=\"uagb-ifb-title\"><br><strong><strong>Historias que impactan, autores que inspiran<\/strong><\/strong><\/h1><\/div><p class=\"uagb-ifb-desc\"><br>En <strong>NEWS EDITORIAL<\/strong>, creemos que cada autor merece mucho m\u00e1s que una publicaci\u00f3n: merece una experiencia editorial completa, personalizada y transformadora. Nuestro compromiso va m\u00e1s all\u00e1 de poner un libro en el mercado; trabajamos codo a codo con cada escritor para dar forma a su visi\u00f3n, cuidando cada detalle con la m\u00e1xima dedicaci\u00f3n.<\/p><\/div><\/div>\n<\/div><\/div>\n\n\n\n<div data-aos= \"fade-up\" data-aos-duration=\"1550\" data-aos-delay=\"0\" data-aos-easing=\"ease\" data-aos-once=\"true\" class=\"wp-block-uagb-container uagb-block-a4795187 alignfull uagb-is-root-container\"><div class=\"uagb-container-inner-blocks-wrap\"><\/div><\/div>\n\n\n\n<div class=\"wp-block-uagb-container uagb-block-f0d8dae7 alignfull uagb-is-root-container\"><div class=\"uagb-container-inner-blocks-wrap\">\n<div class=\"wp-block-uagb-container uagb-block-39f2abd6\">\n<div class=\"wp-block-uagb-container uagb-block-86be4c12\">\n<div data-aos= \"fade-up\" data-aos-duration=\"1500\" data-aos-delay=\"0\" data-aos-easing=\"ease\" data-aos-once=\"true\" class=\"wp-block-uagb-advanced-heading uagb-block-ad7a575b\"><h2 class=\"uagb-heading-text\">Somos una editorial independiente.<br>Te escuchamos.<br>Te acompa\u00f1amos.<br>Te editamos.<\/h2><\/div>\n<\/div>\n\n\n\n<p>Nacida de la pasi\u00f3n por la literatura y el respeto por la voz de cada autor. Nos distinguimos por ofrecer un servicio cercano, humano y altamente profesional a aquellos escritores que desean ver su obra publicada con calidad, rigor y sensibilidad.<\/p>\n<\/div>\n<\/div><\/div>\n\n\n\n<div class=\"wp-block-uagb-container uagb-block-70f1f417 alignfull uagb-is-root-container\"><div class=\"uagb-container-inner-blocks-wrap\">\n<div class=\"wp-block-uagb-container uagb-block-73a0f5fc\">\n<div class=\"wp-block-uagb-advanced-heading uagb-block-dbd1994b\"><h2 class=\"uagb-heading-text\"><strong><strong>\u00bfPor qu\u00e9 elegirnos?<\/strong><\/strong><\/h2><\/div>\n\n\n\n<div class=\"wp-block-uagb-info-box uagb-block-50ee0b19 uagb-infobox__content-wrap  uagb-infobox-icon-left uagb-infobox-left uagb-infobox-image-valign-top\"><div class=\"uagb-ifb-icon-wrap\"><div class=\"uagb-iconbox-icon-wrap uagb-infobox-shape-circle\"><svg xmlns=\"https:\/\/www.w3.org\/2000\/svg\" viewbox=\"0 0 512 512\"><path d=\"M0 256C0 114.6 114.6 0 256 0C397.4 0 512 114.6 512 256C512 397.4 397.4 512 256 512C114.6 512 0 397.4 0 256zM371.8 211.8C382.7 200.9 382.7 183.1 371.8 172.2C360.9 161.3 343.1 161.3 332.2 172.2L224 280.4L179.8 236.2C168.9 225.3 151.1 225.3 140.2 236.2C129.3 247.1 129.3 264.9 140.2 275.8L204.2 339.8C215.1 350.7 232.9 350.7 243.8 339.8L371.8 211.8z\"><\/path><\/svg><\/div><\/div><div class=\"uagb-ifb-content\"><div class=\"uagb-ifb-title-wrap\"><h3 class=\"uagb-ifb-title\"><strong><strong>Condiciones justas y transparentes<\/strong><\/strong><\/h3><\/div><p class=\"uagb-ifb-desc\">Creemos que el autor debe tener un papel central y activo en la publicaci\u00f3n de su obra. Por eso, ofrecemos condiciones m\u00e1s favorables que las editoriales tradicionales, siempre con contratos claros y sin letra peque\u00f1a.<\/p><\/div><\/div>\n\n\n\n<div class=\"wp-block-uagb-info-box uagb-block-7e50779b uagb-infobox__content-wrap  uagb-infobox-icon-left uagb-infobox-left uagb-infobox-image-valign-top\"><div class=\"uagb-ifb-icon-wrap\"><div class=\"uagb-iconbox-icon-wrap uagb-infobox-shape-circle\"><svg xmlns=\"https:\/\/www.w3.org\/2000\/svg\" viewbox=\"0 0 512 512\"><path d=\"M0 256C0 114.6 114.6 0 256 0C397.4 0 512 114.6 512 256C512 397.4 397.4 512 256 512C114.6 512 0 397.4 0 256zM371.8 211.8C382.7 200.9 382.7 183.1 371.8 172.2C360.9 161.3 343.1 161.3 332.2 172.2L224 280.4L179.8 236.2C168.9 225.3 151.1 225.3 140.2 236.2C129.3 247.1 129.3 264.9 140.2 275.8L204.2 339.8C215.1 350.7 232.9 350.7 243.8 339.8L371.8 211.8z\"><\/path><\/svg><\/div><\/div><div class=\"uagb-ifb-content\"><div class=\"uagb-ifb-title-wrap\"><h3 class=\"uagb-ifb-title\"><strong>Equipo multidisciplinario<\/strong><\/h3><\/div><p class=\"uagb-ifb-desc\">Ponemos a tu disposici\u00f3n un equipo formado por dise\u00f1adores, periodistas, abogados especializados en derechos de autor, traductores, fil\u00f3logos e ilustradores. Cada uno aportar\u00e1 su conocimiento para que tu libro destaque en forma y contenido<\/p><\/div><\/div>\n\n\n\n<div class=\"wp-block-uagb-info-box uagb-block-28338afc uagb-infobox__content-wrap  uagb-infobox-icon-left uagb-infobox-left uagb-infobox-image-valign-top\"><div class=\"uagb-ifb-icon-wrap\"><div class=\"uagb-iconbox-icon-wrap uagb-infobox-shape-circle\"><svg xmlns=\"https:\/\/www.w3.org\/2000\/svg\" viewbox=\"0 0 512 512\"><path d=\"M0 256C0 114.6 114.6 0 256 0C397.4 0 512 114.6 512 256C512 397.4 397.4 512 256 512C114.6 512 0 397.4 0 256zM371.8 211.8C382.7 200.9 382.7 183.1 371.8 172.2C360.9 161.3 343.1 161.3 332.2 172.2L224 280.4L179.8 236.2C168.9 225.3 151.1 225.3 140.2 236.2C129.3 247.1 129.3 264.9 140.2 275.8L204.2 339.8C215.1 350.7 232.9 350.7 243.8 339.8L371.8 211.8z\"><\/path><\/svg><\/div><\/div><div class=\"uagb-ifb-content\"><div class=\"uagb-ifb-title-wrap\"><h3 class=\"uagb-ifb-title\"><strong>Edici\u00f3n cuidada<\/strong><\/h3><\/div><p class=\"uagb-ifb-desc\">Nos ocupamos de cada paso del proceso editorial: correcci\u00f3n ling\u00fc\u00edstica, maquetaci\u00f3n profesional, dise\u00f1o de portada, creaci\u00f3n de una sinopsis atractiva y m\u00e1s.<\/p><\/div><\/div>\n<\/div>\n\n\n\n<div class=\"wp-block-uagb-container uagb-block-baaf0eca\">\n<div class=\"wp-block-uagb-image alignright uagb-block-c8cae68a wp-block-uagb-image--layout-default wp-block-uagb-image--effect-static wp-block-uagb-image--align-right\"><figure class=\"wp-block-uagb-image__figure\"><img decoding=\"async\" srcset=\"https:\/\/newseditorial.es\/wp-content\/uploads\/2025\/04\/ChatGPT-Image-15-abr-2025-16_27_29.png ,https:\/\/newseditorial.es\/wp-content\/uploads\/2025\/04\/ChatGPT-Image-15-abr-2025-16_27_29.png 780w, https:\/\/newseditorial.es\/wp-content\/uploads\/2025\/04\/ChatGPT-Image-15-abr-2025-16_27_29.png 360w\" sizes=\"auto, (max-width: 480px) 150px\" src=\"https:\/\/newseditorial.es\/wp-content\/uploads\/2025\/04\/ChatGPT-Image-15-abr-2025-16_27_29.png\" alt=\"\" class=\"uag-image-2742\" width=\"570\" height=\"480\" title=\"ChatGPT Image 15 abr 2025, 16_27_29\" loading=\"lazy\" role=\"img\"\/><\/figure><\/div>\n<\/div>\n<\/div><\/div>\n\n\n\n<div class=\"wp-block-uagb-container uagb-block-17cc7195 alignfull uagb-is-root-container\"><div class=\"uagb-container-inner-blocks-wrap\">\n<div class=\"wp-block-uagb-info-box uagb-block-844f8cf1 uagb-infobox__content-wrap  uagb-infobox-icon-above-title uagb-infobox-image-valign-top\"><div class=\"uagb-ifb-content\"><div class=\"uagb-ifb-title-wrap\"><h2 class=\"uagb-ifb-title\"><strong>\u00bfQuieres publicar con nosotros?<\/strong><\/h2><\/div><p class=\"uagb-ifb-desc\">Si tienes un proyecto entre manos y est\u00e1s buscando una editorial que valore tu voz y te ofrezca un acompa\u00f1amiento real, ponte en contacto con nosotros. Estaremos encantados de conocer tu propuesta y ayudarte a hacerla realidad.<\/p><div class=\"uagb-ifb-button-wrapper wp-block-button\"><a href=\"\/es\/contactar\/\" class=\"uagb-infobox-cta-link wp-block-button__link\" target=\"_self\" rel=\"noopener noreferrer\" onclick=\"return true;\"><span class=\"uagb-inline-editing\">Contactar<\/span><\/a><\/div><\/div><\/div>\n<\/div><\/div>\n\n\n\n<p><\/p>","protected":false},"excerpt":{"rendered":"<p>Somos una editorial independiente.Te escuchamos.Te acompa\u00f1amos.Te editamos. Nacida de la pasi\u00f3n por la literatura y el respeto por la voz [&hellip;]<\/p>","protected":false},"author":1,"featured_media":0,"parent":0,"menu_order":1,"comment_status":"closed","ping_status":"closed","template":"","meta":{"_uag_custom_page_level_css":"","site-sidebar-layout":"default","site-content-layout":"","ast-site-content-layout":"","site-content-style":"default","site-sidebar-style":"default","ast-global-header-display":"","ast-banner-title-visibility":"","ast-main-header-display":"","ast-hfb-above-header-display":"","ast-hfb-below-header-display":"","ast-hfb-mobile-header-display":"","site-post-title":"disabled","ast-breadcrumbs-content":"","ast-featured-img":"","footer-sml-layout":"","theme-transparent-header-meta":"enabled","adv-header-id-meta":"","stick-header-meta":"","header-above-stick-meta":"","header-main-stick-meta":"","header-below-stick-meta":"","astra-migrate-meta-layouts":"default","ast-page-background-enabled":"default","ast-page-background-meta":{"desktop":{"background-color":"var(--ast-global-color-4)","background-image":"","background-repeat":"repeat","background-position":"center center","background-size":"auto","background-attachment":"scroll","background-type":"","background-media":"","overlay-type":"","overlay-color":"","overlay-opacity":"","overlay-gradient":""},"tablet":{"background-color":"","background-image":"","background-repeat":"repeat","background-position":"center center","background-size":"auto","background-attachment":"scroll","background-type":"","background-media":"","overlay-type":"","overlay-color":"","overlay-opacity":"","overlay-gradient":""},"mobile":{"background-color":"","background-image":"","background-repeat":"repeat","background-position":"center center","background-size":"auto","background-attachment":"scroll","background-type":"","background-media":"","overlay-type":"","overlay-color":"","overlay-opacity":"","overlay-gradient":""}},"ast-content-background-meta":{"desktop":{"background-color":"var(--ast-global-color-5)","background-image":"","background-repeat":"repeat","background-position":"center center","background-size":"auto","background-attachment":"scroll","background-type":"","background-media":"","overlay-type":"","overlay-color":"","overlay-opacity":"","overlay-gradient":""},"tablet":{"background-color":"var(--ast-global-color-5)","background-image":"","background-repeat":"repeat","background-position":"center center","background-size":"auto","background-attachment":"scroll","background-type":"","background-media":"","overlay-type":"","overlay-color":"","overlay-opacity":"","overlay-gradient":""},"mobile":{"background-color":"var(--ast-global-color-5)","background-image":"","background-repeat":"repeat","background-position":"center center","background-size":"auto","background-attachment":"scroll","background-type":"","background-media":"","overlay-type":"","overlay-color":"","overlay-opacity":"","overlay-gradient":""}},"footnotes":""},"class_list":["post-2924","page","type-page","status-publish","hentry"],"yoast_head":"<!-- This site is optimized with the Yoast SEO plugin v24.9 - https:\/\/yoast.com\/wordpress\/plugins\/seo\/ -->\n<title>Inicio -<\/title>\n<meta name=\"robots\" content=\"index, follow, max-snippet:-1, max-image-preview:large, max-video-preview:-1\" \/>\n<link rel=\"canonical\" href=\"https:\/\/newseditorial.es\/es\/inicio\/\" \/>\n<meta property=\"og:locale\" content=\"es_ES\" \/>\n<meta property=\"og:type\" content=\"article\" \/>\n<meta property=\"og:title\" content=\"Inicio -\" \/>\n<meta property=\"og:description\" content=\"Somos una editorial independiente.Te escuchamos.Te acompa\u00f1amos.Te editamos. Nacida de la pasi\u00f3n por la literatura y el respeto por la voz [&hellip;]\" \/>\n<meta property=\"og:url\" content=\"https:\/\/newseditorial.es\/es\/inicio\/\" \/>\n<meta property=\"article:modified_time\" content=\"2025-04-17T07:32:49+00:00\" \/>\n<meta property=\"og:image\" content=\"https:\/\/newseditorial.es\/wp-content\/uploads\/2025\/04\/ChatGPT-Image-15-abr-2025-16_27_29.png\" \/>\n<meta name=\"twitter:card\" content=\"summary_large_image\" \/>\n<meta name=\"twitter:label1\" content=\"Tiempo de lectura\" \/>\n\t<meta name=\"twitter:data1\" content=\"2 minutos\" \/>\n<script type=\"application\/ld+json\" class=\"yoast-schema-graph\">{\"@context\":\"https:\/\/schema.org\",\"@graph\":[{\"@type\":\"WebPage\",\"@id\":\"https:\/\/newseditorial.es\/es\/inicio\/\",\"url\":\"https:\/\/newseditorial.es\/es\/inicio\/\",\"name\":\"Inicio -\",\"isPartOf\":{\"@id\":\"https:\/\/newseditorial.es\/es\/#website\"},\"primaryImageOfPage\":{\"@id\":\"https:\/\/newseditorial.es\/es\/inicio\/#primaryimage\"},\"image\":{\"@id\":\"https:\/\/newseditorial.es\/es\/inicio\/#primaryimage\"},\"thumbnailUrl\":\"https:\/\/newseditorial.es\/wp-content\/uploads\/2025\/04\/ChatGPT-Image-15-abr-2025-16_27_29.png\",\"datePublished\":\"2025-04-17T02:55:33+00:00\",\"dateModified\":\"2025-04-17T07:32:49+00:00\",\"breadcrumb\":{\"@id\":\"https:\/\/newseditorial.es\/es\/inicio\/#breadcrumb\"},\"inLanguage\":\"es\",\"potentialAction\":[{\"@type\":\"ReadAction\",\"target\":[\"https:\/\/newseditorial.es\/es\/inicio\/\"]}]},{\"@type\":\"ImageObject\",\"inLanguage\":\"es\",\"@id\":\"https:\/\/newseditorial.es\/es\/inicio\/#primaryimage\",\"url\":\"https:\/\/newseditorial.es\/wp-content\/uploads\/2025\/04\/ChatGPT-Image-15-abr-2025-16_27_29.png\",\"contentUrl\":\"https:\/\/newseditorial.es\/wp-content\/uploads\/2025\/04\/ChatGPT-Image-15-abr-2025-16_27_29.png\"},{\"@type\":\"BreadcrumbList\",\"@id\":\"https:\/\/newseditorial.es\/es\/inicio\/#breadcrumb\",\"itemListElement\":[{\"@type\":\"ListItem\",\"position\":1,\"name\":\"Portada\",\"item\":\"https:\/\/newseditorial.es\/es\/inicio\/\"},{\"@type\":\"ListItem\",\"position\":2,\"name\":\"Portada\"}]},{\"@type\":\"WebSite\",\"@id\":\"https:\/\/newseditorial.es\/es\/#website\",\"url\":\"https:\/\/newseditorial.es\/es\/\",\"name\":\"\",\"description\":\"Editorial de Llibres\",\"potentialAction\":[{\"@type\":\"SearchAction\",\"target\":{\"@type\":\"EntryPoint\",\"urlTemplate\":\"https:\/\/newseditorial.es\/es\/?s={search_term_string}\"},\"query-input\":{\"@type\":\"PropertyValueSpecification\",\"valueRequired\":true,\"valueName\":\"search_term_string\"}}],\"inLanguage\":\"es\"}]}<\/script>\n<!-- \/ Yoast SEO plugin. -->","yoast_head_json":{"title":"Inicio -","robots":{"index":"index","follow":"follow","max-snippet":"max-snippet:-1","max-image-preview":"max-image-preview:large","max-video-preview":"max-video-preview:-1"},"canonical":"https:\/\/newseditorial.es\/es\/inicio\/","og_locale":"es_ES","og_type":"article","og_title":"Inicio -","og_description":"Somos una editorial independiente.Te escuchamos.Te acompa\u00f1amos.Te editamos. Nacida de la pasi\u00f3n por la literatura y el respeto por la voz [&hellip;]","og_url":"https:\/\/newseditorial.es\/es\/inicio\/","article_modified_time":"2025-04-17T07:32:49+00:00","og_image":[{"url":"https:\/\/newseditorial.es\/wp-content\/uploads\/2025\/04\/ChatGPT-Image-15-abr-2025-16_27_29.png","type":"","width":"","height":""}],"twitter_card":"summary_large_image","twitter_misc":{"Tiempo de lectura":"2 minutos"},"schema":{"@context":"https:\/\/schema.org","@graph":[{"@type":"WebPage","@id":"https:\/\/newseditorial.es\/es\/inicio\/","url":"https:\/\/newseditorial.es\/es\/inicio\/","name":"Inicio -","isPartOf":{"@id":"https:\/\/newseditorial.es\/es\/#website"},"primaryImageOfPage":{"@id":"https:\/\/newseditorial.es\/es\/inicio\/#primaryimage"},"image":{"@id":"https:\/\/newseditorial.es\/es\/inicio\/#primaryimage"},"thumbnailUrl":"https:\/\/newseditorial.es\/wp-content\/uploads\/2025\/04\/ChatGPT-Image-15-abr-2025-16_27_29.png","datePublished":"2025-04-17T02:55:33+00:00","dateModified":"2025-04-17T07:32:49+00:00","breadcrumb":{"@id":"https:\/\/newseditorial.es\/es\/inicio\/#breadcrumb"},"inLanguage":"es","potentialAction":[{"@type":"ReadAction","target":["https:\/\/newseditorial.es\/es\/inicio\/"]}]},{"@type":"ImageObject","inLanguage":"es","@id":"https:\/\/newseditorial.es\/es\/inicio\/#primaryimage","url":"https:\/\/newseditorial.es\/wp-content\/uploads\/2025\/04\/ChatGPT-Image-15-abr-2025-16_27_29.png","contentUrl":"https:\/\/newseditorial.es\/wp-content\/uploads\/2025\/04\/ChatGPT-Image-15-abr-2025-16_27_29.png"},{"@type":"BreadcrumbList","@id":"https:\/\/newseditorial.es\/es\/inicio\/#breadcrumb","itemListElement":[{"@type":"ListItem","position":1,"name":"Portada","item":"https:\/\/newseditorial.es\/es\/inicio\/"},{"@type":"ListItem","position":2,"name":"Portada"}]},{"@type":"WebSite","@id":"https:\/\/newseditorial.es\/es\/#website","url":"https:\/\/newseditorial.es\/es\/","name":"","description":"Editorial de Llibres","potentialAction":[{"@type":"SearchAction","target":{"@type":"EntryPoint","urlTemplate":"https:\/\/newseditorial.es\/es\/?s={search_term_string}"},"query-input":{"@type":"PropertyValueSpecification","valueRequired":true,"valueName":"search_term_string"}}],"inLanguage":"es"}]}},"uagb_featured_image_src":{"full":false,"thumbnail":false,"medium":false,"medium_large":false,"large":false,"1536x1536":false,"2048x2048":false,"trp-custom-language-flag":false},"uagb_author_info":{"display_name":"admin","author_link":"https:\/\/newseditorial.es\/es\/author\/admin\/"},"uagb_comment_info":0,"uagb_excerpt":"Somos una editorial independiente.Te escuchamos.Te acompa\u00f1amos.Te editamos. Nacida de la pasi\u00f3n por la literatura y el respeto por la voz [&hellip;]","_links":{"self":[{"href":"https:\/\/newseditorial.es\/es\/wp-json\/wp\/v2\/pages\/2924","targetHints":{"allow":["GET"]}}],"collection":[{"href":"https:\/\/newseditorial.es\/es\/wp-json\/wp\/v2\/pages"}],"about":[{"href":"https:\/\/newseditorial.es\/es\/wp-json\/wp\/v2\/types\/page"}],"author":[{"embeddable":true,"href":"https:\/\/newseditorial.es\/es\/wp-json\/wp\/v2\/users\/1"}],"replies":[{"embeddable":true,"href":"https:\/\/newseditorial.es\/es\/wp-json\/wp\/v2\/comments?post=2924"}],"version-history":[{"count":6,"href":"https:\/\/newseditorial.es\/es\/wp-json\/wp\/v2\/pages\/2924\/revisions"}],"predecessor-version":[{"id":2955,"href":"https:\/\/newseditorial.es\/es\/wp-json\/wp\/v2\/pages\/2924\/revisions\/2955"}],"wp:attachment":[{"href":"https:\/\/newseditorial.es\/es\/wp-json\/wp\/v2\/media?parent=2924"}],"curies":[{"name":"wp","href":"https:\/\/api.w.org\/{rel}","templated":true}]}}