{"id":2913,"date":"2025-04-17T02:31:27","date_gmt":"2025-04-17T02:31:27","guid":{"rendered":"https:\/\/newseditorial.es\/?page_id=2913"},"modified":"2025-04-17T07:51:47","modified_gmt":"2025-04-17T07:51:47","slug":"politica-de-cookies-es-translation","status":"publish","type":"page","link":"https:\/\/newseditorial.es\/es\/politica-de-cookies-es-translation\/","title":{"rendered":"Pol\u00edtica de cookies"},"content":{"rendered":"<p><\/p>\n\n\n\n<div class=\"wp-block-uagb-container uagb-block-52199da2 alignfull uagb-is-root-container\"><div class=\"uagb-container-inner-blocks-wrap\">\n<div class=\"wp-block-uagb-container uagb-block-e6eb5eae\">\n<div style=\"height:72px\" aria-hidden=\"true\" class=\"wp-block-spacer\"><\/div>\n<\/div>\n\n\n\n<div class=\"wp-block-uagb-advanced-heading uagb-block-dbb54667\"><h2 class=\"uagb-heading-text\">Pol\u00edtica de cookies<\/h2><\/div>\n<\/div><\/div>\n\n\n\n<hr class=\"wp-block-separator has-text-color has-ast-global-color-2-color has-alpha-channel-opacity has-ast-global-color-2-background-color has-background\" style=\"margin-top:var(--wp--preset--spacing--50);margin-bottom:var(--wp--preset--spacing--50)\"\/>\n\n\n\n<div class=\"wp-block-columns is-layout-flex wp-container-core-columns-is-layout-65eef5bf wp-block-columns-is-layout-flex\">\n<div class=\"wp-block-column is-layout-flow wp-block-column-is-layout-flow\">\n<h3 class=\"wp-block-heading\"><strong>INFORMACI\u00d3N SOBRE COOKIES<\/strong><\/h3>\n\n\n\n<p>Debido a la entrada en vigor de la modificaci\u00f3n de la \u00abLey de Servicios de la Sociedad de la Informaci\u00f3n\u00bb (LSSICE) establecida por el Real Decreto 13\/2012, es obligatorio obtener el consentimiento expreso del usuario de todas las p\u00e1ginas web que utilizan cookies prescindibles antes de que este navegue por ellas.<\/p>\n\n\n\n<hr class=\"wp-block-separator has-alpha-channel-opacity\"\/>\n\n\n\n<h3 class=\"wp-block-heading\"><strong>\u00bfQU\u00c9 SON LAS COOKIES?<\/strong><\/h3>\n\n\n\n<p>Las cookies y otras tecnolog\u00edas similares como local shared objects, flash cookies o p\u00edxeles, son herramientas utilizadas por los servidores web para almacenar y recuperar informaci\u00f3n sobre sus visitantes, as\u00ed como para garantizar un correcto funcionamiento del sitio.<br>Mediante el uso de estos dispositivos, el servidor web puede recordar algunos datos relativos al usuario, como sus preferencias de visualizaci\u00f3n, nombre y contrase\u00f1a, productos de inter\u00e9s, etc.<\/p>\n\n\n\n<hr class=\"wp-block-separator has-alpha-channel-opacity\"\/>\n\n\n\n<h3 class=\"wp-block-heading\"><strong>COOKIES AFECTADAS POR LA NORMATIVA Y COOKIES EXENTAS<\/strong><\/h3>\n\n\n\n<p>Seg\u00fan la directiva de la UE, las cookies que requieren el consentimiento informado del usuario son las cookies anal\u00edticas y las de publicidad y afiliaci\u00f3n.<br>Quedan exentas las cookies de car\u00e1cter t\u00e9cnico y las necesarias para el funcionamiento del sitio web o la prestaci\u00f3n de servicios solicitados expresamente por el usuario.<\/p>\n\n\n\n<hr class=\"wp-block-separator has-alpha-channel-opacity\"\/>\n\n\n\n<h3 class=\"wp-block-heading\"><strong>TIPOS DE COOKIES<\/strong><\/h3>\n\n\n\n<h4 class=\"wp-block-heading\"><strong>SEG\u00daN LA FINALIDAD<\/strong><\/h4>\n\n\n\n<ul class=\"wp-block-list\">\n<li><strong>Cookies t\u00e9cnicas y funcionales:<\/strong> permiten al usuario navegar por el sitio web y utilizar las distintas opciones o servicios disponibles.<\/li>\n\n\n\n<li><strong>Cookies de an\u00e1lisis:<\/strong> permiten al responsable monitorizar y analizar el comportamiento de los usuarios para mejorar los servicios.<\/li>\n\n\n\n<li><strong>Cookies publicitarias:<\/strong> gestionan de forma eficiente los espacios publicitarios seg\u00fan criterios como el contenido o la frecuencia de los anuncios.<\/li>\n\n\n\n<li><strong>Cookies de publicidad comportamental:<\/strong> recogen informaci\u00f3n sobre las preferencias del usuario para gestionar la publicidad de forma personalizada.<\/li>\n\n\n\n<li><strong>Cookies sociales:<\/strong> instaladas por plataformas de redes sociales para permitir compartir contenido.<\/li>\n\n\n\n<li><strong>Cookies de afiliados:<\/strong> permiten hacer un seguimiento de las visitas procedentes de otras webs con contratos de afiliaci\u00f3n.<\/li>\n\n\n\n<li><strong>Cookies de seguridad:<\/strong> almacenan informaci\u00f3n cifrada para evitar ataques maliciosos.<\/li>\n<\/ul>\n\n\n\n<h4 class=\"wp-block-heading\"><strong>SEG\u00daN LA PROPIEDAD<\/strong><\/h4>\n\n\n\n<ul class=\"wp-block-list\">\n<li><strong>Cookies propias:<\/strong> enviadas desde el dominio del propio editor.<\/li>\n\n\n\n<li><strong>Cookies de terceros:<\/strong> enviadas desde un dominio gestionado por otra entidad.<\/li>\n<\/ul>\n\n\n\n<h4 class=\"wp-block-heading\"><strong>SEG\u00daN EL PLAZO DE CONSERVACI\u00d3N<\/strong><\/h4>\n\n\n\n<ul class=\"wp-block-list\">\n<li><strong>Cookies de sesi\u00f3n:<\/strong> almacenan datos mientras el usuario accede al sitio web.<\/li>\n\n\n\n<li><strong>Cookies persistentes:<\/strong> almacenan los datos durante un per\u00edodo definido que puede variar desde minutos hasta varios a\u00f1os.<\/li>\n<\/ul>\n\n\n\n<hr class=\"wp-block-separator has-alpha-channel-opacity\"\/>\n\n\n\n<h3 class=\"wp-block-heading\"><strong>TRATAMIENTO DE DATOS PERSONALES<\/strong><\/h3>\n\n\n\n<p><strong>NEWS EDITORIAL<\/strong> es el <strong>Responsable del tratamiento<\/strong> de los datos personales del Interesado y le informa que estos datos ser\u00e1n tratados de acuerdo con el <strong>Reglamento (UE) 2016\/679 (GDPR)<\/strong>.<\/p>\n\n\n\n<ul class=\"wp-block-list\">\n<li><strong>Finalidades del tratamiento:<\/strong> seg\u00fan se detalla en el apartado de cookies.<\/li>\n\n\n\n<li><strong>Legitimaci\u00f3n del tratamiento:<\/strong> por consentimiento del interesado (art. 6.1 GDPR).<\/li>\n\n\n\n<li><strong>Criterios de conservaci\u00f3n:<\/strong> seg\u00fan el apartado de cookies utilizadas en la web.<\/li>\n\n\n\n<li><strong>Comunicaci\u00f3n de datos:<\/strong> no se comunicar\u00e1n datos a terceros, salvo en el caso de cookies de terceros o por obligaci\u00f3n legal.<\/li>\n\n\n\n<li><strong>Derechos del interesado:<\/strong>\n<ul class=\"wp-block-list\">\n<li>Derecho a retirar el consentimiento en cualquier momento.<\/li>\n\n\n\n<li>Derecho de acceso, rectificaci\u00f3n, portabilidad y supresi\u00f3n de sus datos.<\/li>\n\n\n\n<li>Derecho a presentar una reclamaci\u00f3n ante la Autoridad de Control (<a class=\"\" href=\"http:\/\/www.aepd.es\">www.aepd.es<\/a>).<\/li>\n<\/ul>\n<\/li>\n\n\n\n<li><strong>Contacto:<\/strong> NEWS EDITORIAL. C\/ Torres Amat, 18-22, 08650 Sallent (Barcelona). Correo electr\u00f3nico: <a class=\"\">hola@newseditorial.es<\/a><\/li>\n<\/ul>\n\n\n\n<hr class=\"wp-block-separator has-alpha-channel-opacity\"\/>\n\n\n\n<h3 class=\"wp-block-heading\"><strong>COOKIES UTILIZADAS EN ESTE SITIO WEB<\/strong><\/h3>\n\n\n\n<h4 class=\"wp-block-heading\"><strong>COOKIES CONTROLADAS POR EL EDITOR<\/strong><\/h4>\n\n\n\n<p><strong>T\u00e9cnicas y funcionales<\/strong><\/p>\n\n\n\n<figure class=\"wp-block-table\"><table class=\"has-fixed-layout\"><thead><tr><th>Propiedad<\/th><th>Cookie<\/th><th>Finalidad<\/th><th>Plazo<\/th><\/tr><\/thead><tbody><tr><td>newseditorial.es<\/td><td>PHPSESSID<\/td><td>Cookie para mantener las variables de sesi\u00f3n<\/td><td>Sesi\u00f3n<\/td><\/tr><\/tbody><\/table><\/figure>\n\n\n\n<p><strong>Anal\u00edticas<\/strong><\/p>\n\n\n\n<figure class=\"wp-block-table\"><table class=\"has-fixed-layout\"><thead><tr><th>Propiedad<\/th><th>Cookie<\/th><th>Finalidad<\/th><th>Plazo<\/th><\/tr><\/thead><tbody><tr><td>newseditorial.es<\/td><td>_ga<\/td><td>ID para identificar a los usuarios<\/td><td>2 a\u00f1os<\/td><\/tr><tr><td>newseditorial.es<\/td><td>_gat<\/td><td>Monitorizar el n\u00famero de peticiones a Google Analytics<\/td><td>Sesi\u00f3n<\/td><\/tr><tr><td>newseditorial.es<\/td><td>_gid<\/td><td>ID para identificar usuarios durante 24 horas<\/td><td>22 horas<\/td><\/tr><\/tbody><\/table><\/figure>\n\n\n\n<hr class=\"wp-block-separator has-alpha-channel-opacity\"\/>\n\n\n\n<h4 class=\"wp-block-heading\"><strong>COOKIES DE TERCEROS<\/strong><\/h4>\n\n\n\n<p>Los servicios de terceros est\u00e1n fuera del control del editor.<\/p>\n\n\n\n<figure class=\"wp-block-table\"><table class=\"has-fixed-layout\"><thead><tr><th>Editor<\/th><th>Pol\u00edtica de privacidad<\/th><\/tr><\/thead><tbody><tr><td>Google Analytics<\/td><td><a class=\"\" href=\"https:\/\/privacy.google.com\/take-control.html\">https:\/\/privacy.google.com\/take-control.html<\/a><\/td><\/tr><tr><td>PHP.net<\/td><td><a class=\"\" href=\"https:\/\/www.php.net\/privacy.php\">https:\/\/www.php.net\/privacy.php<\/a><\/td><\/tr><\/tbody><\/table><\/figure>\n\n\n\n<hr class=\"wp-block-separator has-alpha-channel-opacity\"\/>\n\n\n\n<h3 class=\"wp-block-heading\"><strong>PANEL DE CONFIGURACI\u00d3N DE COOKIES<\/strong><\/h3>\n\n\n\n<p>Desde este panel puede configurar las cookies.<\/p>\n<\/div>\n<\/div>\n\n\n\n<p><\/p>","protected":false},"excerpt":{"rendered":"<p>Pol\u00edtica de cookies INFORMACI\u00d3N SOBRE COOKIES Debido a la entrada en vigor de la modificaci\u00f3n de la \u00abLey de Servicios [&hellip;]<\/p>","protected":false},"author":1,"featured_media":0,"parent":0,"menu_order":13,"comment_status":"closed","ping_status":"closed","template":"","meta":{"_uag_custom_page_level_css":"","site-sidebar-layout":"default","site-content-layout":"","ast-site-content-layout":"","site-content-style":"default","site-sidebar-style":"default","ast-global-header-display":"","ast-banner-title-visibility":"","ast-main-header-display":"","ast-hfb-above-header-display":"","ast-hfb-below-header-display":"","ast-hfb-mobile-header-display":"","site-post-title":"disabled","ast-breadcrumbs-content":"","ast-featured-img":"","footer-sml-layout":"","theme-transparent-header-meta":"","adv-header-id-meta":"","stick-header-meta":"","header-above-stick-meta":"","header-main-stick-meta":"","header-below-stick-meta":"","astra-migrate-meta-layouts":"default","ast-page-background-enabled":"default","ast-page-background-meta":null,"ast-content-background-meta":null,"footnotes":""},"class_list":["post-2913","page","type-page","status-publish","hentry"],"yoast_head":"<!-- This site is optimized with the Yoast SEO plugin v24.9 - https:\/\/yoast.com\/wordpress\/plugins\/seo\/ -->\n<title>Pol\u00edtica de cookies -<\/title>\n<meta name=\"robots\" content=\"index, follow, max-snippet:-1, max-image-preview:large, max-video-preview:-1\" \/>\n<link rel=\"canonical\" href=\"https:\/\/newseditorial.es\/es\/politica-de-cookies-es-translation\/\" \/>\n<meta property=\"og:locale\" content=\"es_ES\" \/>\n<meta property=\"og:type\" content=\"article\" \/>\n<meta property=\"og:title\" content=\"Pol\u00edtica de cookies -\" \/>\n<meta property=\"og:description\" content=\"Pol\u00edtica de cookies INFORMACI\u00d3N SOBRE COOKIES Debido a la entrada en vigor de la modificaci\u00f3n de la \u00abLey de Servicios [&hellip;]\" \/>\n<meta property=\"og:url\" content=\"https:\/\/newseditorial.es\/es\/politica-de-cookies-es-translation\/\" \/>\n<meta property=\"article:modified_time\" content=\"2025-04-17T07:51:47+00:00\" \/>\n<meta name=\"twitter:card\" content=\"summary_large_image\" \/>\n<meta name=\"twitter:label1\" content=\"Tiempo de lectura\" \/>\n\t<meta name=\"twitter:data1\" content=\"3 minutos\" \/>\n<script type=\"application\/ld+json\" class=\"yoast-schema-graph\">{\"@context\":\"https:\/\/schema.org\",\"@graph\":[{\"@type\":\"WebPage\",\"@id\":\"https:\/\/newseditorial.es\/es\/politica-de-cookies-es-translation\/\",\"url\":\"https:\/\/newseditorial.es\/es\/politica-de-cookies-es-translation\/\",\"name\":\"Pol\u00edtica de cookies -\",\"isPartOf\":{\"@id\":\"https:\/\/newseditorial.es\/es\/#website\"},\"datePublished\":\"2025-04-17T02:31:27+00:00\",\"dateModified\":\"2025-04-17T07:51:47+00:00\",\"breadcrumb\":{\"@id\":\"https:\/\/newseditorial.es\/es\/politica-de-cookies-es-translation\/#breadcrumb\"},\"inLanguage\":\"es\",\"potentialAction\":[{\"@type\":\"ReadAction\",\"target\":[\"https:\/\/newseditorial.es\/es\/politica-de-cookies-es-translation\/\"]}]},{\"@type\":\"BreadcrumbList\",\"@id\":\"https:\/\/newseditorial.es\/es\/politica-de-cookies-es-translation\/#breadcrumb\",\"itemListElement\":[{\"@type\":\"ListItem\",\"position\":1,\"name\":\"Portada\",\"item\":\"https:\/\/newseditorial.es\/es\/inicio\/\"},{\"@type\":\"ListItem\",\"position\":2,\"name\":\"Pol\u00edtica de cookies\"}]},{\"@type\":\"WebSite\",\"@id\":\"https:\/\/newseditorial.es\/es\/#website\",\"url\":\"https:\/\/newseditorial.es\/es\/\",\"name\":\"\",\"description\":\"Editorial de Llibres\",\"potentialAction\":[{\"@type\":\"SearchAction\",\"target\":{\"@type\":\"EntryPoint\",\"urlTemplate\":\"https:\/\/newseditorial.es\/es\/?s={search_term_string}\"},\"query-input\":{\"@type\":\"PropertyValueSpecification\",\"valueRequired\":true,\"valueName\":\"search_term_string\"}}],\"inLanguage\":\"es\"}]}<\/script>\n<!-- \/ Yoast SEO plugin. -->","yoast_head_json":{"title":"Pol\u00edtica de cookies -","robots":{"index":"index","follow":"follow","max-snippet":"max-snippet:-1","max-image-preview":"max-image-preview:large","max-video-preview":"max-video-preview:-1"},"canonical":"https:\/\/newseditorial.es\/es\/politica-de-cookies-es-translation\/","og_locale":"es_ES","og_type":"article","og_title":"Pol\u00edtica de cookies -","og_description":"Pol\u00edtica de cookies INFORMACI\u00d3N SOBRE COOKIES Debido a la entrada en vigor de la modificaci\u00f3n de la \u00abLey de Servicios [&hellip;]","og_url":"https:\/\/newseditorial.es\/es\/politica-de-cookies-es-translation\/","article_modified_time":"2025-04-17T07:51:47+00:00","twitter_card":"summary_large_image","twitter_misc":{"Tiempo de lectura":"3 minutos"},"schema":{"@context":"https:\/\/schema.org","@graph":[{"@type":"WebPage","@id":"https:\/\/newseditorial.es\/es\/politica-de-cookies-es-translation\/","url":"https:\/\/newseditorial.es\/es\/politica-de-cookies-es-translation\/","name":"Pol\u00edtica de cookies -","isPartOf":{"@id":"https:\/\/newseditorial.es\/es\/#website"},"datePublished":"2025-04-17T02:31:27+00:00","dateModified":"2025-04-17T07:51:47+00:00","breadcrumb":{"@id":"https:\/\/newseditorial.es\/es\/politica-de-cookies-es-translation\/#breadcrumb"},"inLanguage":"es","potentialAction":[{"@type":"ReadAction","target":["https:\/\/newseditorial.es\/es\/politica-de-cookies-es-translation\/"]}]},{"@type":"BreadcrumbList","@id":"https:\/\/newseditorial.es\/es\/politica-de-cookies-es-translation\/#breadcrumb","itemListElement":[{"@type":"ListItem","position":1,"name":"Portada","item":"https:\/\/newseditorial.es\/es\/inicio\/"},{"@type":"ListItem","position":2,"name":"Pol\u00edtica de cookies"}]},{"@type":"WebSite","@id":"https:\/\/newseditorial.es\/es\/#website","url":"https:\/\/newseditorial.es\/es\/","name":"","description":"Editorial de Llibres","potentialAction":[{"@type":"SearchAction","target":{"@type":"EntryPoint","urlTemplate":"https:\/\/newseditorial.es\/es\/?s={search_term_string}"},"query-input":{"@type":"PropertyValueSpecification","valueRequired":true,"valueName":"search_term_string"}}],"inLanguage":"es"}]}},"uagb_featured_image_src":{"full":false,"thumbnail":false,"medium":false,"medium_large":false,"large":false,"1536x1536":false,"2048x2048":false,"trp-custom-language-flag":false},"uagb_author_info":{"display_name":"admin","author_link":"https:\/\/newseditorial.es\/es\/author\/admin\/"},"uagb_comment_info":0,"uagb_excerpt":"Pol\u00edtica de cookies INFORMACI\u00d3N SOBRE COOKIES Debido a la entrada en vigor de la modificaci\u00f3n de la \u00abLey de Servicios [&hellip;]","_links":{"self":[{"href":"https:\/\/newseditorial.es\/es\/wp-json\/wp\/v2\/pages\/2913","targetHints":{"allow":["GET"]}}],"collection":[{"href":"https:\/\/newseditorial.es\/es\/wp-json\/wp\/v2\/pages"}],"about":[{"href":"https:\/\/newseditorial.es\/es\/wp-json\/wp\/v2\/types\/page"}],"author":[{"embeddable":true,"href":"https:\/\/newseditorial.es\/es\/wp-json\/wp\/v2\/users\/1"}],"replies":[{"embeddable":true,"href":"https:\/\/newseditorial.es\/es\/wp-json\/wp\/v2\/comments?post=2913"}],"version-history":[{"count":4,"href":"https:\/\/newseditorial.es\/es\/wp-json\/wp\/v2\/pages\/2913\/revisions"}],"predecessor-version":[{"id":2971,"href":"https:\/\/newseditorial.es\/es\/wp-json\/wp\/v2\/pages\/2913\/revisions\/2971"}],"wp:attachment":[{"href":"https:\/\/newseditorial.es\/es\/wp-json\/wp\/v2\/media?parent=2913"}],"curies":[{"name":"wp","href":"https:\/\/api.w.org\/{rel}","templated":true}]}}