{"id":2909,"date":"2025-04-17T02:27:10","date_gmt":"2025-04-17T02:27:10","guid":{"rendered":"https:\/\/newseditorial.es\/?page_id=2909"},"modified":"2025-04-17T02:59:27","modified_gmt":"2025-04-17T02:59:27","slug":"accessibilitat-es-translation","status":"publish","type":"page","link":"https:\/\/newseditorial.es\/es\/accessibilitat-es-translation\/","title":{"rendered":"Accesibilidad"},"content":{"rendered":"<p><\/p>\n\n\n\n<div class=\"wp-block-uagb-container uagb-block-52199da2 alignfull uagb-is-root-container\"><div class=\"uagb-container-inner-blocks-wrap\">\n<div class=\"wp-block-uagb-container uagb-block-e6eb5eae\">\n<div style=\"height:72px\" aria-hidden=\"true\" class=\"wp-block-spacer\"><\/div>\n<\/div>\n\n\n\n<div class=\"wp-block-uagb-advanced-heading uagb-block-dbb54667\"><h2 class=\"uagb-heading-text\">Accesibilidad<\/h2><\/div>\n<\/div><\/div>\n\n\n\n<hr class=\"wp-block-separator has-text-color has-ast-global-color-2-color has-alpha-channel-opacity has-ast-global-color-2-background-color has-background\" style=\"margin-top:var(--wp--preset--spacing--50);margin-bottom:var(--wp--preset--spacing--50)\"\/>\n\n\n\n<div class=\"wp-block-columns is-layout-flex wp-container-core-columns-is-layout-65eef5bf wp-block-columns-is-layout-flex\">\n<div class=\"wp-block-column is-layout-flow wp-block-column-is-layout-flow\">\n<p style=\"font-size:15px\"><strong>NEWS EDITORIAL se ha comprometido a hacer accesible su sitio web<\/strong>, de conformidad con el <strong>Real Decreto 1112\/2018, de 7 de septiembre<\/strong>, sobre accesibilidad de los sitios web y aplicaciones para dispositivos m\u00f3viles, por el que se transpone al ordenamiento jur\u00eddico espa\u00f1ol la <strong>Directiva (UE) 2016\/2102 del Parlamento Europeo y del Consejo<\/strong>.<\/p>\n\n\n\n<p>La presente declaraci\u00f3n de accesibilidad se aplica al sitio web <strong><a class=\"\" href=\"https:\/\/newseditorial.es\/es\/\">www.newseditorial.es<\/a><\/strong><\/p>\n\n\n\n<hr class=\"wp-block-separator has-alpha-channel-opacity\"\/>\n\n\n\n<h3 class=\"wp-block-heading\"><strong>SITUACI\u00d3N DE CUMPLIMIENTO<\/strong><\/h3>\n\n\n\n<p>Este sitio web es <strong>parcialmente conforme<\/strong> con el RD 1112\/2018 debido a las excepciones y a la falta de conformidad de los aspectos que se indican a continuaci\u00f3n.<\/p>\n\n\n\n<hr class=\"wp-block-separator has-alpha-channel-opacity\"\/>\n\n\n\n<h3 class=\"wp-block-heading\"><strong>CONTENIDO NO ACCESIBLE<\/strong><\/h3>\n\n\n\n<h4 class=\"wp-block-heading\"><strong>Falta de conformidad con el RD 1112\/2018<\/strong><\/h4>\n\n\n\n<ul class=\"wp-block-list\">\n<li>Debido a la automatizaci\u00f3n de algunas publicaciones, podr\u00edan existir p\u00e1ginas con un anidamiento incorrecto de etiquetas HTML.<\/li>\n\n\n\n<li>Hay documentos en formato PDF que no cumplen con la normativa, aunque existe una alternativa textual en HTML que s\u00ed la cumple.<\/li>\n\n\n\n<li>Podr\u00edan existir errores puntuales de edici\u00f3n en alguna p\u00e1gina web.<\/li>\n<\/ul>\n\n\n\n<h4 class=\"wp-block-heading\"><strong>Carga desproporcionada<\/strong><\/h4>\n\n\n\n<ul class=\"wp-block-list\">\n<li>No aplica.<\/li>\n<\/ul>\n\n\n\n<h4 class=\"wp-block-heading\"><strong>Contenido que no entra dentro del \u00e1mbito de la legislaci\u00f3n aplicable<\/strong><\/h4>\n\n\n\n<ul class=\"wp-block-list\">\n<li>Archivos ofim\u00e1ticos en PDF u otros formatos, as\u00ed como aplicaciones publicadas antes del 20 de septiembre de 2018 que no cumplen con todos los requisitos de accesibilidad.<\/li>\n\n\n\n<li>Contenidos multimedia en directo.<\/li>\n\n\n\n<li>Contenidos multimedia pregrabados de car\u00e1cter temporal del pleno y ruedas de prensa, o publicados antes de la entrada en vigor del Real Decreto.<\/li>\n\n\n\n<li>Servicios de mapas y cartograf\u00eda online.<\/li>\n<\/ul>\n\n\n\n<hr class=\"wp-block-separator has-alpha-channel-opacity\"\/>\n\n\n\n<h3 class=\"wp-block-heading\"><strong>PREPARACI\u00d3N DE LA PRESENTE DECLARACI\u00d3N DE ACCESIBILIDAD<\/strong><\/h3>\n\n\n\n<p>La presente declaraci\u00f3n fue preparada el <strong>11 de abril de 2023<\/strong> y est\u00e1 basada en los informes de accesibilidad web del <strong>Observatorio de Accesibilidad<\/strong>.<\/p>\n\n\n\n<hr class=\"wp-block-separator has-alpha-channel-opacity\"\/>\n\n\n\n<h3 class=\"wp-block-heading\"><strong>OBSERVACIONES Y DATOS DE CONTACTO<\/strong><\/h3>\n\n\n\n<p>Se pueden realizar comunicaciones sobre los requisitos de accesibilidad (art\u00edculo 10.2 del RD 1112\/2018), tales como:<\/p>\n\n\n\n<ul class=\"wp-block-list\">\n<li>Informar sobre cualquier posible incumplimiento por parte de este sitio web.<\/li>\n\n\n\n<li>Transmitir otras dificultades de acceso al contenido.<\/li>\n\n\n\n<li>Formular cualquier otra consulta o sugerencia de mejora relativa a la accesibilidad del sitio web a trav\u00e9s del <strong>correo electr\u00f3nico del sitio web<\/strong>.<\/li>\n<\/ul>\n\n\n\n<p>Las comunicaciones ser\u00e1n recibidas y tratadas por <strong>NEWS EDITORIAL<\/strong>.<\/p>\n\n\n\n<hr class=\"wp-block-separator has-alpha-channel-opacity\"\/>\n\n\n\n<h3 class=\"wp-block-heading\"><strong>PROCEDIMIENTO DE APLICACI\u00d3N<\/strong><\/h3>\n\n\n\n<p>Se pondr\u00e1 en marcha un procedimiento de aplicaci\u00f3n adecuado y eficaz al que recurrir en caso de que la respuesta a la comunicaci\u00f3n o solicitud resulte insatisfactoria.<\/p>\n\n\n\n<hr class=\"wp-block-separator has-alpha-channel-opacity\"\/>\n\n\n\n<h3 class=\"wp-block-heading\"><strong>CONTENIDO OPCIONAL<\/strong><\/h3>\n\n\n\n<p>Este sitio web:<\/p>\n\n\n\n<p>Ha sido desarrollado utilizando <strong>HTML5<\/strong> como lenguaje de marcado y <strong>CSS3<\/strong> para el dise\u00f1o.<\/p>\n\n\n\n<p>Est\u00e1 dise\u00f1ado para utilizarse con <strong>JavaScript no intrusivo<\/strong>.<\/p>\n\n\n\n<p>Ha sido desarrollado adapt\u00e1ndose a los est\u00e1ndares y normativas vigentes en relaci\u00f3n con la accesibilidad, cumpliendo con los <strong>puntos de verificaci\u00f3n de prioridad 2 (AA)<\/strong> definidos en la especificaci\u00f3n de las <strong>Pautas de Accesibilidad al Contenido Web (WCAG 2.1)<\/strong>.<\/p>\n\n\n\n<p>Cumple con los requisitos de la <strong>Norma UNE-EN 301549 v1.1.2:2015<\/strong>, considerando las excepciones del Real Decreto 1112\/2018.<\/p>\n\n\n\n<p>Est\u00e1 dise\u00f1ado para su correcta visualizaci\u00f3n en <strong>dispositivos de escritorio, tabletas y m\u00f3viles<\/strong>, con una resoluci\u00f3n m\u00ednima de <strong>1280\u00d71024<\/strong>.<\/p>\n\n\n\n<p style=\"font-size:15px\"><\/p>\n\n\n\n<p style=\"font-size:15px\"><\/p>\n<\/div>\n<\/div>","protected":false},"excerpt":{"rendered":"<p>Accesibilidad NEWS EDITORIAL se ha comprometido a hacer accesible su sitio web, de conformidad con el Real Decreto 1112\/2018, de [&hellip;]<\/p>","protected":false},"author":1,"featured_media":0,"parent":0,"menu_order":12,"comment_status":"closed","ping_status":"closed","template":"","meta":{"_uag_custom_page_level_css":"","site-sidebar-layout":"default","site-content-layout":"","ast-site-content-layout":"","site-content-style":"default","site-sidebar-style":"default","ast-global-header-display":"","ast-banner-title-visibility":"","ast-main-header-display":"","ast-hfb-above-header-display":"","ast-hfb-below-header-display":"","ast-hfb-mobile-header-display":"","site-post-title":"disabled","ast-breadcrumbs-content":"","ast-featured-img":"","footer-sml-layout":"","theme-transparent-header-meta":"","adv-header-id-meta":"","stick-header-meta":"","header-above-stick-meta":"","header-main-stick-meta":"","header-below-stick-meta":"","astra-migrate-meta-layouts":"default","ast-page-background-enabled":"default","ast-page-background-meta":null,"ast-content-background-meta":null,"footnotes":""},"class_list":["post-2909","page","type-page","status-publish","hentry"],"yoast_head":"<!-- This site is optimized with the Yoast SEO plugin v24.9 - https:\/\/yoast.com\/wordpress\/plugins\/seo\/ -->\n<title>Accesibilidad -<\/title>\n<meta name=\"robots\" content=\"index, follow, max-snippet:-1, max-image-preview:large, max-video-preview:-1\" \/>\n<link rel=\"canonical\" href=\"https:\/\/newseditorial.es\/es\/accessibilitat-es-translation\/\" \/>\n<meta property=\"og:locale\" content=\"es_ES\" \/>\n<meta property=\"og:type\" content=\"article\" \/>\n<meta property=\"og:title\" content=\"Accesibilidad -\" \/>\n<meta property=\"og:description\" content=\"Accesibilidad NEWS EDITORIAL se ha comprometido a hacer accesible su sitio web, de conformidad con el Real Decreto 1112\/2018, de [&hellip;]\" \/>\n<meta property=\"og:url\" content=\"https:\/\/newseditorial.es\/es\/accessibilitat-es-translation\/\" \/>\n<meta property=\"article:modified_time\" content=\"2025-04-17T02:59:27+00:00\" \/>\n<meta name=\"twitter:card\" content=\"summary_large_image\" \/>\n<meta name=\"twitter:label1\" content=\"Tiempo de lectura\" \/>\n\t<meta name=\"twitter:data1\" content=\"3 minutos\" \/>\n<script type=\"application\/ld+json\" class=\"yoast-schema-graph\">{\"@context\":\"https:\/\/schema.org\",\"@graph\":[{\"@type\":\"WebPage\",\"@id\":\"https:\/\/newseditorial.es\/es\/accessibilitat-es-translation\/\",\"url\":\"https:\/\/newseditorial.es\/es\/accessibilitat-es-translation\/\",\"name\":\"Accesibilidad -\",\"isPartOf\":{\"@id\":\"https:\/\/newseditorial.es\/es\/#website\"},\"datePublished\":\"2025-04-17T02:27:10+00:00\",\"dateModified\":\"2025-04-17T02:59:27+00:00\",\"breadcrumb\":{\"@id\":\"https:\/\/newseditorial.es\/es\/accessibilitat-es-translation\/#breadcrumb\"},\"inLanguage\":\"es\",\"potentialAction\":[{\"@type\":\"ReadAction\",\"target\":[\"https:\/\/newseditorial.es\/es\/accessibilitat-es-translation\/\"]}]},{\"@type\":\"BreadcrumbList\",\"@id\":\"https:\/\/newseditorial.es\/es\/accessibilitat-es-translation\/#breadcrumb\",\"itemListElement\":[{\"@type\":\"ListItem\",\"position\":1,\"name\":\"Portada\",\"item\":\"https:\/\/newseditorial.es\/es\/inicio\/\"},{\"@type\":\"ListItem\",\"position\":2,\"name\":\"Accesibilidad\"}]},{\"@type\":\"WebSite\",\"@id\":\"https:\/\/newseditorial.es\/es\/#website\",\"url\":\"https:\/\/newseditorial.es\/es\/\",\"name\":\"\",\"description\":\"Editorial de Llibres\",\"potentialAction\":[{\"@type\":\"SearchAction\",\"target\":{\"@type\":\"EntryPoint\",\"urlTemplate\":\"https:\/\/newseditorial.es\/es\/?s={search_term_string}\"},\"query-input\":{\"@type\":\"PropertyValueSpecification\",\"valueRequired\":true,\"valueName\":\"search_term_string\"}}],\"inLanguage\":\"es\"}]}<\/script>\n<!-- \/ Yoast SEO plugin. -->","yoast_head_json":{"title":"Accesibilidad -","robots":{"index":"index","follow":"follow","max-snippet":"max-snippet:-1","max-image-preview":"max-image-preview:large","max-video-preview":"max-video-preview:-1"},"canonical":"https:\/\/newseditorial.es\/es\/accessibilitat-es-translation\/","og_locale":"es_ES","og_type":"article","og_title":"Accesibilidad -","og_description":"Accesibilidad NEWS EDITORIAL se ha comprometido a hacer accesible su sitio web, de conformidad con el Real Decreto 1112\/2018, de [&hellip;]","og_url":"https:\/\/newseditorial.es\/es\/accessibilitat-es-translation\/","article_modified_time":"2025-04-17T02:59:27+00:00","twitter_card":"summary_large_image","twitter_misc":{"Tiempo de lectura":"3 minutos"},"schema":{"@context":"https:\/\/schema.org","@graph":[{"@type":"WebPage","@id":"https:\/\/newseditorial.es\/es\/accessibilitat-es-translation\/","url":"https:\/\/newseditorial.es\/es\/accessibilitat-es-translation\/","name":"Accesibilidad -","isPartOf":{"@id":"https:\/\/newseditorial.es\/es\/#website"},"datePublished":"2025-04-17T02:27:10+00:00","dateModified":"2025-04-17T02:59:27+00:00","breadcrumb":{"@id":"https:\/\/newseditorial.es\/es\/accessibilitat-es-translation\/#breadcrumb"},"inLanguage":"es","potentialAction":[{"@type":"ReadAction","target":["https:\/\/newseditorial.es\/es\/accessibilitat-es-translation\/"]}]},{"@type":"BreadcrumbList","@id":"https:\/\/newseditorial.es\/es\/accessibilitat-es-translation\/#breadcrumb","itemListElement":[{"@type":"ListItem","position":1,"name":"Portada","item":"https:\/\/newseditorial.es\/es\/inicio\/"},{"@type":"ListItem","position":2,"name":"Accesibilidad"}]},{"@type":"WebSite","@id":"https:\/\/newseditorial.es\/es\/#website","url":"https:\/\/newseditorial.es\/es\/","name":"","description":"Editorial de Llibres","potentialAction":[{"@type":"SearchAction","target":{"@type":"EntryPoint","urlTemplate":"https:\/\/newseditorial.es\/es\/?s={search_term_string}"},"query-input":{"@type":"PropertyValueSpecification","valueRequired":true,"valueName":"search_term_string"}}],"inLanguage":"es"}]}},"uagb_featured_image_src":{"full":false,"thumbnail":false,"medium":false,"medium_large":false,"large":false,"1536x1536":false,"2048x2048":false,"trp-custom-language-flag":false},"uagb_author_info":{"display_name":"admin","author_link":"https:\/\/newseditorial.es\/es\/author\/admin\/"},"uagb_comment_info":0,"uagb_excerpt":"Accesibilidad NEWS EDITORIAL se ha comprometido a hacer accesible su sitio web, de conformidad con el Real Decreto 1112\/2018, de [&hellip;]","_links":{"self":[{"href":"https:\/\/newseditorial.es\/es\/wp-json\/wp\/v2\/pages\/2909","targetHints":{"allow":["GET"]}}],"collection":[{"href":"https:\/\/newseditorial.es\/es\/wp-json\/wp\/v2\/pages"}],"about":[{"href":"https:\/\/newseditorial.es\/es\/wp-json\/wp\/v2\/types\/page"}],"author":[{"embeddable":true,"href":"https:\/\/newseditorial.es\/es\/wp-json\/wp\/v2\/users\/1"}],"replies":[{"embeddable":true,"href":"https:\/\/newseditorial.es\/es\/wp-json\/wp\/v2\/comments?post=2909"}],"version-history":[{"count":3,"href":"https:\/\/newseditorial.es\/es\/wp-json\/wp\/v2\/pages\/2909\/revisions"}],"predecessor-version":[{"id":2928,"href":"https:\/\/newseditorial.es\/es\/wp-json\/wp\/v2\/pages\/2909\/revisions\/2928"}],"wp:attachment":[{"href":"https:\/\/newseditorial.es\/es\/wp-json\/wp\/v2\/media?parent=2909"}],"curies":[{"name":"wp","href":"https:\/\/api.w.org\/{rel}","templated":true}]}}