{"id":2905,"date":"2025-04-17T02:23:56","date_gmt":"2025-04-17T02:23:56","guid":{"rendered":"https:\/\/newseditorial.es\/?page_id=2905"},"modified":"2025-05-12T11:36:41","modified_gmt":"2025-05-12T11:36:41","slug":"avis-legal-es-translation","status":"publish","type":"page","link":"https:\/\/newseditorial.es\/es\/avis-legal-es-translation\/","title":{"rendered":"Aviso legal"},"content":{"rendered":"<div class=\"wp-block-uagb-container uagb-block-52199da2 alignfull uagb-is-root-container\"><div class=\"uagb-container-inner-blocks-wrap\">\n<div class=\"wp-block-uagb-container uagb-block-e6eb5eae\">\n<div style=\"height:72px\" aria-hidden=\"true\" class=\"wp-block-spacer\"><\/div>\n<\/div>\n\n\n\n<div class=\"wp-block-uagb-advanced-heading uagb-block-dbb54667\"><h2 class=\"uagb-heading-text\">Aviso legal<\/h2><\/div>\n<\/div><\/div>\n\n\n\n<hr class=\"wp-block-separator has-text-color has-ast-global-color-2-color has-alpha-channel-opacity has-ast-global-color-2-background-color has-background\" style=\"margin-top:var(--wp--preset--spacing--50);margin-bottom:var(--wp--preset--spacing--50)\"\/>\n\n\n\n<div class=\"wp-block-columns is-layout-flex wp-container-core-columns-is-layout-65eef5bf wp-block-columns-is-layout-flex\">\n<div class=\"wp-block-column is-layout-flow wp-block-column-is-layout-flow\">\n<h3 class=\"wp-block-heading\"><strong>1. IDENTIFICACI\u00d3N DEL SITIO WEB<\/strong><\/h3>\n\n\n\n<p>En cumplimiento de lo dispuesto en el art\u00edculo 10 de la Ley 34\/2002, de 11 de julio, de Servicios de la Sociedad de la Informaci\u00f3n y Comercio Electr\u00f3nico (LSSICE), se pone a su disposici\u00f3n la \u201cinformaci\u00f3n general\u201d, que comprende los datos identificativos de la entidad titular de este SITIO WEB:<\/p>\n\n\n\n<p><strong>Denominaci\u00f3n Social:<\/strong> NEUS S\u00c1NCHEZ ESCUD\u00c9<br><strong>Nombre comercial:<\/strong> NEWS EDITORIAL<br><strong>Domicilio Social:<\/strong> C\/ Torres Amat, 18-22. 08650 Sallent. Barcelona.<br><strong>CIF:<\/strong> 39350808Q<br><strong>Tel\u00e9fono:<\/strong> 628 18 89 91<br><strong>Correo electr\u00f3nico:<\/strong> <a class=\"\">hola@newseditorial.es<\/a><br><strong>Nombre de dominio:<\/strong> <a class=\"\" href=\"https:\/\/newseditorial.es\/es\/\">www.newseditorial.es<\/a><\/p>\n\n\n\n<hr class=\"wp-block-separator has-alpha-channel-opacity\"\/>\n\n\n\n<h3 class=\"wp-block-heading\"><strong>2. CONDICIONES DE USO DEL SITIO WEB<\/strong><\/h3>\n\n\n\n<p>El uso de <a class=\"\" href=\"https:\/\/newseditorial.es\/es\/\">www.newseditorial.es<\/a> (en adelante, el \u201cSITIO WEB\u201d) atribuye la condici\u00f3n de usuario e implica la aceptaci\u00f3n plena y sin reservas de todas las disposiciones incluidas en este Aviso Legal en la versi\u00f3n publicada por <strong>NEWS EDITORIAL<\/strong> en el momento de acceso al SITIO WEB. En consecuencia, el usuario debe leer atentamente estas condiciones cada vez que utilice el SITIO WEB, ya que pueden ser modificadas.<\/p>\n\n\n\n<p><strong>NEWS EDITORIAL <\/strong>se reserva el derecho de modificar las condiciones de uso del SITIO WEB, siendo responsabilidad del usuario revisarlas peri\u00f3dicamente.<\/p>\n\n\n\n<hr class=\"wp-block-separator has-alpha-channel-opacity\"\/>\n\n\n\n<h3 class=\"wp-block-heading\"><strong>3. OBJETO<\/strong><\/h3>\n\n\n\n<p>Estas condiciones de uso tienen como objeto regular el acceso de los usuarios y la navegaci\u00f3n posterior por el SITIO WEB, as\u00ed como la relaci\u00f3n entre los usuarios y <strong>NEWS EDITORIAL<\/strong>.<\/p>\n\n\n\n<hr class=\"wp-block-separator has-alpha-channel-opacity\"\/>\n\n\n\n<h3 class=\"wp-block-heading\"><strong>4. OBLIGACIONES DE LOS USUARIOS<\/strong><\/h3>\n\n\n\n<p><strong>Acceso y uso del SITIO WEB:<\/strong> La visita y consulta de informaci\u00f3n en el SITIO WEB es gratuita para todos los usuarios.<\/p>\n\n\n\n<p><strong>Uso correcto de los contenidos:<\/strong> El usuario se compromete a utilizar los contenidos del SITIO WEB conforme a la ley y a este Aviso Legal, y a no utilizarlos con fines il\u00edcitos.<\/p>\n\n\n\n<hr class=\"wp-block-separator has-alpha-channel-opacity\"\/>\n\n\n\n<h3 class=\"wp-block-heading\"><strong>5. PROPIEDAD INTELECTUAL<\/strong><\/h3>\n\n\n\n<p><strong>NEWS EDITORIAL<\/strong> es titular de los derechos de propiedad intelectual e industrial sobre el dominio, las marcas y otros contenidos del SITIO WEB. Queda prohibido el uso, reproducci\u00f3n o transmisi\u00f3n sin el permiso expreso de <strong>NEWS EDITORIAL<\/strong>.<\/p>\n\n\n\n<hr class=\"wp-block-separator has-alpha-channel-opacity\"\/>\n\n\n\n<h3 class=\"wp-block-heading\"><strong>6. PROTECCI\u00d3N DE DATOS PERSONALES Y CONFIDENCIALIDAD<\/strong><\/h3>\n\n\n\n<p>En cumplimiento de la normativa de protecci\u00f3n de datos, <strong>NEWS EDITORIAL<\/strong> informa que los datos personales proporcionados ser\u00e1n tratados de acuerdo con el Reglamento (UE) 2016\/679 (GDPR). El usuario puede ejercer sus derechos enviando un correo a <a class=\"\">hola@newseditorial.es<\/a>.<\/p>\n\n\n\n<hr class=\"wp-block-separator has-alpha-channel-opacity\"\/>\n\n\n\n<h3 class=\"wp-block-heading\"><strong>7. LIMITACIONES DE RESPONSABILIDAD<\/strong><\/h3>\n\n\n\n<p><strong>NEWS EDITORIAL<\/strong> no garantiza la disponibilidad y continuidad del funcionamiento del SITIO WEB. Asimismo, no se responsabiliza del contenido generado por usuarios o enlaces externos.<\/p>\n\n\n\n<hr class=\"wp-block-separator has-alpha-channel-opacity\"\/>\n\n\n\n<h3 class=\"wp-block-heading\"><strong>8. LEGISLACI\u00d3N APLICABLE Y JURISDICCI\u00d3N COMPETENTE<\/strong><\/h3>\n\n\n\n<p style=\"font-size:15px\">Las partes se someten a los juzgados y tribunales del domicilio del usuario para la resoluci\u00f3n de conflictos derivados del uso del SITIO WEB, de acuerdo con la legislaci\u00f3n espa\u00f1ola.<\/p>\n\n\n\n<p style=\"font-size:15px\"><\/p>\n<\/div>\n<\/div>","protected":false},"excerpt":{"rendered":"<p>Aviso legal 1. IDENTIFICACI\u00d3N DEL SITIO WEB En cumplimiento de lo dispuesto en el art\u00edculo 10 de la Ley 34\/2002, [&hellip;]<\/p>","protected":false},"author":1,"featured_media":0,"parent":0,"menu_order":11,"comment_status":"closed","ping_status":"closed","template":"","meta":{"_uag_custom_page_level_css":"","site-sidebar-layout":"default","site-content-layout":"","ast-site-content-layout":"","site-content-style":"default","site-sidebar-style":"default","ast-global-header-display":"","ast-banner-title-visibility":"","ast-main-header-display":"","ast-hfb-above-header-display":"","ast-hfb-below-header-display":"","ast-hfb-mobile-header-display":"","site-post-title":"disabled","ast-breadcrumbs-content":"","ast-featured-img":"","footer-sml-layout":"","theme-transparent-header-meta":"","adv-header-id-meta":"","stick-header-meta":"","header-above-stick-meta":"","header-main-stick-meta":"","header-below-stick-meta":"","astra-migrate-meta-layouts":"default","ast-page-background-enabled":"default","ast-page-background-meta":null,"ast-content-background-meta":null,"footnotes":""},"class_list":["post-2905","page","type-page","status-publish","hentry"],"yoast_head":"<!-- This site is optimized with the Yoast SEO plugin v24.9 - https:\/\/yoast.com\/wordpress\/plugins\/seo\/ -->\n<title>Aviso legal -<\/title>\n<meta name=\"robots\" content=\"index, follow, max-snippet:-1, max-image-preview:large, max-video-preview:-1\" \/>\n<link rel=\"canonical\" href=\"https:\/\/newseditorial.es\/es\/avis-legal-es-translation\/\" \/>\n<meta property=\"og:locale\" content=\"es_ES\" \/>\n<meta property=\"og:type\" content=\"article\" \/>\n<meta property=\"og:title\" content=\"Aviso legal -\" \/>\n<meta property=\"og:description\" content=\"Aviso legal 1. IDENTIFICACI\u00d3N DEL SITIO WEB En cumplimiento de lo dispuesto en el art\u00edculo 10 de la Ley 34\/2002, [&hellip;]\" \/>\n<meta property=\"og:url\" content=\"https:\/\/newseditorial.es\/es\/avis-legal-es-translation\/\" \/>\n<meta property=\"article:modified_time\" content=\"2025-05-12T11:36:41+00:00\" \/>\n<meta name=\"twitter:card\" content=\"summary_large_image\" \/>\n<meta name=\"twitter:label1\" content=\"Tiempo de lectura\" \/>\n\t<meta name=\"twitter:data1\" content=\"2 minutos\" \/>\n<script type=\"application\/ld+json\" class=\"yoast-schema-graph\">{\"@context\":\"https:\/\/schema.org\",\"@graph\":[{\"@type\":\"WebPage\",\"@id\":\"https:\/\/newseditorial.es\/es\/avis-legal-es-translation\/\",\"url\":\"https:\/\/newseditorial.es\/es\/avis-legal-es-translation\/\",\"name\":\"Aviso legal -\",\"isPartOf\":{\"@id\":\"https:\/\/newseditorial.es\/es\/#website\"},\"datePublished\":\"2025-04-17T02:23:56+00:00\",\"dateModified\":\"2025-05-12T11:36:41+00:00\",\"breadcrumb\":{\"@id\":\"https:\/\/newseditorial.es\/es\/avis-legal-es-translation\/#breadcrumb\"},\"inLanguage\":\"es\",\"potentialAction\":[{\"@type\":\"ReadAction\",\"target\":[\"https:\/\/newseditorial.es\/es\/avis-legal-es-translation\/\"]}]},{\"@type\":\"BreadcrumbList\",\"@id\":\"https:\/\/newseditorial.es\/es\/avis-legal-es-translation\/#breadcrumb\",\"itemListElement\":[{\"@type\":\"ListItem\",\"position\":1,\"name\":\"Portada\",\"item\":\"https:\/\/newseditorial.es\/es\/inicio\/\"},{\"@type\":\"ListItem\",\"position\":2,\"name\":\"Aviso legal\"}]},{\"@type\":\"WebSite\",\"@id\":\"https:\/\/newseditorial.es\/es\/#website\",\"url\":\"https:\/\/newseditorial.es\/es\/\",\"name\":\"\",\"description\":\"Editorial de Llibres\",\"potentialAction\":[{\"@type\":\"SearchAction\",\"target\":{\"@type\":\"EntryPoint\",\"urlTemplate\":\"https:\/\/newseditorial.es\/es\/?s={search_term_string}\"},\"query-input\":{\"@type\":\"PropertyValueSpecification\",\"valueRequired\":true,\"valueName\":\"search_term_string\"}}],\"inLanguage\":\"es\"}]}<\/script>\n<!-- \/ Yoast SEO plugin. -->","yoast_head_json":{"title":"Aviso legal -","robots":{"index":"index","follow":"follow","max-snippet":"max-snippet:-1","max-image-preview":"max-image-preview:large","max-video-preview":"max-video-preview:-1"},"canonical":"https:\/\/newseditorial.es\/es\/avis-legal-es-translation\/","og_locale":"es_ES","og_type":"article","og_title":"Aviso legal -","og_description":"Aviso legal 1. IDENTIFICACI\u00d3N DEL SITIO WEB En cumplimiento de lo dispuesto en el art\u00edculo 10 de la Ley 34\/2002, [&hellip;]","og_url":"https:\/\/newseditorial.es\/es\/avis-legal-es-translation\/","article_modified_time":"2025-05-12T11:36:41+00:00","twitter_card":"summary_large_image","twitter_misc":{"Tiempo de lectura":"2 minutos"},"schema":{"@context":"https:\/\/schema.org","@graph":[{"@type":"WebPage","@id":"https:\/\/newseditorial.es\/es\/avis-legal-es-translation\/","url":"https:\/\/newseditorial.es\/es\/avis-legal-es-translation\/","name":"Aviso legal -","isPartOf":{"@id":"https:\/\/newseditorial.es\/es\/#website"},"datePublished":"2025-04-17T02:23:56+00:00","dateModified":"2025-05-12T11:36:41+00:00","breadcrumb":{"@id":"https:\/\/newseditorial.es\/es\/avis-legal-es-translation\/#breadcrumb"},"inLanguage":"es","potentialAction":[{"@type":"ReadAction","target":["https:\/\/newseditorial.es\/es\/avis-legal-es-translation\/"]}]},{"@type":"BreadcrumbList","@id":"https:\/\/newseditorial.es\/es\/avis-legal-es-translation\/#breadcrumb","itemListElement":[{"@type":"ListItem","position":1,"name":"Portada","item":"https:\/\/newseditorial.es\/es\/inicio\/"},{"@type":"ListItem","position":2,"name":"Aviso legal"}]},{"@type":"WebSite","@id":"https:\/\/newseditorial.es\/es\/#website","url":"https:\/\/newseditorial.es\/es\/","name":"","description":"Editorial de Llibres","potentialAction":[{"@type":"SearchAction","target":{"@type":"EntryPoint","urlTemplate":"https:\/\/newseditorial.es\/es\/?s={search_term_string}"},"query-input":{"@type":"PropertyValueSpecification","valueRequired":true,"valueName":"search_term_string"}}],"inLanguage":"es"}]}},"uagb_featured_image_src":{"full":false,"thumbnail":false,"medium":false,"medium_large":false,"large":false,"1536x1536":false,"2048x2048":false,"trp-custom-language-flag":false},"uagb_author_info":{"display_name":"admin","author_link":"https:\/\/newseditorial.es\/es\/author\/admin\/"},"uagb_comment_info":0,"uagb_excerpt":"Aviso legal 1. IDENTIFICACI\u00d3N DEL SITIO WEB En cumplimiento de lo dispuesto en el art\u00edculo 10 de la Ley 34\/2002, [&hellip;]","_links":{"self":[{"href":"https:\/\/newseditorial.es\/es\/wp-json\/wp\/v2\/pages\/2905","targetHints":{"allow":["GET"]}}],"collection":[{"href":"https:\/\/newseditorial.es\/es\/wp-json\/wp\/v2\/pages"}],"about":[{"href":"https:\/\/newseditorial.es\/es\/wp-json\/wp\/v2\/types\/page"}],"author":[{"embeddable":true,"href":"https:\/\/newseditorial.es\/es\/wp-json\/wp\/v2\/users\/1"}],"replies":[{"embeddable":true,"href":"https:\/\/newseditorial.es\/es\/wp-json\/wp\/v2\/comments?post=2905"}],"version-history":[{"count":5,"href":"https:\/\/newseditorial.es\/es\/wp-json\/wp\/v2\/pages\/2905\/revisions"}],"predecessor-version":[{"id":2980,"href":"https:\/\/newseditorial.es\/es\/wp-json\/wp\/v2\/pages\/2905\/revisions\/2980"}],"wp:attachment":[{"href":"https:\/\/newseditorial.es\/es\/wp-json\/wp\/v2\/media?parent=2905"}],"curies":[{"name":"wp","href":"https:\/\/api.w.org\/{rel}","templated":true}]}}