{"id":2886,"date":"2025-04-16T15:48:47","date_gmt":"2025-04-16T15:48:47","guid":{"rendered":"https:\/\/newseditorial.es\/?page_id=2886"},"modified":"2025-04-17T07:37:14","modified_gmt":"2025-04-17T07:37:14","slug":"empresa-es","status":"publish","type":"page","link":"https:\/\/newseditorial.es\/es\/empresa-es\/","title":{"rendered":"Empresa"},"content":{"rendered":"<div class=\"wp-block-uagb-container uagb-block-fa303262 alignfull uagb-is-root-container\"><div class=\"uagb-container-inner-blocks-wrap\">\n<div class=\"wp-block-group is-layout-constrained wp-block-group-is-layout-constrained\">\n<div class=\"wp-block-columns is-layout-flex wp-container-core-columns-is-layout-28f84493 wp-block-columns-is-layout-flex\">\n<div class=\"wp-block-column is-layout-flow wp-block-column-is-layout-flow\" style=\"flex-basis:100%\">\n<div class=\"wp-block-uagb-info-box uagb-block-0bca2e31 uagb-infobox__content-wrap  uagb-infobox-icon-above-title uagb-infobox-image-valign-top\"><div class=\"uagb-ifb-content\"><div class=\"uagb-ifb-title-wrap\"><h1 class=\"uagb-ifb-title\">Un nuevo concepto de editorial donde las palabras y la creatividad se encuentran<\/h1><\/div><\/div><\/div>\n<\/div>\n<\/div>\n<\/div>\n<\/div><\/div>\n\n\n\n<div class=\"wp-block-uagb-container uagb-block-f0d8dae7 alignfull uagb-is-root-container\"><div class=\"uagb-container-inner-blocks-wrap\">\n<div class=\"wp-block-uagb-advanced-heading uagb-block-5898a73e\"><h3 class=\"uagb-heading-text\">En NEWS EDITORIAL, nos apasiona la literatura y queremos dar voz a los autores que buscan publicar en condiciones justas y con apoyo constante. Con operativa a nivel estatal, somos una editorial de proximidad que apuesta por la calidad humana y profesional.<\/h3><\/div>\n\n\n\n<div class=\"wp-block-uagb-container uagb-block-39f2abd6\">\n<div class=\"wp-block-uagb-advanced-heading uagb-block-4777fb0f\"><p class=\"uagb-desc-text\">Ofrecemos un acompa\u00f1amiento integral, desde el manuscrito hasta la distribuci\u00f3n, con un equipo humano que entiende la importancia de cada detalle. Creemos en la publicaci\u00f3n como un proceso vivo, enriquecedor y compartido.<\/p><\/div>\n\n\n\n<div class=\"wp-block-uagb-advanced-heading uagb-block-933457f2\"><p class=\"uagb-desc-text\">Cada proyecto editorial es \u00fanico, y nosotros lo tratamos como tal. Sabemos que detr\u00e1s de cada libro hay una historia personal, una lucha, una ilusi\u00f3n. Por eso, nuestro objetivo es cuidar este proceso con dedicaci\u00f3n, rigor y sensibilidad.<\/p><\/div>\n<\/div>\n\n\n\n<div data-aos= \"fade-up\" data-aos-duration=\"1550\" data-aos-delay=\"0\" data-aos-easing=\"ease\" data-aos-once=\"true\" class=\"wp-block-uagb-container uagb-block-a4795187 alignfull uagb-is-root-container\"><\/div>\n<\/div><\/div>\n\n\n\n<div class=\"wp-block-uagb-container uagb-block-d41cbdef alignfull uagb-is-root-container\"><div class=\"uagb-container-inner-blocks-wrap\">\n<div class=\"wp-block-uagb-container uagb-block-73c2c3ea\">\n<div class=\"wp-block-uagb-container uagb-block-b8c58042\">\n<div class=\"wp-block-uagb-advanced-heading uagb-block-03d5585c\"><h3 class=\"uagb-heading-text\">Visi\u00f3n<\/h3><\/div>\n<\/div>\n\n\n\n<div class=\"wp-block-uagb-container uagb-block-d9d060d2\">\n<div class=\"wp-block-uagb-advanced-heading uagb-block-0f4ea819\"><p class=\"uagb-desc-text\"><strong>Ser la editorial de referencia para autores que buscan una experiencia literaria transformadora, basada en la confianza, la proximidad y la creatividad.<\/strong><br>En NEWS EDITORIAL, aspiramos a cambiar el paradigma editorial poniendo al autor en el centro del proceso, rompiendo con los modelos impersonales y despersonalizados. Queremos ser un espacio donde las historias que impactan encuentren un camino digno hacia el lector, y donde cada autor sienta que publicar es tambi\u00e9n crecer, empoderarse y formar parte de una comunidad cultural con valores.<\/p><\/div>\n<\/div>\n<\/div>\n\n\n\n<div class=\"wp-block-uagb-container uagb-block-87c69055\">\n<div class=\"wp-block-uagb-container uagb-block-244c26d3\">\n<div class=\"wp-block-uagb-advanced-heading uagb-block-5395d84d\"><h3 class=\"uagb-heading-text\">Misi\u00f3n<\/h3><\/div>\n<\/div>\n\n\n\n<div class=\"wp-block-uagb-container uagb-block-58b71a15\">\n<div class=\"wp-block-uagb-advanced-heading uagb-block-612e9482\"><p class=\"uagb-desc-text\"><strong>Acompa\u00f1ar a los autores en su viaje editorial con un servicio personalizado, justo e integral, que combine la excelencia profesional con un trato humano.<\/strong><br>Nos comprometemos a ofrecer soluciones editoriales completas \u2013desde el dise\u00f1o hasta la difusi\u00f3n\u2013 gracias a un equipo multidisciplinar que entiende la singularidad de cada proyecto. Defendemos la transparencia, la calidad y la empat\u00eda como pilares fundamentales, y trabajamos cada libro con el cuidado y el respeto que merece. Nuestro objetivo es que publicar con nosotros sea una experiencia satisfactoria, honesta y memorable.<\/p><\/div>\n<\/div>\n<\/div>\n<\/div><\/div>\n\n\n\n<div class=\"wp-block-uagb-container uagb-block-17cc7195 alignfull uagb-is-root-container\"><div class=\"uagb-container-inner-blocks-wrap\">\n<div class=\"wp-block-uagb-info-box uagb-block-ad8305db uagb-infobox__content-wrap  uagb-infobox-icon-above-title uagb-infobox-image-valign-top\"><div class=\"uagb-ifb-content\"><div class=\"uagb-ifb-title-wrap\"><h2 class=\"uagb-ifb-title\"><strong>\u00bfQuieres publicar con nosotros?<\/strong><\/h2><\/div><p class=\"uagb-ifb-desc\">Si tienes un proyecto entre manos y est\u00e1s buscando una editorial que valore tu voz y te ofrezca un acompa\u00f1amiento real, ponte en contacto con nosotros. Estaremos encantados de conocer tu propuesta y ayudarte a hacerla realidad.<\/p><div class=\"uagb-ifb-button-wrapper wp-block-button\"><a href=\"\/es\/contactar\/\" class=\"uagb-infobox-cta-link wp-block-button__link\" target=\"_self\" rel=\"noopener noreferrer\" onclick=\"return true;\"><span class=\"uagb-inline-editing\">Contactar<\/span><\/a><\/div><\/div><\/div>\n<\/div><\/div>\n\n\n\n<p><\/p>","protected":false},"excerpt":{"rendered":"<p>En NEWS EDITORIAL, nos apasiona la literatura y queremos dar voz a los autores que buscan publicar en condiciones justas [&hellip;]<\/p>","protected":false},"author":1,"featured_media":0,"parent":0,"menu_order":2,"comment_status":"closed","ping_status":"closed","template":"","meta":{"_uag_custom_page_level_css":"","site-sidebar-layout":"default","site-content-layout":"","ast-site-content-layout":"","site-content-style":"default","site-sidebar-style":"default","ast-global-header-display":"","ast-banner-title-visibility":"","ast-main-header-display":"","ast-hfb-above-header-display":"","ast-hfb-below-header-display":"","ast-hfb-mobile-header-display":"","site-post-title":"disabled","ast-breadcrumbs-content":"","ast-featured-img":"","footer-sml-layout":"","theme-transparent-header-meta":"enabled","adv-header-id-meta":"","stick-header-meta":"","header-above-stick-meta":"","header-main-stick-meta":"","header-below-stick-meta":"","astra-migrate-meta-layouts":"default","ast-page-background-enabled":"default","ast-page-background-meta":{"desktop":{"background-color":"var(--ast-global-color-4)","background-image":"","background-repeat":"repeat","background-position":"center center","background-size":"auto","background-attachment":"scroll","background-type":"","background-media":"","overlay-type":"","overlay-color":"","overlay-opacity":"","overlay-gradient":""},"tablet":{"background-color":"","background-image":"","background-repeat":"repeat","background-position":"center center","background-size":"auto","background-attachment":"scroll","background-type":"","background-media":"","overlay-type":"","overlay-color":"","overlay-opacity":"","overlay-gradient":""},"mobile":{"background-color":"","background-image":"","background-repeat":"repeat","background-position":"center center","background-size":"auto","background-attachment":"scroll","background-type":"","background-media":"","overlay-type":"","overlay-color":"","overlay-opacity":"","overlay-gradient":""}},"ast-content-background-meta":{"desktop":{"background-color":"var(--ast-global-color-5)","background-image":"","background-repeat":"repeat","background-position":"center center","background-size":"auto","background-attachment":"scroll","background-type":"","background-media":"","overlay-type":"","overlay-color":"","overlay-opacity":"","overlay-gradient":""},"tablet":{"background-color":"var(--ast-global-color-5)","background-image":"","background-repeat":"repeat","background-position":"center center","background-size":"auto","background-attachment":"scroll","background-type":"","background-media":"","overlay-type":"","overlay-color":"","overlay-opacity":"","overlay-gradient":""},"mobile":{"background-color":"var(--ast-global-color-5)","background-image":"","background-repeat":"repeat","background-position":"center center","background-size":"auto","background-attachment":"scroll","background-type":"","background-media":"","overlay-type":"","overlay-color":"","overlay-opacity":"","overlay-gradient":""}},"footnotes":""},"class_list":["post-2886","page","type-page","status-publish","hentry"],"yoast_head":"<!-- This site is optimized with the Yoast SEO plugin v24.9 - https:\/\/yoast.com\/wordpress\/plugins\/seo\/ -->\n<title>Empresa -<\/title>\n<meta name=\"robots\" content=\"index, follow, max-snippet:-1, max-image-preview:large, max-video-preview:-1\" \/>\n<link rel=\"canonical\" href=\"https:\/\/newseditorial.es\/es\/empresa-es\/\" \/>\n<meta property=\"og:locale\" content=\"es_ES\" \/>\n<meta property=\"og:type\" content=\"article\" \/>\n<meta property=\"og:title\" content=\"Empresa -\" \/>\n<meta property=\"og:description\" content=\"En NEWS EDITORIAL, nos apasiona la literatura y queremos dar voz a los autores que buscan publicar en condiciones justas [&hellip;]\" \/>\n<meta property=\"og:url\" content=\"https:\/\/newseditorial.es\/es\/empresa-es\/\" \/>\n<meta property=\"article:modified_time\" content=\"2025-04-17T07:37:14+00:00\" \/>\n<meta name=\"twitter:card\" content=\"summary_large_image\" \/>\n<meta name=\"twitter:label1\" content=\"Tiempo de lectura\" \/>\n\t<meta name=\"twitter:data1\" content=\"2 minutos\" \/>\n<script type=\"application\/ld+json\" class=\"yoast-schema-graph\">{\"@context\":\"https:\/\/schema.org\",\"@graph\":[{\"@type\":\"WebPage\",\"@id\":\"https:\/\/newseditorial.es\/es\/empresa-es\/\",\"url\":\"https:\/\/newseditorial.es\/es\/empresa-es\/\",\"name\":\"Empresa -\",\"isPartOf\":{\"@id\":\"https:\/\/newseditorial.es\/es\/#website\"},\"datePublished\":\"2025-04-16T15:48:47+00:00\",\"dateModified\":\"2025-04-17T07:37:14+00:00\",\"breadcrumb\":{\"@id\":\"https:\/\/newseditorial.es\/es\/empresa-es\/#breadcrumb\"},\"inLanguage\":\"es\",\"potentialAction\":[{\"@type\":\"ReadAction\",\"target\":[\"https:\/\/newseditorial.es\/es\/empresa-es\/\"]}]},{\"@type\":\"BreadcrumbList\",\"@id\":\"https:\/\/newseditorial.es\/es\/empresa-es\/#breadcrumb\",\"itemListElement\":[{\"@type\":\"ListItem\",\"position\":1,\"name\":\"Portada\",\"item\":\"https:\/\/newseditorial.es\/es\/inicio\/\"},{\"@type\":\"ListItem\",\"position\":2,\"name\":\"Empresa\"}]},{\"@type\":\"WebSite\",\"@id\":\"https:\/\/newseditorial.es\/es\/#website\",\"url\":\"https:\/\/newseditorial.es\/es\/\",\"name\":\"\",\"description\":\"Editorial de Llibres\",\"potentialAction\":[{\"@type\":\"SearchAction\",\"target\":{\"@type\":\"EntryPoint\",\"urlTemplate\":\"https:\/\/newseditorial.es\/es\/?s={search_term_string}\"},\"query-input\":{\"@type\":\"PropertyValueSpecification\",\"valueRequired\":true,\"valueName\":\"search_term_string\"}}],\"inLanguage\":\"es\"}]}<\/script>\n<!-- \/ Yoast SEO plugin. -->","yoast_head_json":{"title":"Empresa -","robots":{"index":"index","follow":"follow","max-snippet":"max-snippet:-1","max-image-preview":"max-image-preview:large","max-video-preview":"max-video-preview:-1"},"canonical":"https:\/\/newseditorial.es\/es\/empresa-es\/","og_locale":"es_ES","og_type":"article","og_title":"Empresa -","og_description":"En NEWS EDITORIAL, nos apasiona la literatura y queremos dar voz a los autores que buscan publicar en condiciones justas [&hellip;]","og_url":"https:\/\/newseditorial.es\/es\/empresa-es\/","article_modified_time":"2025-04-17T07:37:14+00:00","twitter_card":"summary_large_image","twitter_misc":{"Tiempo de lectura":"2 minutos"},"schema":{"@context":"https:\/\/schema.org","@graph":[{"@type":"WebPage","@id":"https:\/\/newseditorial.es\/es\/empresa-es\/","url":"https:\/\/newseditorial.es\/es\/empresa-es\/","name":"Empresa -","isPartOf":{"@id":"https:\/\/newseditorial.es\/es\/#website"},"datePublished":"2025-04-16T15:48:47+00:00","dateModified":"2025-04-17T07:37:14+00:00","breadcrumb":{"@id":"https:\/\/newseditorial.es\/es\/empresa-es\/#breadcrumb"},"inLanguage":"es","potentialAction":[{"@type":"ReadAction","target":["https:\/\/newseditorial.es\/es\/empresa-es\/"]}]},{"@type":"BreadcrumbList","@id":"https:\/\/newseditorial.es\/es\/empresa-es\/#breadcrumb","itemListElement":[{"@type":"ListItem","position":1,"name":"Portada","item":"https:\/\/newseditorial.es\/es\/inicio\/"},{"@type":"ListItem","position":2,"name":"Empresa"}]},{"@type":"WebSite","@id":"https:\/\/newseditorial.es\/es\/#website","url":"https:\/\/newseditorial.es\/es\/","name":"","description":"Editorial de Llibres","potentialAction":[{"@type":"SearchAction","target":{"@type":"EntryPoint","urlTemplate":"https:\/\/newseditorial.es\/es\/?s={search_term_string}"},"query-input":{"@type":"PropertyValueSpecification","valueRequired":true,"valueName":"search_term_string"}}],"inLanguage":"es"}]}},"uagb_featured_image_src":{"full":false,"thumbnail":false,"medium":false,"medium_large":false,"large":false,"1536x1536":false,"2048x2048":false,"trp-custom-language-flag":false},"uagb_author_info":{"display_name":"admin","author_link":"https:\/\/newseditorial.es\/es\/author\/admin\/"},"uagb_comment_info":0,"uagb_excerpt":"En NEWS EDITORIAL, nos apasiona la literatura y queremos dar voz a los autores que buscan publicar en condiciones justas [&hellip;]","_links":{"self":[{"href":"https:\/\/newseditorial.es\/es\/wp-json\/wp\/v2\/pages\/2886","targetHints":{"allow":["GET"]}}],"collection":[{"href":"https:\/\/newseditorial.es\/es\/wp-json\/wp\/v2\/pages"}],"about":[{"href":"https:\/\/newseditorial.es\/es\/wp-json\/wp\/v2\/types\/page"}],"author":[{"embeddable":true,"href":"https:\/\/newseditorial.es\/es\/wp-json\/wp\/v2\/users\/1"}],"replies":[{"embeddable":true,"href":"https:\/\/newseditorial.es\/es\/wp-json\/wp\/v2\/comments?post=2886"}],"version-history":[{"count":5,"href":"https:\/\/newseditorial.es\/es\/wp-json\/wp\/v2\/pages\/2886\/revisions"}],"predecessor-version":[{"id":2970,"href":"https:\/\/newseditorial.es\/es\/wp-json\/wp\/v2\/pages\/2886\/revisions\/2970"}],"wp:attachment":[{"href":"https:\/\/newseditorial.es\/es\/wp-json\/wp\/v2\/media?parent=2886"}],"curies":[{"name":"wp","href":"https:\/\/api.w.org\/{rel}","templated":true}]}}