{"id":2760,"date":"2025-04-16T07:04:55","date_gmt":"2025-04-16T07:04:55","guid":{"rendered":"https:\/\/newseditorial.es\/?page_id=2760"},"modified":"2025-04-16T11:24:53","modified_gmt":"2025-04-16T11:24:53","slug":"politica-de-cookies","status":"publish","type":"page","link":"https:\/\/newseditorial.es\/ca\/politica-de-cookies\/","title":{"rendered":"Pol\u00edtica de cookies"},"content":{"rendered":"\n<p><\/p>\n\n\n\n<div class=\"wp-block-uagb-container uagb-block-52199da2 alignfull uagb-is-root-container\"><div class=\"uagb-container-inner-blocks-wrap\">\n<div class=\"wp-block-uagb-container uagb-block-e6eb5eae\">\n<div style=\"height:72px\" aria-hidden=\"true\" class=\"wp-block-spacer\"><\/div>\n<\/div>\n\n\n\n<div class=\"wp-block-uagb-advanced-heading uagb-block-dbb54667\"><h2 class=\"uagb-heading-text\">Pol\u00edtica de cookies<\/h2><\/div>\n<\/div><\/div>\n\n\n\n<hr class=\"wp-block-separator has-text-color has-ast-global-color-2-color has-alpha-channel-opacity has-ast-global-color-2-background-color has-background\" style=\"margin-top:var(--wp--preset--spacing--50);margin-bottom:var(--wp--preset--spacing--50)\"\/>\n\n\n\n<div class=\"wp-block-columns is-layout-flex wp-container-core-columns-is-layout-65eef5bf wp-block-columns-is-layout-flex\">\n<div class=\"wp-block-column is-layout-flow wp-block-column-is-layout-flow\">\n<h3 class=\"wp-block-heading\">INFORMACI\u00d3 SOBRE COOKIES<\/h3>\n\n\n\n<p>A causa de l\u2019entrada en vigor de la modificaci\u00f3 de la \u00abLlei de Serveis de la Societat de la Informaci\u00f3\u00bb (LSSICE) establerta pel Reial decret 13\/2012, \u00e9s obligatori obtenir el consentiment expr\u00e9s de l\u2019usuari de totes les p\u00e0gines web que utilitzen&nbsp;<em>cookies<\/em>&nbsp;prescindibles abans que aquest navegui per elles.<\/p>\n\n\n\n<h3 class=\"wp-block-heading\">QU\u00c8 S\u00d3N LES COOKIES?<\/h3>\n\n\n\n<p>Les&nbsp;<em>cookies<\/em>&nbsp;i altres tecnologies similars com local shared objects, flash&nbsp;<em>cookies<\/em>&nbsp;o p\u00edxels, s\u00f3n eines utilitzades pels servidors web per emmagatzemar i recuperar informaci\u00f3 sobre els seus visitants, aix\u00ed com per oferir un funcionament correcte del lloc.<br>Mitjan\u00e7ant l\u2019\u00fas d\u2019aquests dispositius, es permet al servidor web recordar algunes dades referents a l\u2019usuari, com les seves prefer\u00e8ncies de visualitzaci\u00f3, nom i contrasenya, productes d\u2019inter\u00e8s, etc.<\/p>\n\n\n\n<h3 class=\"wp-block-heading\">COOKIES AFECTADES PER LA NORMATIVA I COOKIES EXEMPTES<\/h3>\n\n\n\n<p>Segons la directiva de la UE, les&nbsp;<em>cookies<\/em>&nbsp;que requereixen el consentiment informat de l\u2019usuari s\u00f3n les&nbsp;<em>cookies<\/em>&nbsp;anal\u00edtiques i les de publicitat i afiliaci\u00f3, i queden exemptes les de car\u00e0cter t\u00e8cnic i les necess\u00e0ries per al funcionament del lloc web o la prestaci\u00f3 de serveis sol\u00b7licitats per l\u2019usuari.<\/p>\n\n\n\n<h3 class=\"wp-block-heading\">TIPUS DE COOKIES<\/h3>\n\n\n\n<p><strong>SEGONS LA FINALITAT<\/strong><\/p>\n\n\n\n<ul class=\"wp-block-list\">\n<li><strong><em>Cookies<\/em>&nbsp;t\u00e8cniques i funcionals:<\/strong>&nbsp;permeten a l&#8217;usuari navegar pel lloc web i utilitzar les diferents opcions o serveis disponibles.<\/li>\n\n\n\n<li><strong><em>Cookies<\/em>&nbsp;d&#8217;an\u00e0lisi:<\/strong>&nbsp;permeten al responsable monitoritzar i analitzar el comportament dels usuaris per millorar els serveis.<\/li>\n\n\n\n<li><strong><em>Cookies<\/em>&nbsp;publicit\u00e0ries:<\/strong>&nbsp;gestionen de manera eficient els espais publicitaris segons criteris com el contingut o la freq\u00fc\u00e8ncia dels anuncis.<\/li>\n\n\n\n<li><strong><em>Cookies<\/em>&nbsp;de publicitat comportamental:<\/strong>&nbsp;recullen informaci\u00f3 sobre les prefer\u00e8ncies de l\u2019usuari per gestionar els espais publicitaris de manera personalitzada.<\/li>\n\n\n\n<li><strong><em>Cookies<\/em>&nbsp;socials:<\/strong>&nbsp;instal\u00b7lades per plataformes de xarxes socials per permetre compartir contingut.<\/li>\n\n\n\n<li><strong><em>Cookies<\/em>&nbsp;d\u2019afiliats:<\/strong>&nbsp;permeten fer un seguiment de les visites procedents d\u2019altres webs amb contractes d\u2019afiliaci\u00f3.<\/li>\n\n\n\n<li><strong><em>Cookies<\/em>&nbsp;de seguretat:<\/strong>&nbsp;emmagatzemen informaci\u00f3 xifrada per evitar atacs maliciosos.<\/li>\n<\/ul>\n\n\n\n<p><strong>SEGONS LA PROPIETAT<\/strong><\/p>\n\n\n\n<ul class=\"wp-block-list\">\n<li><strong><em>Cookies<\/em>&nbsp;pr\u00f2pies:<\/strong>&nbsp;enviades des del domini del propi editor.<\/li>\n\n\n\n<li><strong><em>Cookies<\/em>&nbsp;de tercers:<\/strong>&nbsp;enviades des d\u2019un domini gestionat per una altra entitat.<\/li>\n<\/ul>\n\n\n\n<p><strong>SEGONS EL TERMINI DE CONSERVACI\u00d3<\/strong><\/p>\n\n\n\n<ul class=\"wp-block-list\">\n<li><strong><em>Cookies<\/em>&nbsp;de sessi\u00f3:<\/strong>&nbsp;emmagatzemen dades mentre l&#8217;usuari accedeix al lloc web.<\/li>\n\n\n\n<li><strong><em>Cookies<\/em>&nbsp;persistents:<\/strong>&nbsp;emmagatzemen dades durant un per\u00edode definit que pot variar des de minuts fins a diversos anys.<\/li>\n<\/ul>\n\n\n\n<h3 class=\"wp-block-heading\">TRACTAMENT DE DADES PERSONALS<\/h3>\n\n\n\n<p><strong>NEWS EDITORIAL <\/strong>\u00e9s el&nbsp;<strong>Responsable del tractament<\/strong>&nbsp;de les dades personals de l&#8217;<strong>Interessat<\/strong>&nbsp;i informa que aquestes dades es tractaran d&#8217;acord amb el Reglament (UE) 2016\/679 (GDPR).<br><strong>Finalitats del tractament:<\/strong>&nbsp;segons es detalla a l\u2019apartat de cookies.<br><strong>Legitimaci\u00f3 del tractament:<\/strong>&nbsp;per consentiment de l\u2019interessat (art. 6.1 GDPR).<br><strong>Criteris de conservaci\u00f3:<\/strong>&nbsp;segons l\u2019apartat de cookies utilitzades al web.<br><strong>Comunicaci\u00f3 de dades:<\/strong>&nbsp;no es comunicaran dades a tercers, excepte per cookies de tercers o obligaci\u00f3 legal.<br><strong>Drets de l\u2019Interessat:<\/strong><br>&#8211; Dret a retirar el consentiment en qualsevol moment.<br>&#8211; Dret d\u2019acc\u00e9s, rectificaci\u00f3, portabilitat i supressi\u00f3 de les seves dades.<br>&#8211; Dret a presentar una reclamaci\u00f3 a l\u2019Autoritat de control (www.aepd.es).<br><strong>Contacte:<\/strong>&nbsp;NEWS EDITORIAL. C\/ Torres Amat, 18-22, 08650 Sallent (Barcelona). Correu electr\u00f2nic:&nbsp;<a href=\"mailto:info@casallent.net\">hola@newseditorial.es<\/a><\/p>\n\n\n\n<h3 class=\"wp-block-heading\">COOKIES UTILITZADES EN AQUEST LLOC WEB<\/h3>\n\n\n\n<p><strong>COOKIES CONTROLADES PER L&#8217;EDITOR<\/strong><\/p>\n\n\n\n<p>T\u00e8cniques i funcionals<\/p>\n\n\n\n<figure class=\"wp-block-table\"><table class=\"has-fixed-layout\"><thead><tr><th>Propietat<\/th><th>Cookie<\/th><th>Finalitat<\/th><th>Termini<\/th><\/tr><\/thead><tbody><tr><td>newseditorial.es<\/td><td>PHPSESSID<\/td><td>Cookie per mantenir les variables de sessi\u00f3 de l&#8217;usuari.<\/td><td>Sessi\u00f3<\/td><\/tr><\/tbody><\/table><\/figure>\n\n\n\n<p>Anal\u00edtiques<\/p>\n\n\n\n<figure class=\"wp-block-table\"><table class=\"has-fixed-layout\"><thead><tr><th>Propietat<\/th><th>Cookie<\/th><th>Finalitat<\/th><th>Termini<\/th><\/tr><\/thead><tbody><tr><td>newseditorial.es<\/td><td>_ga<\/td><td>ID per identificar els usuaris<\/td><td>2 anys<\/td><\/tr><tr><td>newseditorial.es<\/td><td>_gat<\/td><td>Monitoritzar el nombre de peticions a Google Analytics<\/td><td>Sessi\u00f3<\/td><\/tr><tr><td>newseditorial.es<\/td><td>_gid<\/td><td>ID per identificar usuaris durant 24 hores<\/td><td>22 hores<\/td><\/tr><\/tbody><\/table><\/figure>\n\n\n\n<p><strong>COOKIES DE TERCERS<\/strong><\/p>\n\n\n\n<p>Els serveis de tercers s\u00f3n fora del control de l\u2019editor.<\/p>\n\n\n\n<figure class=\"wp-block-table\"><table class=\"has-fixed-layout\"><thead><tr><th>Editor<\/th><th>Pol\u00edtica de privacitat<\/th><\/tr><\/thead><tbody><tr><td>Google Analytics<\/td><td><a href=\"https:\/\/privacy.google.com\/take-control.html\">https:\/\/privacy.google.com\/take-control.html<\/a><\/td><\/tr><tr><td>PHP.net<\/td><td><a href=\"https:\/\/www.php.net\/privacy.php\">https:\/\/www.php.net\/privacy.php<\/a><\/td><\/tr><\/tbody><\/table><\/figure>\n\n\n\n<p><strong>PANELL DE CONFIGURACI\u00d3 DE COOKIES<\/strong><\/p>\n\n\n\n<p>Des d\u2019aquest panell pot configurar les cookies.<\/p>\n<\/div>\n<\/div>\n","protected":false},"excerpt":{"rendered":"<p>Pol\u00edtica de cookies INFORMACI\u00d3 SOBRE COOKIES A causa de l\u2019entrada en vigor de la modificaci\u00f3 de la \u00abLlei de Serveis [&hellip;]<\/p>\n","protected":false},"author":1,"featured_media":0,"parent":0,"menu_order":13,"comment_status":"closed","ping_status":"closed","template":"","meta":{"_uag_custom_page_level_css":"","site-sidebar-layout":"default","site-content-layout":"","ast-site-content-layout":"","site-content-style":"default","site-sidebar-style":"default","ast-global-header-display":"","ast-banner-title-visibility":"","ast-main-header-display":"","ast-hfb-above-header-display":"","ast-hfb-below-header-display":"","ast-hfb-mobile-header-display":"","site-post-title":"disabled","ast-breadcrumbs-content":"","ast-featured-img":"","footer-sml-layout":"","theme-transparent-header-meta":"","adv-header-id-meta":"","stick-header-meta":"","header-above-stick-meta":"","header-main-stick-meta":"","header-below-stick-meta":"","astra-migrate-meta-layouts":"default","ast-page-background-enabled":"default","ast-page-background-meta":{"desktop":{"background-color":"var(--ast-global-color-4)","background-image":"","background-repeat":"repeat","background-position":"center center","background-size":"auto","background-attachment":"scroll","background-type":"","background-media":"","overlay-type":"","overlay-color":"","overlay-opacity":"","overlay-gradient":""},"tablet":{"background-color":"","background-image":"","background-repeat":"repeat","background-position":"center center","background-size":"auto","background-attachment":"scroll","background-type":"","background-media":"","overlay-type":"","overlay-color":"","overlay-opacity":"","overlay-gradient":""},"mobile":{"background-color":"","background-image":"","background-repeat":"repeat","background-position":"center center","background-size":"auto","background-attachment":"scroll","background-type":"","background-media":"","overlay-type":"","overlay-color":"","overlay-opacity":"","overlay-gradient":""}},"ast-content-background-meta":{"desktop":{"background-color":"var(--ast-global-color-5)","background-image":"","background-repeat":"repeat","background-position":"center center","background-size":"auto","background-attachment":"scroll","background-type":"","background-media":"","overlay-type":"","overlay-color":"","overlay-opacity":"","overlay-gradient":""},"tablet":{"background-color":"var(--ast-global-color-5)","background-image":"","background-repeat":"repeat","background-position":"center center","background-size":"auto","background-attachment":"scroll","background-type":"","background-media":"","overlay-type":"","overlay-color":"","overlay-opacity":"","overlay-gradient":""},"mobile":{"background-color":"var(--ast-global-color-5)","background-image":"","background-repeat":"repeat","background-position":"center center","background-size":"auto","background-attachment":"scroll","background-type":"","background-media":"","overlay-type":"","overlay-color":"","overlay-opacity":"","overlay-gradient":""}},"footnotes":""},"class_list":["post-2760","page","type-page","status-publish","hentry"],"yoast_head":"<!-- This site is optimized with the Yoast SEO plugin v24.9 - https:\/\/yoast.com\/wordpress\/plugins\/seo\/ -->\n<title>Pol\u00edtica de cookies -<\/title>\n<meta name=\"robots\" content=\"index, follow, max-snippet:-1, max-image-preview:large, max-video-preview:-1\" \/>\n<link rel=\"canonical\" href=\"https:\/\/newseditorial.es\/ca\/politica-de-cookies\/\" \/>\n<meta property=\"og:locale\" content=\"ca_ES\" \/>\n<meta property=\"og:type\" content=\"article\" \/>\n<meta property=\"og:title\" content=\"Pol\u00edtica de cookies -\" \/>\n<meta property=\"og:description\" content=\"Pol\u00edtica de cookies INFORMACI\u00d3 SOBRE COOKIES A causa de l\u2019entrada en vigor de la modificaci\u00f3 de la \u00abLlei de Serveis [&hellip;]\" \/>\n<meta property=\"og:url\" content=\"https:\/\/newseditorial.es\/ca\/politica-de-cookies\/\" \/>\n<meta property=\"article:modified_time\" content=\"2025-04-16T11:24:53+00:00\" \/>\n<meta name=\"twitter:card\" content=\"summary_large_image\" \/>\n<meta name=\"twitter:label1\" content=\"Temps estimat de lectura\" \/>\n\t<meta name=\"twitter:data1\" content=\"3 minuts\" \/>\n<script type=\"application\/ld+json\" class=\"yoast-schema-graph\">{\"@context\":\"https:\/\/schema.org\",\"@graph\":[{\"@type\":\"WebPage\",\"@id\":\"https:\/\/newseditorial.es\/ca\/politica-de-cookies\/\",\"url\":\"https:\/\/newseditorial.es\/ca\/politica-de-cookies\/\",\"name\":\"Pol\u00edtica de cookies -\",\"isPartOf\":{\"@id\":\"https:\/\/newseditorial.es\/ca\/#website\"},\"datePublished\":\"2025-04-16T07:04:55+00:00\",\"dateModified\":\"2025-04-16T11:24:53+00:00\",\"breadcrumb\":{\"@id\":\"https:\/\/newseditorial.es\/ca\/politica-de-cookies\/#breadcrumb\"},\"inLanguage\":\"ca\",\"potentialAction\":[{\"@type\":\"ReadAction\",\"target\":[\"https:\/\/newseditorial.es\/ca\/politica-de-cookies\/\"]}]},{\"@type\":\"BreadcrumbList\",\"@id\":\"https:\/\/newseditorial.es\/ca\/politica-de-cookies\/#breadcrumb\",\"itemListElement\":[{\"@type\":\"ListItem\",\"position\":1,\"name\":\"Portada\",\"item\":\"https:\/\/newseditorial.es\/ca\/inici\/\"},{\"@type\":\"ListItem\",\"position\":2,\"name\":\"Pol\u00edtica de cookies\"}]},{\"@type\":\"WebSite\",\"@id\":\"https:\/\/newseditorial.es\/ca\/#website\",\"url\":\"https:\/\/newseditorial.es\/ca\/\",\"name\":\"\",\"description\":\"Editorial de Llibres\",\"potentialAction\":[{\"@type\":\"SearchAction\",\"target\":{\"@type\":\"EntryPoint\",\"urlTemplate\":\"https:\/\/newseditorial.es\/ca\/?s={search_term_string}\"},\"query-input\":{\"@type\":\"PropertyValueSpecification\",\"valueRequired\":true,\"valueName\":\"search_term_string\"}}],\"inLanguage\":\"ca\"}]}<\/script>\n<!-- \/ Yoast SEO plugin. -->","yoast_head_json":{"title":"Pol\u00edtica de cookies -","robots":{"index":"index","follow":"follow","max-snippet":"max-snippet:-1","max-image-preview":"max-image-preview:large","max-video-preview":"max-video-preview:-1"},"canonical":"https:\/\/newseditorial.es\/ca\/politica-de-cookies\/","og_locale":"ca_ES","og_type":"article","og_title":"Pol\u00edtica de cookies -","og_description":"Pol\u00edtica de cookies INFORMACI\u00d3 SOBRE COOKIES A causa de l\u2019entrada en vigor de la modificaci\u00f3 de la \u00abLlei de Serveis [&hellip;]","og_url":"https:\/\/newseditorial.es\/ca\/politica-de-cookies\/","article_modified_time":"2025-04-16T11:24:53+00:00","twitter_card":"summary_large_image","twitter_misc":{"Temps estimat de lectura":"3 minuts"},"schema":{"@context":"https:\/\/schema.org","@graph":[{"@type":"WebPage","@id":"https:\/\/newseditorial.es\/ca\/politica-de-cookies\/","url":"https:\/\/newseditorial.es\/ca\/politica-de-cookies\/","name":"Pol\u00edtica de cookies -","isPartOf":{"@id":"https:\/\/newseditorial.es\/ca\/#website"},"datePublished":"2025-04-16T07:04:55+00:00","dateModified":"2025-04-16T11:24:53+00:00","breadcrumb":{"@id":"https:\/\/newseditorial.es\/ca\/politica-de-cookies\/#breadcrumb"},"inLanguage":"ca","potentialAction":[{"@type":"ReadAction","target":["https:\/\/newseditorial.es\/ca\/politica-de-cookies\/"]}]},{"@type":"BreadcrumbList","@id":"https:\/\/newseditorial.es\/ca\/politica-de-cookies\/#breadcrumb","itemListElement":[{"@type":"ListItem","position":1,"name":"Portada","item":"https:\/\/newseditorial.es\/ca\/inici\/"},{"@type":"ListItem","position":2,"name":"Pol\u00edtica de cookies"}]},{"@type":"WebSite","@id":"https:\/\/newseditorial.es\/ca\/#website","url":"https:\/\/newseditorial.es\/ca\/","name":"","description":"Editorial de Llibres","potentialAction":[{"@type":"SearchAction","target":{"@type":"EntryPoint","urlTemplate":"https:\/\/newseditorial.es\/ca\/?s={search_term_string}"},"query-input":{"@type":"PropertyValueSpecification","valueRequired":true,"valueName":"search_term_string"}}],"inLanguage":"ca"}]}},"uagb_featured_image_src":{"full":false,"thumbnail":false,"medium":false,"medium_large":false,"large":false,"1536x1536":false,"2048x2048":false,"trp-custom-language-flag":false},"uagb_author_info":{"display_name":"admin","author_link":"https:\/\/newseditorial.es\/ca\/author\/admin\/"},"uagb_comment_info":0,"uagb_excerpt":"Pol\u00edtica de cookies INFORMACI\u00d3 SOBRE COOKIES A causa de l\u2019entrada en vigor de la modificaci\u00f3 de la \u00abLlei de Serveis [&hellip;]","_links":{"self":[{"href":"https:\/\/newseditorial.es\/ca\/wp-json\/wp\/v2\/pages\/2760","targetHints":{"allow":["GET"]}}],"collection":[{"href":"https:\/\/newseditorial.es\/ca\/wp-json\/wp\/v2\/pages"}],"about":[{"href":"https:\/\/newseditorial.es\/ca\/wp-json\/wp\/v2\/types\/page"}],"author":[{"embeddable":true,"href":"https:\/\/newseditorial.es\/ca\/wp-json\/wp\/v2\/users\/1"}],"replies":[{"embeddable":true,"href":"https:\/\/newseditorial.es\/ca\/wp-json\/wp\/v2\/comments?post=2760"}],"version-history":[{"count":8,"href":"https:\/\/newseditorial.es\/ca\/wp-json\/wp\/v2\/pages\/2760\/revisions"}],"predecessor-version":[{"id":2796,"href":"https:\/\/newseditorial.es\/ca\/wp-json\/wp\/v2\/pages\/2760\/revisions\/2796"}],"wp:attachment":[{"href":"https:\/\/newseditorial.es\/ca\/wp-json\/wp\/v2\/media?parent=2760"}],"curies":[{"name":"wp","href":"https:\/\/api.w.org\/{rel}","templated":true}]}}