{"id":2750,"date":"2025-04-16T05:27:39","date_gmt":"2025-04-16T05:27:39","guid":{"rendered":"https:\/\/newseditorial.es\/?page_id=2750"},"modified":"2025-04-16T11:25:41","modified_gmt":"2025-04-16T11:25:41","slug":"accessibilitat","status":"publish","type":"page","link":"https:\/\/newseditorial.es\/ca\/accessibilitat\/","title":{"rendered":"Accessibilitat"},"content":{"rendered":"\n<p><\/p>\n\n\n\n<div class=\"wp-block-uagb-container uagb-block-52199da2 alignfull uagb-is-root-container\"><div class=\"uagb-container-inner-blocks-wrap\">\n<div class=\"wp-block-uagb-container uagb-block-e6eb5eae\">\n<div style=\"height:72px\" aria-hidden=\"true\" class=\"wp-block-spacer\"><\/div>\n<\/div>\n\n\n\n<div class=\"wp-block-uagb-advanced-heading uagb-block-dbb54667\"><h2 class=\"uagb-heading-text\">Accessibilitat<\/h2><\/div>\n<\/div><\/div>\n\n\n\n<hr class=\"wp-block-separator has-text-color has-ast-global-color-2-color has-alpha-channel-opacity has-ast-global-color-2-background-color has-background\" style=\"margin-top:var(--wp--preset--spacing--50);margin-bottom:var(--wp--preset--spacing--50)\"\/>\n\n\n\n<div class=\"wp-block-columns is-layout-flex wp-container-core-columns-is-layout-65eef5bf wp-block-columns-is-layout-flex\">\n<div class=\"wp-block-column is-layout-flow wp-block-column-is-layout-flow\">\n<p style=\"font-size:15px\"><strong>NEWS EDITORIAL <\/strong>s\u2019ha comprom\u00e8s a fer accessible el seu lloc web, d&#8217;acord amb el&nbsp;<a href=\"https:\/\/www.boe.es\/buscar\/act.php?id=BOE-A-2018-12699\" target=\"_blank\" rel=\"noreferrer noopener\"><strong>Reial decret 1112\/2018<\/strong><\/a>, de 7 de setembre, sobre accessibilitat dels llocs web i aplicacions per a dispositius m\u00f2bils, pel qual es transposa a l&#8217;ordenament jur\u00eddic espanyol la&nbsp;<a href=\"http:\/\/eur-lex.europa.eu\/legal-content\/ES\/TXT\/?uri=uriserv:OJ.L_.2016.327.01.0001.01.SPA&amp;toc=OJ:L:2016:327:FULL\" target=\"_blank\" rel=\"noreferrer noopener\"><strong>Directiva (UE) 2016\/2102 del Parlament Europeu i del Consell<\/strong><\/a>.<br>La present declaraci\u00f3 d&#8217;accessibilitat s&#8217;aplica al lloc web&nbsp;<strong><a href=\"https:\/\/www.newseditorial.es\">www.newseditorial.es<\/a><\/strong><\/p>\n\n\n\n<h3 class=\"wp-block-heading\">SITUACI\u00d3 DE COMPLIMENT<\/h3>\n\n\n\n<p>Aquest lloc web \u00e9s parcialment conforme amb el&nbsp;<a href=\"https:\/\/www.boe.es\/diario_boe\/txt.php?id=BOE-A-2018-12699\" target=\"_blank\" rel=\"noreferrer noopener\"><strong>RD 1112\/2018<\/strong><\/a>&nbsp;a causa de les excepcions i la manca de conformitat dels aspectes que s&#8217;indiquen a continuaci\u00f3.<\/p>\n\n\n\n<h3 class=\"wp-block-heading\">CONTINGUT NO ACCESSIBLE<\/h3>\n\n\n\n<p>El contingut que es recull a continuaci\u00f3 no \u00e9s accessible per les seg\u00fcents raons:<\/p>\n\n\n\n<ul class=\"wp-block-list\">\n<li>Manca de conformitat amb el RD 1112\/2018<\/li>\n\n\n\n<li>A causa de l\u2019automatitzaci\u00f3 d&#8217;algunes publicacions, podrien haver-hi p\u00e0gines amb un incorrecte anidament d&#8217;etiquetes HTML.<\/li>\n\n\n\n<li>Hi ha documents en format PDF que no compleixen amb la normativa, tot i que existeix una alternativa textual HTML que s\u00ed compleix la normativa.<\/li>\n\n\n\n<li>Podrien existir errors puntuals d\u2019edici\u00f3 en alguna p\u00e0gina web.<\/li>\n\n\n\n<li>C\u00e0rrega desproporcionada<\/li>\n\n\n\n<li>No aplica.<\/li>\n\n\n\n<li>Contingut que no entra dins l&#8217;\u00e0mbit de la legislaci\u00f3 aplicable<\/li>\n\n\n\n<li>Fitxers ofim\u00e0tics en PDF o altres formats, aix\u00ed com aplicacions publicades abans del 20 de setembre de 2018 que no compleixen tots els requisits d&#8217;accessibilitat.<\/li>\n\n\n\n<li>Continguts multim\u00e8dia en directe.<\/li>\n\n\n\n<li>Contingut multim\u00e8dia pregravat de base temporal&nbsp;<em>del ple i rodes de premsa<\/em>, o publicat abans de l\u2019entrada en vigor del Reial decret.<\/li>\n\n\n\n<li>Serveis de mapa i cartografia online.<\/li>\n<\/ul>\n\n\n\n<h3 class=\"wp-block-heading\">PREPARACI\u00d3 DE LA PRESENT DECLARACI\u00d3 D&#8217;ACCESSIBILITAT<\/h3>\n\n\n\n<p>La present declaraci\u00f3 es va preparar l\u201911 d&#8217;abril de 2023 i est\u00e0 basada en els informes d&#8217;accessibilitat web de l\u2019<a href=\"https:\/\/administracionelectronica.gob.es\/pae_Home\/pae_Estrategias\/pae_Accessibilitat.html\" target=\"_blank\" rel=\"noreferrer noopener\"><strong>Observatori d&#8217;Accessibilitat<\/strong><\/a>.<\/p>\n\n\n\n<h3 class=\"wp-block-heading\">OBSERVACIONS I DADES DE CONTACTE<\/h3>\n\n\n\n<p>Es poden fer comunicacions sobre els requisits d&#8217;accessibilitat (article 10.2 del RD 1112\/2018) com:<\/p>\n\n\n\n<ul class=\"wp-block-list\">\n<li>informar sobre qualsevol possible incompliment per part d&#8217;aquest lloc web<\/li>\n\n\n\n<li>transmetre altres dificultats d\u2019acc\u00e9s al contingut<\/li>\n\n\n\n<li>formular qualsevol altra consulta o suggeriment de millora relativa a l\u2019accessibilitat del lloc web a trav\u00e9s del&nbsp;<strong><a href=\"mailto:hola@newseditorial.es\">correu electr\u00f2nic<\/a><\/strong>&nbsp;d&#8217;aquest lloc web<\/li>\n<\/ul>\n\n\n\n<p>Les comunicacions seran rebudes i tractades per <strong>NEWS EDITORIAL<\/strong>.<\/p>\n\n\n\n<h3 class=\"wp-block-heading\">PROCEDIMENT D\u2019APLICACI\u00d3<\/h3>\n\n\n\n<p>Es posar\u00e0 en marxa un procediment d&#8217;aplicaci\u00f3 adequat i efica\u00e7 al qual cal rec\u00f3rrer en cas que la resposta a la comunicaci\u00f3 o la sol\u00b7licitud sigui insatisfact\u00f2ria.<\/p>\n\n\n\n<h3 class=\"wp-block-heading\">CONTINGUT OPCIONAL<\/h3>\n\n\n\n<p>Aquest lloc web:<\/p>\n\n\n\n<p style=\"font-size:15px\">Est\u00e0 dissenyat per utilitzar-lo amb JavaScript no intrusiu.<\/p>\n\n\n\n<p>Ha estat dissenyat adaptant-se als est\u00e0ndards i normatives vigents en relaci\u00f3 amb l&#8217;accessibilitat, complint amb els punts de verificaci\u00f3 de prioritat 2 (AA) definits en l&#8217;especificaci\u00f3 de les Pautes d\u2019Accessibilitat al Contingut Web (WCAG 2.1).<\/p>\n\n\n\n<p>Compleix amb els requisits de la Norma&nbsp;<a href=\"https:\/\/administracionelectronica.gob.es\/pae_Home\/dam\/jcr:2352eaaf-2ee8-4501-a67b-bb682c6de934\/Norma_UNE-EN_301549.pdf\" target=\"_blank\" rel=\"noreferrer noopener\"><strong>UNE-EN 301549 v1.1.2:2015<\/strong><\/a>, considerant les excepcions del Reial decret 1112\/2018.<\/p>\n\n\n\n<p>Est\u00e0 dissenyat per a la seva correcta visualitzaci\u00f3 en dispositius d\u2019escriptori, tauletes i m\u00f2bils per a una resoluci\u00f3 m\u00ednima de 1280\u00d71024.<\/p>\n\n\n\n<p>Ha estat desenvolupat utilitzant HTML5 com a llenguatge de marcat i fulls d\u2019estil CSS3 per al disseny.<\/p>\n\n\n\n<p style=\"font-size:15px\"><\/p>\n\n\n\n<p style=\"font-size:15px\"><\/p>\n<\/div>\n<\/div>\n","protected":false},"excerpt":{"rendered":"<p>Accessibilitat NEWS EDITORIAL s\u2019ha comprom\u00e8s a fer accessible el seu lloc web, d&#8217;acord amb el&nbsp;Reial decret 1112\/2018, de 7 de [&hellip;]<\/p>\n","protected":false},"author":1,"featured_media":0,"parent":0,"menu_order":12,"comment_status":"closed","ping_status":"closed","template":"","meta":{"_uag_custom_page_level_css":"","site-sidebar-layout":"default","site-content-layout":"","ast-site-content-layout":"","site-content-style":"default","site-sidebar-style":"default","ast-global-header-display":"","ast-banner-title-visibility":"","ast-main-header-display":"","ast-hfb-above-header-display":"","ast-hfb-below-header-display":"","ast-hfb-mobile-header-display":"","site-post-title":"disabled","ast-breadcrumbs-content":"","ast-featured-img":"","footer-sml-layout":"","theme-transparent-header-meta":"","adv-header-id-meta":"","stick-header-meta":"","header-above-stick-meta":"","header-main-stick-meta":"","header-below-stick-meta":"","astra-migrate-meta-layouts":"default","ast-page-background-enabled":"default","ast-page-background-meta":{"desktop":{"background-color":"var(--ast-global-color-4)","background-image":"","background-repeat":"repeat","background-position":"center center","background-size":"auto","background-attachment":"scroll","background-type":"","background-media":"","overlay-type":"","overlay-color":"","overlay-opacity":"","overlay-gradient":""},"tablet":{"background-color":"","background-image":"","background-repeat":"repeat","background-position":"center center","background-size":"auto","background-attachment":"scroll","background-type":"","background-media":"","overlay-type":"","overlay-color":"","overlay-opacity":"","overlay-gradient":""},"mobile":{"background-color":"","background-image":"","background-repeat":"repeat","background-position":"center center","background-size":"auto","background-attachment":"scroll","background-type":"","background-media":"","overlay-type":"","overlay-color":"","overlay-opacity":"","overlay-gradient":""}},"ast-content-background-meta":{"desktop":{"background-color":"var(--ast-global-color-5)","background-image":"","background-repeat":"repeat","background-position":"center center","background-size":"auto","background-attachment":"scroll","background-type":"","background-media":"","overlay-type":"","overlay-color":"","overlay-opacity":"","overlay-gradient":""},"tablet":{"background-color":"var(--ast-global-color-5)","background-image":"","background-repeat":"repeat","background-position":"center center","background-size":"auto","background-attachment":"scroll","background-type":"","background-media":"","overlay-type":"","overlay-color":"","overlay-opacity":"","overlay-gradient":""},"mobile":{"background-color":"var(--ast-global-color-5)","background-image":"","background-repeat":"repeat","background-position":"center center","background-size":"auto","background-attachment":"scroll","background-type":"","background-media":"","overlay-type":"","overlay-color":"","overlay-opacity":"","overlay-gradient":""}},"footnotes":""},"class_list":["post-2750","page","type-page","status-publish","hentry"],"yoast_head":"<!-- This site is optimized with the Yoast SEO plugin v24.9 - https:\/\/yoast.com\/wordpress\/plugins\/seo\/ -->\n<title>Accessibilitat -<\/title>\n<meta name=\"robots\" content=\"index, follow, max-snippet:-1, max-image-preview:large, max-video-preview:-1\" \/>\n<link rel=\"canonical\" href=\"https:\/\/newseditorial.es\/ca\/accessibilitat\/\" \/>\n<meta property=\"og:locale\" content=\"ca_ES\" \/>\n<meta property=\"og:type\" content=\"article\" \/>\n<meta property=\"og:title\" content=\"Accessibilitat -\" \/>\n<meta property=\"og:description\" content=\"Accessibilitat NEWS EDITORIAL s\u2019ha comprom\u00e8s a fer accessible el seu lloc web, d&#8217;acord amb el&nbsp;Reial decret 1112\/2018, de 7 de [&hellip;]\" \/>\n<meta property=\"og:url\" content=\"https:\/\/newseditorial.es\/ca\/accessibilitat\/\" \/>\n<meta property=\"article:modified_time\" content=\"2025-04-16T11:25:41+00:00\" \/>\n<meta name=\"twitter:card\" content=\"summary_large_image\" \/>\n<meta name=\"twitter:label1\" content=\"Temps estimat de lectura\" \/>\n\t<meta name=\"twitter:data1\" content=\"3 minuts\" \/>\n<script type=\"application\/ld+json\" class=\"yoast-schema-graph\">{\"@context\":\"https:\/\/schema.org\",\"@graph\":[{\"@type\":\"WebPage\",\"@id\":\"https:\/\/newseditorial.es\/ca\/accessibilitat\/\",\"url\":\"https:\/\/newseditorial.es\/ca\/accessibilitat\/\",\"name\":\"Accessibilitat -\",\"isPartOf\":{\"@id\":\"https:\/\/newseditorial.es\/ca\/#website\"},\"datePublished\":\"2025-04-16T05:27:39+00:00\",\"dateModified\":\"2025-04-16T11:25:41+00:00\",\"breadcrumb\":{\"@id\":\"https:\/\/newseditorial.es\/ca\/accessibilitat\/#breadcrumb\"},\"inLanguage\":\"ca\",\"potentialAction\":[{\"@type\":\"ReadAction\",\"target\":[\"https:\/\/newseditorial.es\/ca\/accessibilitat\/\"]}]},{\"@type\":\"BreadcrumbList\",\"@id\":\"https:\/\/newseditorial.es\/ca\/accessibilitat\/#breadcrumb\",\"itemListElement\":[{\"@type\":\"ListItem\",\"position\":1,\"name\":\"Portada\",\"item\":\"https:\/\/newseditorial.es\/ca\/inici\/\"},{\"@type\":\"ListItem\",\"position\":2,\"name\":\"Accessibilitat\"}]},{\"@type\":\"WebSite\",\"@id\":\"https:\/\/newseditorial.es\/ca\/#website\",\"url\":\"https:\/\/newseditorial.es\/ca\/\",\"name\":\"\",\"description\":\"Editorial de Llibres\",\"potentialAction\":[{\"@type\":\"SearchAction\",\"target\":{\"@type\":\"EntryPoint\",\"urlTemplate\":\"https:\/\/newseditorial.es\/ca\/?s={search_term_string}\"},\"query-input\":{\"@type\":\"PropertyValueSpecification\",\"valueRequired\":true,\"valueName\":\"search_term_string\"}}],\"inLanguage\":\"ca\"}]}<\/script>\n<!-- \/ Yoast SEO plugin. -->","yoast_head_json":{"title":"Accessibilitat -","robots":{"index":"index","follow":"follow","max-snippet":"max-snippet:-1","max-image-preview":"max-image-preview:large","max-video-preview":"max-video-preview:-1"},"canonical":"https:\/\/newseditorial.es\/ca\/accessibilitat\/","og_locale":"ca_ES","og_type":"article","og_title":"Accessibilitat -","og_description":"Accessibilitat NEWS EDITORIAL s\u2019ha comprom\u00e8s a fer accessible el seu lloc web, d&#8217;acord amb el&nbsp;Reial decret 1112\/2018, de 7 de [&hellip;]","og_url":"https:\/\/newseditorial.es\/ca\/accessibilitat\/","article_modified_time":"2025-04-16T11:25:41+00:00","twitter_card":"summary_large_image","twitter_misc":{"Temps estimat de lectura":"3 minuts"},"schema":{"@context":"https:\/\/schema.org","@graph":[{"@type":"WebPage","@id":"https:\/\/newseditorial.es\/ca\/accessibilitat\/","url":"https:\/\/newseditorial.es\/ca\/accessibilitat\/","name":"Accessibilitat -","isPartOf":{"@id":"https:\/\/newseditorial.es\/ca\/#website"},"datePublished":"2025-04-16T05:27:39+00:00","dateModified":"2025-04-16T11:25:41+00:00","breadcrumb":{"@id":"https:\/\/newseditorial.es\/ca\/accessibilitat\/#breadcrumb"},"inLanguage":"ca","potentialAction":[{"@type":"ReadAction","target":["https:\/\/newseditorial.es\/ca\/accessibilitat\/"]}]},{"@type":"BreadcrumbList","@id":"https:\/\/newseditorial.es\/ca\/accessibilitat\/#breadcrumb","itemListElement":[{"@type":"ListItem","position":1,"name":"Portada","item":"https:\/\/newseditorial.es\/ca\/inici\/"},{"@type":"ListItem","position":2,"name":"Accessibilitat"}]},{"@type":"WebSite","@id":"https:\/\/newseditorial.es\/ca\/#website","url":"https:\/\/newseditorial.es\/ca\/","name":"","description":"Editorial de Llibres","potentialAction":[{"@type":"SearchAction","target":{"@type":"EntryPoint","urlTemplate":"https:\/\/newseditorial.es\/ca\/?s={search_term_string}"},"query-input":{"@type":"PropertyValueSpecification","valueRequired":true,"valueName":"search_term_string"}}],"inLanguage":"ca"}]}},"uagb_featured_image_src":{"full":false,"thumbnail":false,"medium":false,"medium_large":false,"large":false,"1536x1536":false,"2048x2048":false,"trp-custom-language-flag":false},"uagb_author_info":{"display_name":"admin","author_link":"https:\/\/newseditorial.es\/ca\/author\/admin\/"},"uagb_comment_info":0,"uagb_excerpt":"Accessibilitat NEWS EDITORIAL s\u2019ha comprom\u00e8s a fer accessible el seu lloc web, d&#8217;acord amb el&nbsp;Reial decret 1112\/2018, de 7 de [&hellip;]","_links":{"self":[{"href":"https:\/\/newseditorial.es\/ca\/wp-json\/wp\/v2\/pages\/2750","targetHints":{"allow":["GET"]}}],"collection":[{"href":"https:\/\/newseditorial.es\/ca\/wp-json\/wp\/v2\/pages"}],"about":[{"href":"https:\/\/newseditorial.es\/ca\/wp-json\/wp\/v2\/types\/page"}],"author":[{"embeddable":true,"href":"https:\/\/newseditorial.es\/ca\/wp-json\/wp\/v2\/users\/1"}],"replies":[{"embeddable":true,"href":"https:\/\/newseditorial.es\/ca\/wp-json\/wp\/v2\/comments?post=2750"}],"version-history":[{"count":10,"href":"https:\/\/newseditorial.es\/ca\/wp-json\/wp\/v2\/pages\/2750\/revisions"}],"predecessor-version":[{"id":2792,"href":"https:\/\/newseditorial.es\/ca\/wp-json\/wp\/v2\/pages\/2750\/revisions\/2792"}],"wp:attachment":[{"href":"https:\/\/newseditorial.es\/ca\/wp-json\/wp\/v2\/media?parent=2750"}],"curies":[{"name":"wp","href":"https:\/\/api.w.org\/{rel}","templated":true}]}}