{"id":2743,"date":"2025-04-16T05:06:34","date_gmt":"2025-04-16T05:06:34","guid":{"rendered":"https:\/\/newseditorial.es\/?page_id=2743"},"modified":"2025-05-12T11:25:05","modified_gmt":"2025-05-12T11:25:05","slug":"avis-legal","status":"publish","type":"page","link":"https:\/\/newseditorial.es\/ca\/avis-legal\/","title":{"rendered":"Av\u00eds legal"},"content":{"rendered":"\n<div class=\"wp-block-uagb-container uagb-block-52199da2 alignfull uagb-is-root-container\"><div class=\"uagb-container-inner-blocks-wrap\">\n<div class=\"wp-block-uagb-container uagb-block-e6eb5eae\">\n<div style=\"height:72px\" aria-hidden=\"true\" class=\"wp-block-spacer\"><\/div>\n<\/div>\n\n\n\n<div class=\"wp-block-uagb-advanced-heading uagb-block-dbb54667\"><h2 class=\"uagb-heading-text\">Av\u00eds legal<\/h2><\/div>\n<\/div><\/div>\n\n\n\n<hr class=\"wp-block-separator has-text-color has-ast-global-color-2-color has-alpha-channel-opacity has-ast-global-color-2-background-color has-background\" style=\"margin-top:var(--wp--preset--spacing--50);margin-bottom:var(--wp--preset--spacing--50)\"\/>\n\n\n\n<div class=\"wp-block-columns is-layout-flex wp-container-core-columns-is-layout-65eef5bf wp-block-columns-is-layout-flex\">\n<div class=\"wp-block-column is-layout-flow wp-block-column-is-layout-flow\">\n<h3 class=\"wp-block-heading\">1. IDENTIFICACI\u00d3 DEL LLOC WEB<\/h3>\n\n\n\n<p>En compliment del que disposa l&#8217;article 10 de la Llei 34\/2002, d\u201911 de juliol, de Serveis de la Societat de la Informaci\u00f3 i Comer\u00e7 Electr\u00f2nic (LSSICE), posem a la seva disposici\u00f3 la \u201cinformaci\u00f3 general\u201d, que compr\u00e8n les dades identificatives de l\u2019entitat titular d\u2019aquest LLOC WEB:<\/p>\n\n\n\n<p>Denominaci\u00f3 Social:&nbsp;<strong>NEUS S\u00c1NCHEZ ESCUD\u00c9<\/strong><br>Nom comercial:&nbsp;<strong>NEWS EDITORIAL <\/strong><br>Domicili Social:&nbsp;<strong>C\/ Torres Amat, 18-22. 08650 Sallent. Barcelona.<\/strong><br>CIF:&nbsp;<strong>39350808Q<\/strong><br>Tel\u00e8fon:&nbsp;<strong>628 18 89 91<\/strong><br>Correu electr\u00f2nic:&nbsp;<a href=\"mailto:hola@newseditorial.es\"><strong>hola@newseditorial.es<\/strong><\/a><strong><br><\/strong>Nom de domini:&nbsp;<a href=\"https:\/\/www.newseditorial.es\"><strong>www.newseditorial.es<\/strong><\/a><\/p>\n\n\n\n<h3 class=\"wp-block-heading\">2. CONDICIONS D&#8217;\u00daS DEL LLOC WEB<\/h3>\n\n\n\n<p>L\u2019\u00fas de www.newseditorial.es (d\u2019ara endavant, el \u201cLLOC WEB\u201d) atribueix la condici\u00f3 d&#8217;usuari i implica l\u2019acceptaci\u00f3 plena i sense reserves de totes les disposicions incloses en aquest Av\u00eds Legal en la versi\u00f3 publicada per&nbsp;<strong>NEWS EDITORIAL <\/strong>en el moment d&#8217;acc\u00e9s al LLOC WEB. En conseq\u00fc\u00e8ncia, l\u2019usuari ha de llegir atentament aquestes condicions cada vegada que utilitzi el LLOC WEB, ja que poden ser modificades.<\/p>\n\n\n\n<p><strong>NEWS EDITORIAL <\/strong>es reserva el dret de modificar les condicions d\u2019\u00fas del LLOC WEB, i \u00e9s responsabilitat de l&#8217;usuari revisar-les peri\u00f2dicament.<\/p>\n\n\n\n<h3 class=\"wp-block-heading\">3. OBJECTE<\/h3>\n\n\n\n<p>Aquestes condicions d&#8217;\u00fas tenen com a objecte regular l&#8217;acc\u00e9s dels usuaris i la navegaci\u00f3 posterior pel LLOC WEB, aix\u00ed com la relaci\u00f3 entre els usuaris i&nbsp;<strong><strong>NEWS EDITORIAL<\/strong><\/strong>.<\/p>\n\n\n\n<h3 class=\"wp-block-heading\">4. OBLIGACIONS DELS USUARIS<\/h3>\n\n\n\n<p><strong>Acc\u00e9s i \u00fas del LLOC WEB:<\/strong>&nbsp;La visita i consulta d&#8217;informaci\u00f3 al LLOC WEB \u00e9s gratu\u00efta per a tots els usuaris.<\/p>\n\n\n\n<p><strong>\u00das correcte dels continguts:<\/strong>&nbsp;L&#8217;usuari es compromet a utilitzar els continguts del LLOC WEB de conformitat amb la llei i aquest Av\u00eds Legal, i a no utilitzar-los amb finalitats il\u00b7l\u00edcites.<\/p>\n\n\n\n<h3 class=\"wp-block-heading\">5. PROPIETAT INTEL\u00b7LECTUAL<\/h3>\n\n\n\n<p><strong>NEWS EDITORIAL <\/strong>\u00e9s titular dels drets de propietat intel\u00b7lectual i industrial sobre el domini, marques, i altres continguts del LLOC WEB. Est\u00e0 prohibit l\u2019\u00fas, reproducci\u00f3 o transmissi\u00f3 sense el perm\u00eds expr\u00e9s de&nbsp;<strong><strong>NEWS EDITORIALT<\/strong><\/strong>.<\/p>\n\n\n\n<h3 class=\"wp-block-heading\">6. PROTECCI\u00d3 DE DADES PERSONALS I CONFIDENCIALITAT<\/h3>\n\n\n\n<p>En compliment de la normativa de protecci\u00f3 de dades,&nbsp;<strong>NEWS EDITORIAL <\/strong>informa que les dades personals proporcionades seran tractades d&#8217;acord amb el Reglament (UE) 2016\/679 (GDPR). L\u2019usuari pot exercir els seus drets enviant un correu a&nbsp;<a href=\"mailto:info@casallent.net\">hola@newseditorial.es<\/a>.<\/p>\n\n\n\n<h3 class=\"wp-block-heading\">7. LIMITACIONS DE RESPONSABILITAT<\/h3>\n\n\n\n<p><strong>NEWS EDITORIAL <\/strong>no garanteix la disponibilitat i continu\u00eftat del funcionament del LLOC WEB. Aix\u00ed mateix, no es responsabilitza del contingut generat per usuaris o enlla\u00e7os externs.<\/p>\n\n\n\n<h3 class=\"wp-block-heading\">8. LEGISLACI\u00d3 APLICABLE I JURISDICCI\u00d3 COMPETENT<\/h3>\n\n\n\n<p style=\"font-size:15px\">Les parts se sotmeten als jutjats i tribunals del domicili de l&#8217;usuari per a la resoluci\u00f3 de conflictes derivats de l\u2019\u00fas del LLOC WEB, d&#8217;acord amb la legislaci\u00f3 espanyola.<\/p>\n\n\n\n<p style=\"font-size:15px\"><\/p>\n\n\n\n<p style=\"font-size:15px\"><\/p>\n<\/div>\n<\/div>\n","protected":false},"excerpt":{"rendered":"<p>Av\u00eds legal 1. IDENTIFICACI\u00d3 DEL LLOC WEB En compliment del que disposa l&#8217;article 10 de la Llei 34\/2002, d\u201911 de [&hellip;]<\/p>\n","protected":false},"author":1,"featured_media":0,"parent":0,"menu_order":11,"comment_status":"closed","ping_status":"closed","template":"","meta":{"_uag_custom_page_level_css":"","site-sidebar-layout":"default","site-content-layout":"","ast-site-content-layout":"","site-content-style":"default","site-sidebar-style":"default","ast-global-header-display":"","ast-banner-title-visibility":"","ast-main-header-display":"","ast-hfb-above-header-display":"","ast-hfb-below-header-display":"","ast-hfb-mobile-header-display":"","site-post-title":"disabled","ast-breadcrumbs-content":"","ast-featured-img":"","footer-sml-layout":"","theme-transparent-header-meta":"","adv-header-id-meta":"","stick-header-meta":"","header-above-stick-meta":"","header-main-stick-meta":"","header-below-stick-meta":"","astra-migrate-meta-layouts":"default","ast-page-background-enabled":"default","ast-page-background-meta":{"desktop":{"background-color":"var(--ast-global-color-4)","background-image":"","background-repeat":"repeat","background-position":"center center","background-size":"auto","background-attachment":"scroll","background-type":"","background-media":"","overlay-type":"","overlay-color":"","overlay-opacity":"","overlay-gradient":""},"tablet":{"background-color":"","background-image":"","background-repeat":"repeat","background-position":"center center","background-size":"auto","background-attachment":"scroll","background-type":"","background-media":"","overlay-type":"","overlay-color":"","overlay-opacity":"","overlay-gradient":""},"mobile":{"background-color":"","background-image":"","background-repeat":"repeat","background-position":"center center","background-size":"auto","background-attachment":"scroll","background-type":"","background-media":"","overlay-type":"","overlay-color":"","overlay-opacity":"","overlay-gradient":""}},"ast-content-background-meta":{"desktop":{"background-color":"var(--ast-global-color-5)","background-image":"","background-repeat":"repeat","background-position":"center center","background-size":"auto","background-attachment":"scroll","background-type":"","background-media":"","overlay-type":"","overlay-color":"","overlay-opacity":"","overlay-gradient":""},"tablet":{"background-color":"var(--ast-global-color-5)","background-image":"","background-repeat":"repeat","background-position":"center center","background-size":"auto","background-attachment":"scroll","background-type":"","background-media":"","overlay-type":"","overlay-color":"","overlay-opacity":"","overlay-gradient":""},"mobile":{"background-color":"var(--ast-global-color-5)","background-image":"","background-repeat":"repeat","background-position":"center center","background-size":"auto","background-attachment":"scroll","background-type":"","background-media":"","overlay-type":"","overlay-color":"","overlay-opacity":"","overlay-gradient":""}},"footnotes":""},"class_list":["post-2743","page","type-page","status-publish","hentry"],"yoast_head":"<!-- This site is optimized with the Yoast SEO plugin v24.9 - https:\/\/yoast.com\/wordpress\/plugins\/seo\/ -->\n<title>Av\u00eds legal -<\/title>\n<meta name=\"robots\" content=\"index, follow, max-snippet:-1, max-image-preview:large, max-video-preview:-1\" \/>\n<link rel=\"canonical\" href=\"https:\/\/newseditorial.es\/ca\/avis-legal\/\" \/>\n<meta property=\"og:locale\" content=\"ca_ES\" \/>\n<meta property=\"og:type\" content=\"article\" \/>\n<meta property=\"og:title\" content=\"Av\u00eds legal -\" \/>\n<meta property=\"og:description\" content=\"Av\u00eds legal 1. IDENTIFICACI\u00d3 DEL LLOC WEB En compliment del que disposa l&#8217;article 10 de la Llei 34\/2002, d\u201911 de [&hellip;]\" \/>\n<meta property=\"og:url\" content=\"https:\/\/newseditorial.es\/ca\/avis-legal\/\" \/>\n<meta property=\"article:modified_time\" content=\"2025-05-12T11:25:05+00:00\" \/>\n<meta name=\"twitter:card\" content=\"summary_large_image\" \/>\n<meta name=\"twitter:label1\" content=\"Temps estimat de lectura\" \/>\n\t<meta name=\"twitter:data1\" content=\"2 minuts\" \/>\n<script type=\"application\/ld+json\" class=\"yoast-schema-graph\">{\"@context\":\"https:\/\/schema.org\",\"@graph\":[{\"@type\":\"WebPage\",\"@id\":\"https:\/\/newseditorial.es\/ca\/avis-legal\/\",\"url\":\"https:\/\/newseditorial.es\/ca\/avis-legal\/\",\"name\":\"Av\u00eds legal -\",\"isPartOf\":{\"@id\":\"https:\/\/newseditorial.es\/ca\/#website\"},\"datePublished\":\"2025-04-16T05:06:34+00:00\",\"dateModified\":\"2025-05-12T11:25:05+00:00\",\"breadcrumb\":{\"@id\":\"https:\/\/newseditorial.es\/ca\/avis-legal\/#breadcrumb\"},\"inLanguage\":\"ca\",\"potentialAction\":[{\"@type\":\"ReadAction\",\"target\":[\"https:\/\/newseditorial.es\/ca\/avis-legal\/\"]}]},{\"@type\":\"BreadcrumbList\",\"@id\":\"https:\/\/newseditorial.es\/ca\/avis-legal\/#breadcrumb\",\"itemListElement\":[{\"@type\":\"ListItem\",\"position\":1,\"name\":\"Portada\",\"item\":\"https:\/\/newseditorial.es\/ca\/inici\/\"},{\"@type\":\"ListItem\",\"position\":2,\"name\":\"Av\u00eds legal\"}]},{\"@type\":\"WebSite\",\"@id\":\"https:\/\/newseditorial.es\/ca\/#website\",\"url\":\"https:\/\/newseditorial.es\/ca\/\",\"name\":\"\",\"description\":\"Editorial de Llibres\",\"potentialAction\":[{\"@type\":\"SearchAction\",\"target\":{\"@type\":\"EntryPoint\",\"urlTemplate\":\"https:\/\/newseditorial.es\/ca\/?s={search_term_string}\"},\"query-input\":{\"@type\":\"PropertyValueSpecification\",\"valueRequired\":true,\"valueName\":\"search_term_string\"}}],\"inLanguage\":\"ca\"}]}<\/script>\n<!-- \/ Yoast SEO plugin. -->","yoast_head_json":{"title":"Av\u00eds legal -","robots":{"index":"index","follow":"follow","max-snippet":"max-snippet:-1","max-image-preview":"max-image-preview:large","max-video-preview":"max-video-preview:-1"},"canonical":"https:\/\/newseditorial.es\/ca\/avis-legal\/","og_locale":"ca_ES","og_type":"article","og_title":"Av\u00eds legal -","og_description":"Av\u00eds legal 1. IDENTIFICACI\u00d3 DEL LLOC WEB En compliment del que disposa l&#8217;article 10 de la Llei 34\/2002, d\u201911 de [&hellip;]","og_url":"https:\/\/newseditorial.es\/ca\/avis-legal\/","article_modified_time":"2025-05-12T11:25:05+00:00","twitter_card":"summary_large_image","twitter_misc":{"Temps estimat de lectura":"2 minuts"},"schema":{"@context":"https:\/\/schema.org","@graph":[{"@type":"WebPage","@id":"https:\/\/newseditorial.es\/ca\/avis-legal\/","url":"https:\/\/newseditorial.es\/ca\/avis-legal\/","name":"Av\u00eds legal -","isPartOf":{"@id":"https:\/\/newseditorial.es\/ca\/#website"},"datePublished":"2025-04-16T05:06:34+00:00","dateModified":"2025-05-12T11:25:05+00:00","breadcrumb":{"@id":"https:\/\/newseditorial.es\/ca\/avis-legal\/#breadcrumb"},"inLanguage":"ca","potentialAction":[{"@type":"ReadAction","target":["https:\/\/newseditorial.es\/ca\/avis-legal\/"]}]},{"@type":"BreadcrumbList","@id":"https:\/\/newseditorial.es\/ca\/avis-legal\/#breadcrumb","itemListElement":[{"@type":"ListItem","position":1,"name":"Portada","item":"https:\/\/newseditorial.es\/ca\/inici\/"},{"@type":"ListItem","position":2,"name":"Av\u00eds legal"}]},{"@type":"WebSite","@id":"https:\/\/newseditorial.es\/ca\/#website","url":"https:\/\/newseditorial.es\/ca\/","name":"","description":"Editorial de Llibres","potentialAction":[{"@type":"SearchAction","target":{"@type":"EntryPoint","urlTemplate":"https:\/\/newseditorial.es\/ca\/?s={search_term_string}"},"query-input":{"@type":"PropertyValueSpecification","valueRequired":true,"valueName":"search_term_string"}}],"inLanguage":"ca"}]}},"uagb_featured_image_src":{"full":false,"thumbnail":false,"medium":false,"medium_large":false,"large":false,"1536x1536":false,"2048x2048":false,"trp-custom-language-flag":false},"uagb_author_info":{"display_name":"admin","author_link":"https:\/\/newseditorial.es\/ca\/author\/admin\/"},"uagb_comment_info":0,"uagb_excerpt":"Av\u00eds legal 1. IDENTIFICACI\u00d3 DEL LLOC WEB En compliment del que disposa l&#8217;article 10 de la Llei 34\/2002, d\u201911 de [&hellip;]","_links":{"self":[{"href":"https:\/\/newseditorial.es\/ca\/wp-json\/wp\/v2\/pages\/2743","targetHints":{"allow":["GET"]}}],"collection":[{"href":"https:\/\/newseditorial.es\/ca\/wp-json\/wp\/v2\/pages"}],"about":[{"href":"https:\/\/newseditorial.es\/ca\/wp-json\/wp\/v2\/types\/page"}],"author":[{"embeddable":true,"href":"https:\/\/newseditorial.es\/ca\/wp-json\/wp\/v2\/users\/1"}],"replies":[{"embeddable":true,"href":"https:\/\/newseditorial.es\/ca\/wp-json\/wp\/v2\/comments?post=2743"}],"version-history":[{"count":10,"href":"https:\/\/newseditorial.es\/ca\/wp-json\/wp\/v2\/pages\/2743\/revisions"}],"predecessor-version":[{"id":2978,"href":"https:\/\/newseditorial.es\/ca\/wp-json\/wp\/v2\/pages\/2743\/revisions\/2978"}],"wp:attachment":[{"href":"https:\/\/newseditorial.es\/ca\/wp-json\/wp\/v2\/media?parent=2743"}],"curies":[{"name":"wp","href":"https:\/\/api.w.org\/{rel}","templated":true}]}}