{"id":2584,"date":"2025-04-14T08:45:14","date_gmt":"2025-04-14T08:45:14","guid":{"rendered":"https:\/\/newseditorial.es\/offerings\/"},"modified":"2025-04-17T06:44:06","modified_gmt":"2025-04-17T06:44:06","slug":"serveis-editorials","status":"publish","type":"page","link":"https:\/\/newseditorial.es\/ca\/serveis-editorials\/","title":{"rendered":"Serveis editorials"},"content":{"rendered":"\n<div class=\"wp-block-uagb-container uagb-block-fa303262 alignfull uagb-is-root-container\"><div class=\"uagb-container-inner-blocks-wrap\">\n<div class=\"wp-block-columns is-layout-flex wp-container-core-columns-is-layout-28f84493 wp-block-columns-is-layout-flex\">\n<div class=\"wp-block-column is-layout-flow wp-block-column-is-layout-flow\" style=\"flex-basis:100%\">\n<div class=\"wp-block-uagb-info-box uagb-block-0bca2e31 uagb-infobox__content-wrap  uagb-infobox-icon-above-title uagb-infobox-image-valign-top\"><div class=\"uagb-ifb-content\"><div class=\"uagb-ifb-title-wrap\"><h1 class=\"uagb-ifb-title\">Solucions integrals per a l\u2019edici\u00f3 i publicaci\u00f3 del teu llibre<\/h1><\/div><p class=\"uagb-ifb-desc\"><br>Creiem que cada llibre \u00e9s una obra \u00fanica que mereix un proc\u00e9s editorial acurat, coherent i professional. Per aix\u00f2, oferim una <strong>gamma completa de serveis editorials<\/strong> pensats per acompanyar-te des del primer esborrany fins al moment en qu\u00e8 la teva obra arriba a mans dels lectors. Ens adaptem a les necessitats espec\u00edfiques de cada projecte, oferint un servei personalitzat i comprom\u00e8s amb l\u2019excel\u00b7l\u00e8ncia.<\/p><\/div><\/div>\n<\/div>\n<\/div>\n<\/div><\/div>\n\n\n\n<div class=\"wp-block-uagb-separator uagb-block-47d60b65\"><div class=\"uagb-separator-spacing-wrapper\"><div class=\"wp-block-uagb-separator__inner\" style=\"--my-background-image:\"><\/div><\/div><\/div>\n\n\n\n<div class=\"wp-block-uagb-advanced-heading uagb-block-72da6ba8\"><h2 class=\"uagb-heading-text\"><strong>Els nostres serveis inclouen<\/strong><\/h2><\/div>\n\n\n\n<div class=\"wp-block-columns is-layout-flex wp-container-core-columns-is-layout-28f84493 wp-block-columns-is-layout-flex\">\n<div class=\"wp-block-column is-layout-flow wp-container-core-column-is-layout-38cd7be7 wp-block-column-is-layout-flow\" style=\"border-style:none;border-width:0px;padding-top:0;padding-right:1.3rem;padding-bottom:0;padding-left:1.3rem\">\n<div class=\"wp-block-uagb-advanced-heading uagb-block-0a066e9a\"><h2 class=\"uagb-heading-text\">Disseny<\/h2><\/div>\n\n\n\n<p>Ens encarreguem de la maquetaci\u00f3 interior i el disseny de cobertes amb un enfocament est\u00e8tic i funcional, creant llibres atractius que respecten la identitat del teu projecte i les expectatives del lector.<\/p>\n\n\n\n<div class=\"wp-block-uagb-container uagb-block-46105e2b alignfull uagb-is-root-container\"><div class=\"uagb-container-inner-blocks-wrap\">\n<div class=\"wp-block-uagb-container uagb-block-37d2a03b\">\n<div class=\"wp-block-uagb-container uagb-block-ba7689ed\">\n<div class=\"wp-block-uagb-advanced-heading uagb-block-f245f4c3\"><h2 class=\"uagb-heading-text\">Redacci\u00f3 i periodisme<\/h2><\/div>\n\n\n\n<p>T\u2019ajudem a redactar o millorar continguts com ara pr\u00f2legs, sinopsis, contracobertes o materials promocionals, donant veu a la teva obra amb professionalitat i sensibilitat comunicativa.<\/p>\n\n\n\n<div class=\"wp-block-uagb-advanced-heading uagb-block-e32d2396\"><h2 class=\"uagb-heading-text\">Assessorament legal<\/h2><\/div>\n<\/div>\n<\/div>\n<\/div><\/div>\n\n\n\n<p>Protegir els drets dels autors \u00e9s essencial. El nostre equip legal t\u2019ofereix assessorament en contractes, registres i propietat intel\u00b7lectual per garantir que la teva obra estigui segura i tu mantinguis el control sobre els teus drets.<\/p>\n<\/div>\n\n\n\n<div class=\"wp-block-column is-layout-flow wp-block-column-is-layout-flow\" style=\"padding-right:1.3rem;padding-left:1.3rem\">\n<div class=\"wp-block-uagb-advanced-heading uagb-block-83749f57\"><h2 class=\"uagb-heading-text\">Traducci\u00f3 professional<\/h2><\/div>\n\n\n\n<p>Obrim portes a altres mercats amb traduccions de qualitat realitzades per professionals nadius, especialitzats en literatura. Treballem amb les principals lleng\u00fces europees: angl\u00e8s, franc\u00e8s, alemany, itali\u00e0, catal\u00e0 i castell\u00e0.<\/p>\n\n\n\n<div class=\"wp-block-uagb-advanced-heading uagb-block-6700a5f3\"><h2 class=\"uagb-heading-text\">Correcci\u00f3 i revisi\u00f3 ling\u00fc\u00edstica<\/h2><\/div>\n\n\n\n<p>Tant si es tracta d\u2019un conte infantil com d\u2019un llibre juvenil o tem\u00e0tic, comptem amb il\u00b7lustradors professionals que aporten creativitat, sensibilitat visual i coher\u00e8ncia gr\u00e0fica a cada obra.<\/p>\n\n\n\n<div class=\"wp-block-uagb-advanced-heading uagb-block-d9a61d76\"><h2 class=\"uagb-heading-text\">Il\u00b7lustraci\u00f3<\/h2><\/div>\n\n\n\n<p>Tant si es tracta d\u2019un conte infantil com d\u2019un llibre juvenil o tem\u00e0tic, comptem amb il\u00b7lustradors professionals que aporten creativitat, sensibilitat visual i coher\u00e8ncia gr\u00e0fica a cada obra.<\/p>\n<\/div>\n<\/div>\n\n\n\n<div class=\"wp-block-uagb-container uagb-block-17cc7195 alignfull uagb-is-root-container\"><div class=\"uagb-container-inner-blocks-wrap\">\n<div class=\"wp-block-uagb-info-box uagb-block-3ce3814e uagb-infobox__content-wrap  uagb-infobox-icon-above-title uagb-infobox-image-valign-top\"><div class=\"uagb-ifb-content\"><div class=\"uagb-ifb-title-wrap\"><h2 class=\"uagb-ifb-title\"><strong>Vols publicar amb nosaltres?<\/strong><\/h2><\/div><p class=\"uagb-ifb-desc\">Si tens un projecte entre mans i est\u00e0s buscant una editorial que valori la teva veu i t&#8217;ofereixi un acompanyament real, posa&#8217;t en contacte amb nosaltres. Estarem encantats de con\u00e8ixer la teva proposta i ajudar-te a fer-la realitat.<\/p><div class=\"uagb-ifb-button-wrapper wp-block-button\"><a href=\"contactar\" class=\"uagb-infobox-cta-link wp-block-button__link\" target=\"_self\" rel=\"noopener noreferrer\" onclick=\"return true;\"><span class=\"uagb-inline-editing\">Contactar<\/span><\/a><\/div><\/div><\/div>\n<\/div><\/div>\n\n\n\n<p><\/p>\n","protected":false},"excerpt":{"rendered":"<p>Els nostres serveis inclouen Disseny Ens encarreguem de la maquetaci\u00f3 interior i el disseny de cobertes amb un enfocament est\u00e8tic [&hellip;]<\/p>\n","protected":false},"author":1,"featured_media":0,"parent":0,"menu_order":3,"comment_status":"closed","ping_status":"closed","template":"","meta":{"_uag_custom_page_level_css":"","site-sidebar-layout":"default","site-content-layout":"","ast-site-content-layout":"","site-content-style":"default","site-sidebar-style":"default","ast-global-header-display":"","ast-banner-title-visibility":"","ast-main-header-display":"","ast-hfb-above-header-display":"","ast-hfb-below-header-display":"","ast-hfb-mobile-header-display":"","site-post-title":"disabled","ast-breadcrumbs-content":"","ast-featured-img":"","footer-sml-layout":"","theme-transparent-header-meta":"enabled","adv-header-id-meta":"","stick-header-meta":"","header-above-stick-meta":"","header-main-stick-meta":"","header-below-stick-meta":"","astra-migrate-meta-layouts":"default","ast-page-background-enabled":"default","ast-page-background-meta":{"desktop":{"background-color":"var(--ast-global-color-4)","background-image":"","background-repeat":"repeat","background-position":"center center","background-size":"auto","background-attachment":"scroll","background-type":"","background-media":"","overlay-type":"","overlay-color":"","overlay-opacity":"","overlay-gradient":""},"tablet":{"background-color":"","background-image":"","background-repeat":"repeat","background-position":"center center","background-size":"auto","background-attachment":"scroll","background-type":"","background-media":"","overlay-type":"","overlay-color":"","overlay-opacity":"","overlay-gradient":""},"mobile":{"background-color":"","background-image":"","background-repeat":"repeat","background-position":"center center","background-size":"auto","background-attachment":"scroll","background-type":"","background-media":"","overlay-type":"","overlay-color":"","overlay-opacity":"","overlay-gradient":""}},"ast-content-background-meta":{"desktop":{"background-color":"var(--ast-global-color-5)","background-image":"","background-repeat":"repeat","background-position":"center center","background-size":"auto","background-attachment":"scroll","background-type":"","background-media":"","overlay-type":"","overlay-color":"","overlay-opacity":"","overlay-gradient":""},"tablet":{"background-color":"var(--ast-global-color-5)","background-image":"","background-repeat":"repeat","background-position":"center center","background-size":"auto","background-attachment":"scroll","background-type":"","background-media":"","overlay-type":"","overlay-color":"","overlay-opacity":"","overlay-gradient":""},"mobile":{"background-color":"var(--ast-global-color-5)","background-image":"","background-repeat":"repeat","background-position":"center center","background-size":"auto","background-attachment":"scroll","background-type":"","background-media":"","overlay-type":"","overlay-color":"","overlay-opacity":"","overlay-gradient":""}},"footnotes":""},"class_list":["post-2584","page","type-page","status-publish","hentry"],"yoast_head":"<!-- This site is optimized with the Yoast SEO plugin v24.9 - https:\/\/yoast.com\/wordpress\/plugins\/seo\/ -->\n<title>Serveis editorials -<\/title>\n<meta name=\"robots\" content=\"index, follow, max-snippet:-1, max-image-preview:large, max-video-preview:-1\" \/>\n<link rel=\"canonical\" href=\"https:\/\/newseditorial.es\/ca\/serveis-editorials\/\" \/>\n<meta property=\"og:locale\" content=\"ca_ES\" \/>\n<meta property=\"og:type\" content=\"article\" \/>\n<meta property=\"og:title\" content=\"Serveis editorials -\" \/>\n<meta property=\"og:description\" content=\"Els nostres serveis inclouen Disseny Ens encarreguem de la maquetaci\u00f3 interior i el disseny de cobertes amb un enfocament est\u00e8tic [&hellip;]\" \/>\n<meta property=\"og:url\" content=\"https:\/\/newseditorial.es\/ca\/serveis-editorials\/\" \/>\n<meta property=\"article:modified_time\" content=\"2025-04-17T06:44:06+00:00\" \/>\n<meta name=\"twitter:card\" content=\"summary_large_image\" \/>\n<meta name=\"twitter:label1\" content=\"Temps estimat de lectura\" \/>\n\t<meta name=\"twitter:data1\" content=\"2 minuts\" \/>\n<script type=\"application\/ld+json\" class=\"yoast-schema-graph\">{\"@context\":\"https:\/\/schema.org\",\"@graph\":[{\"@type\":\"WebPage\",\"@id\":\"https:\/\/newseditorial.es\/ca\/serveis-editorials\/\",\"url\":\"https:\/\/newseditorial.es\/ca\/serveis-editorials\/\",\"name\":\"Serveis editorials -\",\"isPartOf\":{\"@id\":\"https:\/\/newseditorial.es\/ca\/#website\"},\"datePublished\":\"2025-04-14T08:45:14+00:00\",\"dateModified\":\"2025-04-17T06:44:06+00:00\",\"breadcrumb\":{\"@id\":\"https:\/\/newseditorial.es\/ca\/serveis-editorials\/#breadcrumb\"},\"inLanguage\":\"ca\",\"potentialAction\":[{\"@type\":\"ReadAction\",\"target\":[\"https:\/\/newseditorial.es\/ca\/serveis-editorials\/\"]}]},{\"@type\":\"BreadcrumbList\",\"@id\":\"https:\/\/newseditorial.es\/ca\/serveis-editorials\/#breadcrumb\",\"itemListElement\":[{\"@type\":\"ListItem\",\"position\":1,\"name\":\"Portada\",\"item\":\"https:\/\/newseditorial.es\/ca\/inici\/\"},{\"@type\":\"ListItem\",\"position\":2,\"name\":\"Serveis editorials\"}]},{\"@type\":\"WebSite\",\"@id\":\"https:\/\/newseditorial.es\/ca\/#website\",\"url\":\"https:\/\/newseditorial.es\/ca\/\",\"name\":\"\",\"description\":\"Editorial de Llibres\",\"potentialAction\":[{\"@type\":\"SearchAction\",\"target\":{\"@type\":\"EntryPoint\",\"urlTemplate\":\"https:\/\/newseditorial.es\/ca\/?s={search_term_string}\"},\"query-input\":{\"@type\":\"PropertyValueSpecification\",\"valueRequired\":true,\"valueName\":\"search_term_string\"}}],\"inLanguage\":\"ca\"}]}<\/script>\n<!-- \/ Yoast SEO plugin. -->","yoast_head_json":{"title":"Serveis editorials -","robots":{"index":"index","follow":"follow","max-snippet":"max-snippet:-1","max-image-preview":"max-image-preview:large","max-video-preview":"max-video-preview:-1"},"canonical":"https:\/\/newseditorial.es\/ca\/serveis-editorials\/","og_locale":"ca_ES","og_type":"article","og_title":"Serveis editorials -","og_description":"Els nostres serveis inclouen Disseny Ens encarreguem de la maquetaci\u00f3 interior i el disseny de cobertes amb un enfocament est\u00e8tic [&hellip;]","og_url":"https:\/\/newseditorial.es\/ca\/serveis-editorials\/","article_modified_time":"2025-04-17T06:44:06+00:00","twitter_card":"summary_large_image","twitter_misc":{"Temps estimat de lectura":"2 minuts"},"schema":{"@context":"https:\/\/schema.org","@graph":[{"@type":"WebPage","@id":"https:\/\/newseditorial.es\/ca\/serveis-editorials\/","url":"https:\/\/newseditorial.es\/ca\/serveis-editorials\/","name":"Serveis editorials -","isPartOf":{"@id":"https:\/\/newseditorial.es\/ca\/#website"},"datePublished":"2025-04-14T08:45:14+00:00","dateModified":"2025-04-17T06:44:06+00:00","breadcrumb":{"@id":"https:\/\/newseditorial.es\/ca\/serveis-editorials\/#breadcrumb"},"inLanguage":"ca","potentialAction":[{"@type":"ReadAction","target":["https:\/\/newseditorial.es\/ca\/serveis-editorials\/"]}]},{"@type":"BreadcrumbList","@id":"https:\/\/newseditorial.es\/ca\/serveis-editorials\/#breadcrumb","itemListElement":[{"@type":"ListItem","position":1,"name":"Portada","item":"https:\/\/newseditorial.es\/ca\/inici\/"},{"@type":"ListItem","position":2,"name":"Serveis editorials"}]},{"@type":"WebSite","@id":"https:\/\/newseditorial.es\/ca\/#website","url":"https:\/\/newseditorial.es\/ca\/","name":"","description":"Editorial de Llibres","potentialAction":[{"@type":"SearchAction","target":{"@type":"EntryPoint","urlTemplate":"https:\/\/newseditorial.es\/ca\/?s={search_term_string}"},"query-input":{"@type":"PropertyValueSpecification","valueRequired":true,"valueName":"search_term_string"}}],"inLanguage":"ca"}]}},"uagb_featured_image_src":{"full":false,"thumbnail":false,"medium":false,"medium_large":false,"large":false,"1536x1536":false,"2048x2048":false,"trp-custom-language-flag":false},"uagb_author_info":{"display_name":"admin","author_link":"https:\/\/newseditorial.es\/ca\/author\/admin\/"},"uagb_comment_info":0,"uagb_excerpt":"Els nostres serveis inclouen Disseny Ens encarreguem de la maquetaci\u00f3 interior i el disseny de cobertes amb un enfocament est\u00e8tic [&hellip;]","_links":{"self":[{"href":"https:\/\/newseditorial.es\/ca\/wp-json\/wp\/v2\/pages\/2584","targetHints":{"allow":["GET"]}}],"collection":[{"href":"https:\/\/newseditorial.es\/ca\/wp-json\/wp\/v2\/pages"}],"about":[{"href":"https:\/\/newseditorial.es\/ca\/wp-json\/wp\/v2\/types\/page"}],"author":[{"embeddable":true,"href":"https:\/\/newseditorial.es\/ca\/wp-json\/wp\/v2\/users\/1"}],"replies":[{"embeddable":true,"href":"https:\/\/newseditorial.es\/ca\/wp-json\/wp\/v2\/comments?post=2584"}],"version-history":[{"count":22,"href":"https:\/\/newseditorial.es\/ca\/wp-json\/wp\/v2\/pages\/2584\/revisions"}],"predecessor-version":[{"id":2878,"href":"https:\/\/newseditorial.es\/ca\/wp-json\/wp\/v2\/pages\/2584\/revisions\/2878"}],"wp:attachment":[{"href":"https:\/\/newseditorial.es\/ca\/wp-json\/wp\/v2\/media?parent=2584"}],"curies":[{"name":"wp","href":"https:\/\/api.w.org\/{rel}","templated":true}]}}