{"id":2583,"date":"2025-04-14T08:45:14","date_gmt":"2025-04-14T08:45:14","guid":{"rendered":"https:\/\/newseditorial.es\/about\/"},"modified":"2025-04-16T15:22:15","modified_gmt":"2025-04-16T15:22:15","slug":"empresa","status":"publish","type":"page","link":"https:\/\/newseditorial.es\/ca\/empresa\/","title":{"rendered":"Empresa"},"content":{"rendered":"\n<div class=\"wp-block-uagb-container uagb-block-fa303262 alignfull uagb-is-root-container\"><div class=\"uagb-container-inner-blocks-wrap\">\n<div class=\"wp-block-group is-layout-constrained wp-block-group-is-layout-constrained\">\n<div class=\"wp-block-columns is-layout-flex wp-container-core-columns-is-layout-28f84493 wp-block-columns-is-layout-flex\">\n<div class=\"wp-block-column is-layout-flow wp-block-column-is-layout-flow\" style=\"flex-basis:100%\">\n<div class=\"wp-block-uagb-info-box uagb-block-0bca2e31 uagb-infobox__content-wrap  uagb-infobox-icon-above-title uagb-infobox-image-valign-top\"><div class=\"uagb-ifb-content\"><div class=\"uagb-ifb-title-wrap\"><h1 class=\"uagb-ifb-title\"><strong>Un nou concepte d\u2019editorial<\/strong> <strong>on les paraules i la creativitat es troben<\/strong><\/h1><\/div><\/div><\/div>\n<\/div>\n<\/div>\n<\/div>\n<\/div><\/div>\n\n\n\n<div class=\"wp-block-uagb-container uagb-block-f0d8dae7 alignfull uagb-is-root-container\"><div class=\"uagb-container-inner-blocks-wrap\">\n<div class=\"wp-block-uagb-advanced-heading uagb-block-5898a73e\"><h3 class=\"uagb-heading-text\">A NEWS EDITORIAL, ens apassiona la literatura i volem donar veu als autors que busquen publicar en condicions justes i amb suport constant. Amb operativa a nivell estatal, som una editorial de proximitat que aposta per la qualitat humana i professional.<\/h3><\/div>\n\n\n\n<div class=\"wp-block-uagb-container uagb-block-39f2abd6\">\n<div class=\"wp-block-uagb-advanced-heading uagb-block-4777fb0f\"><p class=\"uagb-desc-text\">Oferim un acompanyament integral, des del manuscrit fins a la distribuci\u00f3, amb un equip hum\u00e0 que ent\u00e9n la import\u00e0ncia de cada detall. Creiem en la publicaci\u00f3 com un proc\u00e9s viu, enriquidor i compartit.<br><\/p><\/div>\n\n\n\n<div class=\"wp-block-uagb-advanced-heading uagb-block-933457f2\"><p class=\"uagb-desc-text\">Cada projecte editorial \u00e9s \u00fanic, i nosaltres el tractem com a tal. Sabem que darrere de cada llibre hi ha una hist\u00f2ria personal, una lluita, una il\u00b7lusi\u00f3. Per aix\u00f2, el nostre objectiu \u00e9s cuidar aquest proc\u00e9s amb dedicaci\u00f3, rigor i sensibilitat. <\/p><\/div>\n<\/div>\n\n\n\n<div data-aos= \"fade-up\" data-aos-duration=\"1550\" data-aos-delay=\"0\" data-aos-easing=\"ease\" data-aos-once=\"true\" class=\"wp-block-uagb-container uagb-block-a4795187 alignfull uagb-is-root-container\"><\/div>\n<\/div><\/div>\n\n\n\n<div class=\"wp-block-uagb-container uagb-block-d41cbdef alignfull uagb-is-root-container\"><div class=\"uagb-container-inner-blocks-wrap\">\n<div class=\"wp-block-uagb-container uagb-block-73c2c3ea\">\n<div class=\"wp-block-uagb-container uagb-block-b8c58042\">\n<div class=\"wp-block-uagb-advanced-heading uagb-block-03d5585c\"><h3 class=\"uagb-heading-text\">Visi\u00f3<\/h3><\/div>\n<\/div>\n\n\n\n<div class=\"wp-block-uagb-container uagb-block-d9d060d2\">\n<div class=\"wp-block-uagb-advanced-heading uagb-block-0f4ea819\"><p class=\"uagb-desc-text\"><strong>Ser l\u2019editorial de refer\u00e8ncia per a autors que busquen una experi\u00e8ncia liter\u00e0ria transformadora, basada en la confian\u00e7a, la proximitat i la creativitat.<\/strong><br>A NEWS EDITORIAL, aspirem a canviar el paradigma editorial posant l\u2019autor al centre del proc\u00e9s, trencant amb els models impersonals i impersonificats. Volem ser un espai on les hist\u00f2ries que impacten troben un cam\u00ed digne cap al lector, i on cada autor senti que publicar \u00e9s tamb\u00e9 cr\u00e9ixer, empoderar-se i formar part d\u2019una comunitat cultural amb valors.<\/p><\/div>\n<\/div>\n<\/div>\n\n\n\n<div class=\"wp-block-uagb-container uagb-block-87c69055\">\n<div class=\"wp-block-uagb-container uagb-block-244c26d3\">\n<div class=\"wp-block-uagb-advanced-heading uagb-block-5395d84d\"><h3 class=\"uagb-heading-text\">Missi\u00f3<\/h3><\/div>\n<\/div>\n\n\n\n<div class=\"wp-block-uagb-container uagb-block-58b71a15\">\n<div class=\"wp-block-uagb-advanced-heading uagb-block-612e9482\"><p class=\"uagb-desc-text\"><strong>Acompanyar els autors en el seu viatge editorial amb un servei personalitzat, just i integral, que combini excel\u00b7l\u00e8ncia professional i tracte hum\u00e0.<\/strong><br>Ens comprometem a oferir solucions editorials completes \u2013des del disseny fins a la difusi\u00f3\u2013 gr\u00e0cies a un equip multidisciplinari que ent\u00e9n la singularitat de cada projecte. Defensem la transpar\u00e8ncia, la qualitat i l\u2019empatia com a pilars fonamentals, i treballem cada llibre amb la cura i el respecte que mereix. El nostre objectiu \u00e9s que publicar amb nosaltres sigui una experi\u00e8ncia satisfact\u00f2ria, honesta i memorable.<\/p><\/div>\n<\/div>\n<\/div>\n<\/div><\/div>\n\n\n\n<div class=\"wp-block-uagb-container uagb-block-17cc7195 alignfull uagb-is-root-container\"><div class=\"uagb-container-inner-blocks-wrap\">\n<div class=\"wp-block-uagb-info-box uagb-block-ad8305db uagb-infobox__content-wrap  uagb-infobox-icon-above-title uagb-infobox-image-valign-top\"><div class=\"uagb-ifb-content\"><div class=\"uagb-ifb-title-wrap\"><h2 class=\"uagb-ifb-title\"><strong>Vols publicar amb nosaltres?<\/strong><\/h2><\/div><p class=\"uagb-ifb-desc\">Si tens un projecte entre mans i est\u00e0s buscant una editorial que valori la teva veu i t&#8217;ofereixi un acompanyament real, posa&#8217;t en contacte amb nosaltres. Estarem encantats de con\u00e8ixer la teva proposta i ajudar-te a fer-la realitat.<\/p><div class=\"uagb-ifb-button-wrapper wp-block-button\"><a href=\"contactar\" class=\"uagb-infobox-cta-link wp-block-button__link\" target=\"_self\" rel=\"noopener noreferrer\" onclick=\"return true;\"><span class=\"uagb-inline-editing\">Contactar<\/span><\/a><\/div><\/div><\/div>\n<\/div><\/div>\n\n\n\n<p><\/p>\n","protected":false},"excerpt":{"rendered":"<p>A NEWS EDITORIAL, ens apassiona la literatura i volem donar veu als autors que busquen publicar en condicions justes i [&hellip;]<\/p>\n","protected":false},"author":1,"featured_media":0,"parent":0,"menu_order":2,"comment_status":"closed","ping_status":"closed","template":"","meta":{"_uag_custom_page_level_css":"","site-sidebar-layout":"default","site-content-layout":"","ast-site-content-layout":"","site-content-style":"default","site-sidebar-style":"default","ast-global-header-display":"","ast-banner-title-visibility":"","ast-main-header-display":"","ast-hfb-above-header-display":"","ast-hfb-below-header-display":"","ast-hfb-mobile-header-display":"","site-post-title":"disabled","ast-breadcrumbs-content":"","ast-featured-img":"","footer-sml-layout":"","theme-transparent-header-meta":"enabled","adv-header-id-meta":"","stick-header-meta":"","header-above-stick-meta":"","header-main-stick-meta":"","header-below-stick-meta":"","astra-migrate-meta-layouts":"default","ast-page-background-enabled":"default","ast-page-background-meta":{"desktop":{"background-color":"var(--ast-global-color-4)","background-image":"","background-repeat":"repeat","background-position":"center center","background-size":"auto","background-attachment":"scroll","background-type":"","background-media":"","overlay-type":"","overlay-color":"","overlay-opacity":"","overlay-gradient":""},"tablet":{"background-color":"","background-image":"","background-repeat":"repeat","background-position":"center center","background-size":"auto","background-attachment":"scroll","background-type":"","background-media":"","overlay-type":"","overlay-color":"","overlay-opacity":"","overlay-gradient":""},"mobile":{"background-color":"","background-image":"","background-repeat":"repeat","background-position":"center center","background-size":"auto","background-attachment":"scroll","background-type":"","background-media":"","overlay-type":"","overlay-color":"","overlay-opacity":"","overlay-gradient":""}},"ast-content-background-meta":{"desktop":{"background-color":"var(--ast-global-color-5)","background-image":"","background-repeat":"repeat","background-position":"center center","background-size":"auto","background-attachment":"scroll","background-type":"","background-media":"","overlay-type":"","overlay-color":"","overlay-opacity":"","overlay-gradient":""},"tablet":{"background-color":"var(--ast-global-color-5)","background-image":"","background-repeat":"repeat","background-position":"center center","background-size":"auto","background-attachment":"scroll","background-type":"","background-media":"","overlay-type":"","overlay-color":"","overlay-opacity":"","overlay-gradient":""},"mobile":{"background-color":"var(--ast-global-color-5)","background-image":"","background-repeat":"repeat","background-position":"center center","background-size":"auto","background-attachment":"scroll","background-type":"","background-media":"","overlay-type":"","overlay-color":"","overlay-opacity":"","overlay-gradient":""}},"footnotes":""},"class_list":["post-2583","page","type-page","status-publish","hentry"],"yoast_head":"<!-- This site is optimized with the Yoast SEO plugin v24.9 - https:\/\/yoast.com\/wordpress\/plugins\/seo\/ -->\n<title>Empresa -<\/title>\n<meta name=\"robots\" content=\"index, follow, max-snippet:-1, max-image-preview:large, max-video-preview:-1\" \/>\n<link rel=\"canonical\" href=\"https:\/\/newseditorial.es\/ca\/empresa\/\" \/>\n<meta property=\"og:locale\" content=\"ca_ES\" \/>\n<meta property=\"og:type\" content=\"article\" \/>\n<meta property=\"og:title\" content=\"Empresa -\" \/>\n<meta property=\"og:description\" content=\"A NEWS EDITORIAL, ens apassiona la literatura i volem donar veu als autors que busquen publicar en condicions justes i [&hellip;]\" \/>\n<meta property=\"og:url\" content=\"https:\/\/newseditorial.es\/ca\/empresa\/\" \/>\n<meta property=\"article:modified_time\" content=\"2025-04-16T15:22:15+00:00\" \/>\n<meta name=\"twitter:card\" content=\"summary_large_image\" \/>\n<meta name=\"twitter:label1\" content=\"Temps estimat de lectura\" \/>\n\t<meta name=\"twitter:data1\" content=\"2 minuts\" \/>\n<script type=\"application\/ld+json\" class=\"yoast-schema-graph\">{\"@context\":\"https:\/\/schema.org\",\"@graph\":[{\"@type\":\"WebPage\",\"@id\":\"https:\/\/newseditorial.es\/ca\/empresa\/\",\"url\":\"https:\/\/newseditorial.es\/ca\/empresa\/\",\"name\":\"Empresa -\",\"isPartOf\":{\"@id\":\"https:\/\/newseditorial.es\/ca\/#website\"},\"datePublished\":\"2025-04-14T08:45:14+00:00\",\"dateModified\":\"2025-04-16T15:22:15+00:00\",\"breadcrumb\":{\"@id\":\"https:\/\/newseditorial.es\/ca\/empresa\/#breadcrumb\"},\"inLanguage\":\"ca\",\"potentialAction\":[{\"@type\":\"ReadAction\",\"target\":[\"https:\/\/newseditorial.es\/ca\/empresa\/\"]}]},{\"@type\":\"BreadcrumbList\",\"@id\":\"https:\/\/newseditorial.es\/ca\/empresa\/#breadcrumb\",\"itemListElement\":[{\"@type\":\"ListItem\",\"position\":1,\"name\":\"Portada\",\"item\":\"https:\/\/newseditorial.es\/ca\/inici\/\"},{\"@type\":\"ListItem\",\"position\":2,\"name\":\"Empresa\"}]},{\"@type\":\"WebSite\",\"@id\":\"https:\/\/newseditorial.es\/ca\/#website\",\"url\":\"https:\/\/newseditorial.es\/ca\/\",\"name\":\"\",\"description\":\"Editorial de Llibres\",\"potentialAction\":[{\"@type\":\"SearchAction\",\"target\":{\"@type\":\"EntryPoint\",\"urlTemplate\":\"https:\/\/newseditorial.es\/ca\/?s={search_term_string}\"},\"query-input\":{\"@type\":\"PropertyValueSpecification\",\"valueRequired\":true,\"valueName\":\"search_term_string\"}}],\"inLanguage\":\"ca\"}]}<\/script>\n<!-- \/ Yoast SEO plugin. -->","yoast_head_json":{"title":"Empresa -","robots":{"index":"index","follow":"follow","max-snippet":"max-snippet:-1","max-image-preview":"max-image-preview:large","max-video-preview":"max-video-preview:-1"},"canonical":"https:\/\/newseditorial.es\/ca\/empresa\/","og_locale":"ca_ES","og_type":"article","og_title":"Empresa -","og_description":"A NEWS EDITORIAL, ens apassiona la literatura i volem donar veu als autors que busquen publicar en condicions justes i [&hellip;]","og_url":"https:\/\/newseditorial.es\/ca\/empresa\/","article_modified_time":"2025-04-16T15:22:15+00:00","twitter_card":"summary_large_image","twitter_misc":{"Temps estimat de lectura":"2 minuts"},"schema":{"@context":"https:\/\/schema.org","@graph":[{"@type":"WebPage","@id":"https:\/\/newseditorial.es\/ca\/empresa\/","url":"https:\/\/newseditorial.es\/ca\/empresa\/","name":"Empresa -","isPartOf":{"@id":"https:\/\/newseditorial.es\/ca\/#website"},"datePublished":"2025-04-14T08:45:14+00:00","dateModified":"2025-04-16T15:22:15+00:00","breadcrumb":{"@id":"https:\/\/newseditorial.es\/ca\/empresa\/#breadcrumb"},"inLanguage":"ca","potentialAction":[{"@type":"ReadAction","target":["https:\/\/newseditorial.es\/ca\/empresa\/"]}]},{"@type":"BreadcrumbList","@id":"https:\/\/newseditorial.es\/ca\/empresa\/#breadcrumb","itemListElement":[{"@type":"ListItem","position":1,"name":"Portada","item":"https:\/\/newseditorial.es\/ca\/inici\/"},{"@type":"ListItem","position":2,"name":"Empresa"}]},{"@type":"WebSite","@id":"https:\/\/newseditorial.es\/ca\/#website","url":"https:\/\/newseditorial.es\/ca\/","name":"","description":"Editorial de Llibres","potentialAction":[{"@type":"SearchAction","target":{"@type":"EntryPoint","urlTemplate":"https:\/\/newseditorial.es\/ca\/?s={search_term_string}"},"query-input":{"@type":"PropertyValueSpecification","valueRequired":true,"valueName":"search_term_string"}}],"inLanguage":"ca"}]}},"uagb_featured_image_src":{"full":false,"thumbnail":false,"medium":false,"medium_large":false,"large":false,"1536x1536":false,"2048x2048":false,"trp-custom-language-flag":false},"uagb_author_info":{"display_name":"admin","author_link":"https:\/\/newseditorial.es\/ca\/author\/admin\/"},"uagb_comment_info":0,"uagb_excerpt":"A NEWS EDITORIAL, ens apassiona la literatura i volem donar veu als autors que busquen publicar en condicions justes i [&hellip;]","_links":{"self":[{"href":"https:\/\/newseditorial.es\/ca\/wp-json\/wp\/v2\/pages\/2583","targetHints":{"allow":["GET"]}}],"collection":[{"href":"https:\/\/newseditorial.es\/ca\/wp-json\/wp\/v2\/pages"}],"about":[{"href":"https:\/\/newseditorial.es\/ca\/wp-json\/wp\/v2\/types\/page"}],"author":[{"embeddable":true,"href":"https:\/\/newseditorial.es\/ca\/wp-json\/wp\/v2\/users\/1"}],"replies":[{"embeddable":true,"href":"https:\/\/newseditorial.es\/ca\/wp-json\/wp\/v2\/comments?post=2583"}],"version-history":[{"count":26,"href":"https:\/\/newseditorial.es\/ca\/wp-json\/wp\/v2\/pages\/2583\/revisions"}],"predecessor-version":[{"id":2857,"href":"https:\/\/newseditorial.es\/ca\/wp-json\/wp\/v2\/pages\/2583\/revisions\/2857"}],"wp:attachment":[{"href":"https:\/\/newseditorial.es\/ca\/wp-json\/wp\/v2\/media?parent=2583"}],"curies":[{"name":"wp","href":"https:\/\/api.w.org\/{rel}","templated":true}]}}