{"id":2582,"date":"2025-04-14T08:45:13","date_gmt":"2025-04-14T08:45:13","guid":{"rendered":"https:\/\/newseditorial.es\/home\/"},"modified":"2025-11-13T04:19:47","modified_gmt":"2025-11-13T04:19:47","slug":"inici","status":"publish","type":"page","link":"https:\/\/newseditorial.es\/ca\/inici\/","title":{"rendered":"Inici"},"content":{"rendered":"\n<div class=\"wp-block-uagb-container uagb-block-fa303262 alignfull uagb-is-root-container\"><div class=\"uagb-container-inner-blocks-wrap\">\n<div class=\"wp-block-uagb-info-box uagb-block-0bca2e31 uagb-infobox__content-wrap  uagb-infobox-icon-above-title uagb-infobox-image-valign-top\"><div class=\"uagb-ifb-content\"><div class=\"uagb-ifb-title-wrap\"><h1 class=\"uagb-ifb-title\"><br><strong>Hist\u00f2ries que impacten, autors que inspiren<\/strong><\/h1><\/div><p class=\"uagb-ifb-desc\"><br>A <strong>NEWS EDITORIAL<\/strong>, creiem que cada autor mereix molt m\u00e9s que una publicaci\u00f3: mereix una experi\u00e8ncia editorial completa, personalitzada i transformadora. El nostre comprom\u00eds va m\u00e9s enll\u00e0 de posar un llibre al mercat; treballem colze a colze amb cada escriptor per donar forma a la seva visi\u00f3, cuidant cada detall amb la m\u00e0xima dedicaci\u00f3.<\/p><\/div><\/div>\n<\/div><\/div>\n\n\n\n<div data-aos= \"fade-up\" data-aos-duration=\"1550\" data-aos-delay=\"0\" data-aos-easing=\"ease\" data-aos-once=\"true\" class=\"wp-block-uagb-container uagb-block-a4795187 alignfull uagb-is-root-container\"><div class=\"uagb-container-inner-blocks-wrap\"><\/div><a class=\"spectra-container-link-overlay\" rel=\"noopener\" href=\"https:\/\/newseditorial.es\/ca\/llibres\/\"> <\/a><\/div>\n\n\n\n<div class=\"wp-block-uagb-container uagb-block-f0d8dae7 alignfull uagb-is-root-container\"><div class=\"uagb-container-inner-blocks-wrap\">\n<div class=\"wp-block-uagb-container uagb-block-39f2abd6\">\n<div class=\"wp-block-uagb-container uagb-block-86be4c12\">\n<div data-aos= \"fade-up\" data-aos-duration=\"1500\" data-aos-delay=\"0\" data-aos-easing=\"ease\" data-aos-once=\"true\" class=\"wp-block-uagb-advanced-heading uagb-block-ad7a575b\"><h2 class=\"uagb-heading-text\">Som una editorial independent.<br>T\u2019escoltem. <br>T\u2019acompanyem. <br>T\u2019editem.<\/h2><\/div>\n<\/div>\n\n\n\n<p>Nascuda de la passi\u00f3 per la literatura i el respecte per la veu de cada autor. Ens distingim per oferir un servei proper, hum\u00e0 i altament professional a aquells escriptors que volen veure la seva obra publicada amb qualitat, rigor i sensibilitat.<\/p>\n<\/div>\n<\/div><\/div>\n\n\n\n<div class=\"wp-block-uagb-container uagb-block-70f1f417 alignfull uagb-is-root-container\"><div class=\"uagb-container-inner-blocks-wrap\">\n<div class=\"wp-block-uagb-container uagb-block-73a0f5fc\">\n<div class=\"wp-block-uagb-advanced-heading uagb-block-dbd1994b\"><h2 class=\"uagb-heading-text\"><strong>Per qu\u00e8 escollir-nos?<\/strong><\/h2><\/div>\n\n\n\n<div class=\"wp-block-uagb-info-box uagb-block-50ee0b19 uagb-infobox__content-wrap  uagb-infobox-icon-left uagb-infobox-left uagb-infobox-image-valign-top\"><div class=\"uagb-ifb-icon-wrap\"><div class=\"uagb-iconbox-icon-wrap uagb-infobox-shape-circle\"><svg xmlns=\"https:\/\/www.w3.org\/2000\/svg\" viewBox=\"0 0 512 512\"><path d=\"M0 256C0 114.6 114.6 0 256 0C397.4 0 512 114.6 512 256C512 397.4 397.4 512 256 512C114.6 512 0 397.4 0 256zM371.8 211.8C382.7 200.9 382.7 183.1 371.8 172.2C360.9 161.3 343.1 161.3 332.2 172.2L224 280.4L179.8 236.2C168.9 225.3 151.1 225.3 140.2 236.2C129.3 247.1 129.3 264.9 140.2 275.8L204.2 339.8C215.1 350.7 232.9 350.7 243.8 339.8L371.8 211.8z\"><\/path><\/svg><\/div><\/div><div class=\"uagb-ifb-content\"><div class=\"uagb-ifb-title-wrap\"><h3 class=\"uagb-ifb-title\"><strong><strong>Condicions justes i transparents<\/strong><\/strong><\/h3><\/div><p class=\"uagb-ifb-desc\">Creiem que l&#8217;autor ha de tenir un paper central i actiu en la publicaci\u00f3 de la seva obra. Per aix\u00f2, oferim condicions m\u00e9s favorables que les editorials tradicionals, sempre amb contractes clars i sense lletra petita.<\/p><\/div><\/div>\n\n\n\n<div class=\"wp-block-uagb-info-box uagb-block-7e50779b uagb-infobox__content-wrap  uagb-infobox-icon-left uagb-infobox-left uagb-infobox-image-valign-top\"><div class=\"uagb-ifb-icon-wrap\"><div class=\"uagb-iconbox-icon-wrap uagb-infobox-shape-circle\"><svg xmlns=\"https:\/\/www.w3.org\/2000\/svg\" viewBox=\"0 0 512 512\"><path d=\"M0 256C0 114.6 114.6 0 256 0C397.4 0 512 114.6 512 256C512 397.4 397.4 512 256 512C114.6 512 0 397.4 0 256zM371.8 211.8C382.7 200.9 382.7 183.1 371.8 172.2C360.9 161.3 343.1 161.3 332.2 172.2L224 280.4L179.8 236.2C168.9 225.3 151.1 225.3 140.2 236.2C129.3 247.1 129.3 264.9 140.2 275.8L204.2 339.8C215.1 350.7 232.9 350.7 243.8 339.8L371.8 211.8z\"><\/path><\/svg><\/div><\/div><div class=\"uagb-ifb-content\"><div class=\"uagb-ifb-title-wrap\"><h3 class=\"uagb-ifb-title\"><strong>Equip multidisciplinari<\/strong><\/h3><\/div><p class=\"uagb-ifb-desc\">Posem a la teva disposici\u00f3 un equip format per dissenyadors, periodistes, advocats especialitzats en drets d&#8217;autor, traductors, fil\u00f2legs i il\u00b7lustradors. Cadascun aportar\u00e0 el seu coneixement perqu\u00e8 el teu llibre destaqui en forma i contingut.<\/p><\/div><\/div>\n\n\n\n<div class=\"wp-block-uagb-info-box uagb-block-28338afc uagb-infobox__content-wrap  uagb-infobox-icon-left uagb-infobox-left uagb-infobox-image-valign-top\"><div class=\"uagb-ifb-icon-wrap\"><div class=\"uagb-iconbox-icon-wrap uagb-infobox-shape-circle\"><svg xmlns=\"https:\/\/www.w3.org\/2000\/svg\" viewBox=\"0 0 512 512\"><path d=\"M0 256C0 114.6 114.6 0 256 0C397.4 0 512 114.6 512 256C512 397.4 397.4 512 256 512C114.6 512 0 397.4 0 256zM371.8 211.8C382.7 200.9 382.7 183.1 371.8 172.2C360.9 161.3 343.1 161.3 332.2 172.2L224 280.4L179.8 236.2C168.9 225.3 151.1 225.3 140.2 236.2C129.3 247.1 129.3 264.9 140.2 275.8L204.2 339.8C215.1 350.7 232.9 350.7 243.8 339.8L371.8 211.8z\"><\/path><\/svg><\/div><\/div><div class=\"uagb-ifb-content\"><div class=\"uagb-ifb-title-wrap\"><h3 class=\"uagb-ifb-title\"><strong>Edici\u00f3 cuidada<\/strong><\/h3><\/div><p class=\"uagb-ifb-desc\">Ens ocupem de cada pas del proc\u00e9s editorial: correcci\u00f3 ling\u00fc\u00edstica, maquetaci\u00f3 professional, disseny de coberta, creaci\u00f3 de sinopsi atractiva i m\u00e9s.<\/p><\/div><\/div>\n<\/div>\n\n\n\n<div class=\"wp-block-uagb-container uagb-block-baaf0eca\">\n<div class=\"wp-block-uagb-image alignright uagb-block-c8cae68a wp-block-uagb-image--layout-default wp-block-uagb-image--effect-static wp-block-uagb-image--align-right\"><figure class=\"wp-block-uagb-image__figure\"><img decoding=\"async\" srcset=\"https:\/\/newseditorial.es\/wp-content\/uploads\/2025\/04\/ChatGPT-Image-15-abr-2025-16_27_29.png ,https:\/\/newseditorial.es\/wp-content\/uploads\/2025\/04\/ChatGPT-Image-15-abr-2025-16_27_29.png 780w, https:\/\/newseditorial.es\/wp-content\/uploads\/2025\/04\/ChatGPT-Image-15-abr-2025-16_27_29.png 360w\" sizes=\"auto, (max-width: 480px) 150px\" src=\"https:\/\/newseditorial.es\/wp-content\/uploads\/2025\/04\/ChatGPT-Image-15-abr-2025-16_27_29.png\" alt=\"\" class=\"uag-image-2742\" width=\"570\" height=\"480\" title=\"ChatGPT Image 15 abr 2025, 16_27_29\" loading=\"lazy\" role=\"img\"\/><\/figure><\/div>\n<\/div>\n<\/div><\/div>\n\n\n\n<div class=\"wp-block-uagb-container uagb-block-17cc7195 alignfull uagb-is-root-container\"><div class=\"uagb-container-inner-blocks-wrap\">\n<div class=\"wp-block-uagb-info-box uagb-block-844f8cf1 uagb-infobox__content-wrap  uagb-infobox-icon-above-title uagb-infobox-image-valign-top\"><div class=\"uagb-ifb-content\"><div class=\"uagb-ifb-title-wrap\"><h2 class=\"uagb-ifb-title\"><strong>Vols publicar amb nosaltres?<\/strong><\/h2><\/div><p class=\"uagb-ifb-desc\">Si tens un projecte entre mans i est\u00e0s buscant una editorial que valori la teva veu i t&#8217;ofereixi un acompanyament real, posa&#8217;t en contacte amb nosaltres. Estarem encantats de con\u00e8ixer la teva proposta i ajudar-te a fer-la realitat.<\/p><div class=\"uagb-ifb-button-wrapper wp-block-button\"><a href=\"contactar\" class=\"uagb-infobox-cta-link wp-block-button__link\" target=\"_self\" rel=\"noopener noreferrer\" onclick=\"return true;\"><span class=\"uagb-inline-editing\">Contactar<\/span><\/a><\/div><\/div><\/div>\n<\/div><\/div>\n","protected":false},"excerpt":{"rendered":"<p>Som una editorial independent.T\u2019escoltem. T\u2019acompanyem. T\u2019editem. Nascuda de la passi\u00f3 per la literatura i el respecte per la veu de [&hellip;]<\/p>\n","protected":false},"author":1,"featured_media":0,"parent":0,"menu_order":1,"comment_status":"closed","ping_status":"closed","template":"","meta":{"_uag_custom_page_level_css":"","site-sidebar-layout":"default","site-content-layout":"","ast-site-content-layout":"","site-content-style":"default","site-sidebar-style":"default","ast-global-header-display":"","ast-banner-title-visibility":"","ast-main-header-display":"","ast-hfb-above-header-display":"","ast-hfb-below-header-display":"","ast-hfb-mobile-header-display":"","site-post-title":"disabled","ast-breadcrumbs-content":"","ast-featured-img":"","footer-sml-layout":"","theme-transparent-header-meta":"enabled","adv-header-id-meta":"","stick-header-meta":"","header-above-stick-meta":"","header-main-stick-meta":"","header-below-stick-meta":"","astra-migrate-meta-layouts":"default","ast-page-background-enabled":"default","ast-page-background-meta":{"desktop":{"background-color":"var(--ast-global-color-4)","background-image":"","background-repeat":"repeat","background-position":"center center","background-size":"auto","background-attachment":"scroll","background-type":"","background-media":"","overlay-type":"","overlay-color":"","overlay-opacity":"","overlay-gradient":""},"tablet":{"background-color":"","background-image":"","background-repeat":"repeat","background-position":"center center","background-size":"auto","background-attachment":"scroll","background-type":"","background-media":"","overlay-type":"","overlay-color":"","overlay-opacity":"","overlay-gradient":""},"mobile":{"background-color":"","background-image":"","background-repeat":"repeat","background-position":"center center","background-size":"auto","background-attachment":"scroll","background-type":"","background-media":"","overlay-type":"","overlay-color":"","overlay-opacity":"","overlay-gradient":""}},"ast-content-background-meta":{"desktop":{"background-color":"var(--ast-global-color-5)","background-image":"","background-repeat":"repeat","background-position":"center center","background-size":"auto","background-attachment":"scroll","background-type":"","background-media":"","overlay-type":"","overlay-color":"","overlay-opacity":"","overlay-gradient":""},"tablet":{"background-color":"var(--ast-global-color-5)","background-image":"","background-repeat":"repeat","background-position":"center center","background-size":"auto","background-attachment":"scroll","background-type":"","background-media":"","overlay-type":"","overlay-color":"","overlay-opacity":"","overlay-gradient":""},"mobile":{"background-color":"var(--ast-global-color-5)","background-image":"","background-repeat":"repeat","background-position":"center center","background-size":"auto","background-attachment":"scroll","background-type":"","background-media":"","overlay-type":"","overlay-color":"","overlay-opacity":"","overlay-gradient":""}},"footnotes":""},"class_list":["post-2582","page","type-page","status-publish","hentry"],"yoast_head":"<!-- This site is optimized with the Yoast SEO plugin v24.9 - https:\/\/yoast.com\/wordpress\/plugins\/seo\/ -->\n<title>Inici -<\/title>\n<meta name=\"robots\" content=\"index, follow, max-snippet:-1, max-image-preview:large, max-video-preview:-1\" \/>\n<link rel=\"canonical\" href=\"https:\/\/newseditorial.es\/ca\/inici\/\" \/>\n<meta property=\"og:locale\" content=\"ca_ES\" \/>\n<meta property=\"og:type\" content=\"article\" \/>\n<meta property=\"og:title\" content=\"Inici -\" \/>\n<meta property=\"og:description\" content=\"Som una editorial independent.T\u2019escoltem. T\u2019acompanyem. T\u2019editem. Nascuda de la passi\u00f3 per la literatura i el respecte per la veu de [&hellip;]\" \/>\n<meta property=\"og:url\" content=\"https:\/\/newseditorial.es\/ca\/inici\/\" \/>\n<meta property=\"article:modified_time\" content=\"2025-11-13T04:19:47+00:00\" \/>\n<meta property=\"og:image\" content=\"https:\/\/newseditorial.es\/wp-content\/uploads\/2025\/04\/ChatGPT-Image-15-abr-2025-16_27_29.png\" \/>\n<meta name=\"twitter:card\" content=\"summary_large_image\" \/>\n<meta name=\"twitter:label1\" content=\"Temps estimat de lectura\" \/>\n\t<meta name=\"twitter:data1\" content=\"2 minuts\" \/>\n<script type=\"application\/ld+json\" class=\"yoast-schema-graph\">{\"@context\":\"https:\/\/schema.org\",\"@graph\":[{\"@type\":\"WebPage\",\"@id\":\"https:\/\/newseditorial.es\/ca\/inici\/\",\"url\":\"https:\/\/newseditorial.es\/ca\/inici\/\",\"name\":\"Inici -\",\"isPartOf\":{\"@id\":\"https:\/\/newseditorial.es\/ca\/#website\"},\"primaryImageOfPage\":{\"@id\":\"https:\/\/newseditorial.es\/ca\/inici\/#primaryimage\"},\"image\":{\"@id\":\"https:\/\/newseditorial.es\/ca\/inici\/#primaryimage\"},\"thumbnailUrl\":\"https:\/\/newseditorial.es\/wp-content\/uploads\/2025\/04\/ChatGPT-Image-15-abr-2025-16_27_29.png\",\"datePublished\":\"2025-04-14T08:45:13+00:00\",\"dateModified\":\"2025-11-13T04:19:47+00:00\",\"breadcrumb\":{\"@id\":\"https:\/\/newseditorial.es\/ca\/inici\/#breadcrumb\"},\"inLanguage\":\"ca\",\"potentialAction\":[{\"@type\":\"ReadAction\",\"target\":[\"https:\/\/newseditorial.es\/ca\/inici\/\"]}]},{\"@type\":\"ImageObject\",\"inLanguage\":\"ca\",\"@id\":\"https:\/\/newseditorial.es\/ca\/inici\/#primaryimage\",\"url\":\"https:\/\/newseditorial.es\/wp-content\/uploads\/2025\/04\/ChatGPT-Image-15-abr-2025-16_27_29.png\",\"contentUrl\":\"https:\/\/newseditorial.es\/wp-content\/uploads\/2025\/04\/ChatGPT-Image-15-abr-2025-16_27_29.png\"},{\"@type\":\"BreadcrumbList\",\"@id\":\"https:\/\/newseditorial.es\/ca\/inici\/#breadcrumb\",\"itemListElement\":[{\"@type\":\"ListItem\",\"position\":1,\"name\":\"Portada\",\"item\":\"https:\/\/newseditorial.es\/ca\/inici\/\"},{\"@type\":\"ListItem\",\"position\":2,\"name\":\"Portada\"}]},{\"@type\":\"WebSite\",\"@id\":\"https:\/\/newseditorial.es\/ca\/#website\",\"url\":\"https:\/\/newseditorial.es\/ca\/\",\"name\":\"\",\"description\":\"Editorial de Llibres\",\"potentialAction\":[{\"@type\":\"SearchAction\",\"target\":{\"@type\":\"EntryPoint\",\"urlTemplate\":\"https:\/\/newseditorial.es\/ca\/?s={search_term_string}\"},\"query-input\":{\"@type\":\"PropertyValueSpecification\",\"valueRequired\":true,\"valueName\":\"search_term_string\"}}],\"inLanguage\":\"ca\"}]}<\/script>\n<!-- \/ Yoast SEO plugin. -->","yoast_head_json":{"title":"Inici -","robots":{"index":"index","follow":"follow","max-snippet":"max-snippet:-1","max-image-preview":"max-image-preview:large","max-video-preview":"max-video-preview:-1"},"canonical":"https:\/\/newseditorial.es\/ca\/inici\/","og_locale":"ca_ES","og_type":"article","og_title":"Inici -","og_description":"Som una editorial independent.T\u2019escoltem. T\u2019acompanyem. T\u2019editem. Nascuda de la passi\u00f3 per la literatura i el respecte per la veu de [&hellip;]","og_url":"https:\/\/newseditorial.es\/ca\/inici\/","article_modified_time":"2025-11-13T04:19:47+00:00","og_image":[{"url":"https:\/\/newseditorial.es\/wp-content\/uploads\/2025\/04\/ChatGPT-Image-15-abr-2025-16_27_29.png","type":"","width":"","height":""}],"twitter_card":"summary_large_image","twitter_misc":{"Temps estimat de lectura":"2 minuts"},"schema":{"@context":"https:\/\/schema.org","@graph":[{"@type":"WebPage","@id":"https:\/\/newseditorial.es\/ca\/inici\/","url":"https:\/\/newseditorial.es\/ca\/inici\/","name":"Inici -","isPartOf":{"@id":"https:\/\/newseditorial.es\/ca\/#website"},"primaryImageOfPage":{"@id":"https:\/\/newseditorial.es\/ca\/inici\/#primaryimage"},"image":{"@id":"https:\/\/newseditorial.es\/ca\/inici\/#primaryimage"},"thumbnailUrl":"https:\/\/newseditorial.es\/wp-content\/uploads\/2025\/04\/ChatGPT-Image-15-abr-2025-16_27_29.png","datePublished":"2025-04-14T08:45:13+00:00","dateModified":"2025-11-13T04:19:47+00:00","breadcrumb":{"@id":"https:\/\/newseditorial.es\/ca\/inici\/#breadcrumb"},"inLanguage":"ca","potentialAction":[{"@type":"ReadAction","target":["https:\/\/newseditorial.es\/ca\/inici\/"]}]},{"@type":"ImageObject","inLanguage":"ca","@id":"https:\/\/newseditorial.es\/ca\/inici\/#primaryimage","url":"https:\/\/newseditorial.es\/wp-content\/uploads\/2025\/04\/ChatGPT-Image-15-abr-2025-16_27_29.png","contentUrl":"https:\/\/newseditorial.es\/wp-content\/uploads\/2025\/04\/ChatGPT-Image-15-abr-2025-16_27_29.png"},{"@type":"BreadcrumbList","@id":"https:\/\/newseditorial.es\/ca\/inici\/#breadcrumb","itemListElement":[{"@type":"ListItem","position":1,"name":"Portada","item":"https:\/\/newseditorial.es\/ca\/inici\/"},{"@type":"ListItem","position":2,"name":"Portada"}]},{"@type":"WebSite","@id":"https:\/\/newseditorial.es\/ca\/#website","url":"https:\/\/newseditorial.es\/ca\/","name":"","description":"Editorial de Llibres","potentialAction":[{"@type":"SearchAction","target":{"@type":"EntryPoint","urlTemplate":"https:\/\/newseditorial.es\/ca\/?s={search_term_string}"},"query-input":{"@type":"PropertyValueSpecification","valueRequired":true,"valueName":"search_term_string"}}],"inLanguage":"ca"}]}},"uagb_featured_image_src":{"full":false,"thumbnail":false,"medium":false,"medium_large":false,"large":false,"1536x1536":false,"2048x2048":false,"trp-custom-language-flag":false},"uagb_author_info":{"display_name":"admin","author_link":"https:\/\/newseditorial.es\/ca\/author\/admin\/"},"uagb_comment_info":0,"uagb_excerpt":"Som una editorial independent.T\u2019escoltem. T\u2019acompanyem. T\u2019editem. Nascuda de la passi\u00f3 per la literatura i el respecte per la veu de [&hellip;]","_links":{"self":[{"href":"https:\/\/newseditorial.es\/ca\/wp-json\/wp\/v2\/pages\/2582","targetHints":{"allow":["GET"]}}],"collection":[{"href":"https:\/\/newseditorial.es\/ca\/wp-json\/wp\/v2\/pages"}],"about":[{"href":"https:\/\/newseditorial.es\/ca\/wp-json\/wp\/v2\/types\/page"}],"author":[{"embeddable":true,"href":"https:\/\/newseditorial.es\/ca\/wp-json\/wp\/v2\/users\/1"}],"replies":[{"embeddable":true,"href":"https:\/\/newseditorial.es\/ca\/wp-json\/wp\/v2\/comments?post=2582"}],"version-history":[{"count":28,"href":"https:\/\/newseditorial.es\/ca\/wp-json\/wp\/v2\/pages\/2582\/revisions"}],"predecessor-version":[{"id":3023,"href":"https:\/\/newseditorial.es\/ca\/wp-json\/wp\/v2\/pages\/2582\/revisions\/3023"}],"wp:attachment":[{"href":"https:\/\/newseditorial.es\/ca\/wp-json\/wp\/v2\/media?parent=2582"}],"curies":[{"name":"wp","href":"https:\/\/api.w.org\/{rel}","templated":true}]}}